{"id":258069,"date":"2021-04-21T14:39:17","date_gmt":"2021-04-21T12:39:17","guid":{"rendered":"https:\/\/velovitamine.fr\/clone\/?page_id=258069"},"modified":"2025-04-10T00:53:21","modified_gmt":"2025-04-09T22:53:21","slug":"animations-bmx","status":"publish","type":"page","link":"https:\/\/velovitamine.fr\/pt\/activites-2\/animations-bmx\/","title":{"rendered":"Animations BMX"},"content":{"rendered":"<p class=\"qtranxs-available-languages-message qtranxs-available-languages-message-pt\">Lamentamos, este artigo est\u00e1 dispon\u00edvel apenas em <a href=\"https:\/\/velovitamine.fr\/fr\/wp-json\/wp\/v2\/pages\/258069\" class=\"qtranxs-available-language-link qtranxs-available-language-link-fr\" title=\"FR\">FR<\/a> and <a href=\"https:\/\/velovitamine.fr\/en\/wp-json\/wp\/v2\/pages\/258069\" class=\"qtranxs-available-language-link qtranxs-available-language-link-en\" title=\"EN\">EN<\/a>. Por uma quest\u00e3o de conveni\u00eancia para o utilizador, o conte\u00fado \u00e9 mostrado abaixo no idioma por omiss\u00e3o para este site. Pode clicar numa das liga\u00e7\u00f5es para mudar o site para outro idioma dispon\u00edvel.<\/p><h2 class=\"wp-block-heading\">Animations BMX<\/h2>\r\n\r\n<div class=\"responsive-tabs\">\n<h2 class=\"tabtitle\">En r\u00e9sum\u00e9<\/h2>\n<div class=\"tabcontent\">\n\r\n<h2 style=\"text-align: center;\"><span style=\"color: #538ab0;\"><strong>BMX sur piste modulable et mobile<\/strong><\/span><\/h2>\r\n<h3 style=\"text-align: center;\"><strong>Un \u00c9V\u00c9NEMENT dans votre \u00e9tablissement ? Envie de cr\u00e9er de l\u2019attractivit\u00e9 ?<\/strong><br \/><strong> Faites sensation avec la piste BMX !<\/strong><\/h3>\r\n<p style=\"text-align: justify;\">Le <strong>B.M.X. <\/strong>est le \u00ab must have \u00bb de l\u2019adr\u00e9naline en circuit court. Avec des modules, une piste est recr\u00e9\u00e9e pour parfaire toutes les envies : table, bosses simples, doubles, woops&#8230; Vous apprendrez les premi\u00e8res techniques (cabrer, enr\u00f4ler\u2026) en toute s\u00e9curit\u00e9 afin que chaque bosse vous r\u00e9gale !<\/p>\r\n<p><a href=\"http:\/\/velovitamine.fr\/wp-content\/uploads\/2017\/01\/bmx-\u00e9poisses-4.jpg\" rel=\"attachment wp-att-1782\"><img decoding=\"async\" class=\"alignnone wp-image-1782\" src=\"http:\/\/velovitamine.fr\/wp-content\/uploads\/2017\/01\/bmx-\u00e9poisses-4-300x200.jpg\" alt=\"bmx-\u00e9poisses-(4)\" width=\"249\" height=\"166\" srcset=\"https:\/\/velovitamine.fr\/wp-content\/uploads\/2017\/01\/bmx-\u00e9poisses-4-300x200.jpg 300w, https:\/\/velovitamine.fr\/wp-content\/uploads\/2017\/01\/bmx-\u00e9poisses-4-768x511.jpg 768w, https:\/\/velovitamine.fr\/wp-content\/uploads\/2017\/01\/bmx-\u00e9poisses-4-1024x682.jpg 1024w\" sizes=\"(max-width: 249px) 100vw, 249px\" \/><\/a><\/p>\r\n<h3><span style=\"color: #538ab0;\"><strong>D\u00e9couverte sportive, initiation<\/strong><\/span><\/h3>\r\n<p>R\u00e9el apprentissage des techniques de base : pilotage, trajectoires, position, challenge chrono\u2026 La piste est mise en place et modul\u00e9e tout au cours de la s\u00e9ance afin d&#8217;enrichir les diff\u00e9rents passages.<br \/>Une d\u00e9couverte de ce sport amusante, adapt\u00e9e \u00e0 tout \u00e2ge et \u00e0 tout niveau.<\/p>\r\n<p><a href=\"http:\/\/velovitamine.fr\/wp-content\/uploads\/2017\/01\/bmx-piste-mobile-marsannay-17.jpg\" rel=\"attachment wp-att-1801\"><img decoding=\"async\" class=\"alignnone wp-image-1801\" src=\"http:\/\/velovitamine.fr\/wp-content\/uploads\/2017\/01\/bmx-piste-mobile-marsannay-17-300x200.jpg\" alt=\"bmx-piste-mobile-marsannay-(17)\" width=\"249\" height=\"166\" srcset=\"https:\/\/velovitamine.fr\/wp-content\/uploads\/2017\/01\/bmx-piste-mobile-marsannay-17-300x200.jpg 300w, https:\/\/velovitamine.fr\/wp-content\/uploads\/2017\/01\/bmx-piste-mobile-marsannay-17-768x511.jpg 768w, https:\/\/velovitamine.fr\/wp-content\/uploads\/2017\/01\/bmx-piste-mobile-marsannay-17-1024x682.jpg 1024w\" sizes=\"(max-width: 249px) 100vw, 249px\" \/><\/a><\/p>\r\n<h3><span style=\"color: #538ab0;\"><strong>Attraction, animation \u00e9v\u00e9nementielle<\/strong><\/span><\/h3>\r\n<p>Un am\u00e9nagement sp\u00e9cifique adapt\u00e9 \u00e0 tous les publics pour un acc\u00e8s libre avec un accueil sous barnum. Une activit\u00e9 ludique qui g\u00e9n\u00e8re un large public jeune (filles\/gar\u00e7ons) et adultes. Attractivit\u00e9 assur\u00e9e !<br \/>Cette animation peut accueillir jusqu&#8217;\u00e0 + de 150 participants sur la journ\u00e9e et se produit aussi en nocturne.<\/p>\r\n<p><a href=\"http:\/\/velovitamine.fr\/wp-content\/uploads\/2017\/01\/BMX-sur-piste-mobile-30.jpg\" rel=\"attachment wp-att-1868\"><img decoding=\"async\" class=\"alignnone wp-image-1868\" src=\"http:\/\/velovitamine.fr\/wp-content\/uploads\/2017\/01\/BMX-sur-piste-mobile-30-300x169.jpg\" alt=\"BMX-sur-piste-mobile-(30)\" width=\"249\" height=\"140\" srcset=\"https:\/\/velovitamine.fr\/wp-content\/uploads\/2017\/01\/BMX-sur-piste-mobile-30-300x169.jpg 300w, https:\/\/velovitamine.fr\/wp-content\/uploads\/2017\/01\/BMX-sur-piste-mobile-30-768x432.jpg 768w, https:\/\/velovitamine.fr\/wp-content\/uploads\/2017\/01\/BMX-sur-piste-mobile-30-1024x575.jpg 1024w\" sizes=\"(max-width: 249px) 100vw, 249px\" \/><\/a><\/p>\r\n<h3><span style=\"color: #538ab0;\"><strong>Anniversaire<\/strong><\/span><\/h3>\r\n<p>Pour un anniversaire hors du commun ! V\u00e9lovitamine vient animer une 1\/2 journ\u00e9e amusante et loisir autour du BMX. Convivialit\u00e9 assur\u00e9e !\u00a0 Une activit\u00e9 ludique \u00e0 la port\u00e9e de chaque enfant. \u00c0 partir de 8 ans.<\/p>\r\n<h3 style=\"text-align: center;\"><strong>V\u00e9lovitamine se d\u00e9place et installe ce nouvel \u00e9quipement pour une journ\u00e9e rebondissante !<br \/><\/strong><\/h3>\r\n\n<\/div><h2 class=\"tabtitle\">Infos pratiques<\/h2>\n<div class=\"tabcontent\">\n\r\n<p><span style=\"color: #538ab0;\"><strong>Public :<\/strong><\/span><br \/>&#8211; Enfants d\u00e8s 7 ans (+ de 135 cm)<br \/>&#8211; Adolescents<br \/>&#8211; Adultes<\/p>\r\n<p><span style=\"color: #538ab0;\"><strong>\u00c9quipement fourni :<\/strong><\/span><br \/>&#8211; Piste d\u00e9montable (modules pro interchangeables)<br \/>&#8211; V\u00e9los BMX<br \/>&#8211; Casques int\u00e9graux<\/p>\r\n<p><span style=\"color: #538ab0;\"><strong>Encadrement :<\/strong><\/span> moniteur dipl\u00f4m\u00e9 BMX ou sans en acc\u00e8s libre.<\/p>\r\n<p><span style=\"color: #538ab0;\"><strong>Lieux d\u2019intervention :<\/strong><\/span>\u00a0 V\u00e9lovitamine se d\u00e9place avec sa piste transportable et modulable \u00e0 volont\u00e9. Emplacement obligatoire : type grande cour, parking, grande halle, esplanade.<\/p>\r\n<p><strong><span style=\"color: #538ab0;\">Attraction, animation \u00e9v\u00e8nementielle :<\/span><br \/><\/strong>Jusqu&#8217;\u00e0 <em>300 participants<\/em> : rotation des participants toutes les 10 minutes.<br \/>Am\u00e9nagement sp\u00e9cifique adapt\u00e9 \u00e0 tous les publics pour un acc\u00e8s libre. Accueil sous barnum.<br \/>Sur la journ\u00e9e ou en nocturne selon les possibilit\u00e9s d&#8217;\u00e9clairage.<\/p>\r\n<p><strong><span style=\"color: #538ab0;\">D\u00e9couverte sportive, initiation :<\/span><br \/><\/strong>&#8211; 10 participants (2h30 ou 2x 2h) : r\u00e9el apprentissage des techniques de base (pilotage, technique, position, chrono\u2026) ;<br \/>&#8211; 20 participants, 2 groupes de 10 (2 x 2h) : sur cette tranche horaire les participants profitent au mieux des conseils \u00e0 mettre en application (technique, challenge chronom\u00e9tr\u00e9\u2026) ;<\/p>\r\n<p><strong><span style=\"color: #538ab0;\">Anniversaire ludique :<\/span><br \/><\/strong>Maximum 10 participants ou plus en altern\u00e9 (dur\u00e9e 2h) : apprentissage des techniques de base puis nombreux jeux pour finir sur un challenge chronom\u00e9tr\u00e9.<\/p>\r\n<p><span style=\"color: #538ab0;\"><strong>Nos flyers :<\/strong><\/span><\/p>\r\n<p><a href=\"http:\/\/velovitamine.fr\/wp-content\/uploads\/2017\/03\/Flyer-bmx-2017-velovitamine-1.jpg\" target=\"_blank\" rel=\"attachment noopener wp-att-2112\"><img loading=\"lazy\" decoding=\"async\" class=\"alignnone size-medium wp-image-2112\" src=\"http:\/\/velovitamine.fr\/wp-content\/uploads\/2017\/03\/Flyer-bmx-2017-velovitamine-1-144x300.jpg\" alt=\"Flyer-bmx-2017-velovitamine-1\" width=\"144\" height=\"300\" srcset=\"https:\/\/velovitamine.fr\/wp-content\/uploads\/2017\/03\/Flyer-bmx-2017-velovitamine-1-144x300.jpg 144w, https:\/\/velovitamine.fr\/wp-content\/uploads\/2017\/03\/Flyer-bmx-2017-velovitamine-1-768x1596.jpg 768w, https:\/\/velovitamine.fr\/wp-content\/uploads\/2017\/03\/Flyer-bmx-2017-velovitamine-1-493x1024.jpg 493w, https:\/\/velovitamine.fr\/wp-content\/uploads\/2017\/03\/Flyer-bmx-2017-velovitamine-1.jpg 1205w\" sizes=\"(max-width: 144px) 100vw, 144px\" \/><\/a> <a href=\"http:\/\/velovitamine.fr\/wp-content\/uploads\/2017\/03\/Flyer-bmx-2017-velovitamine-2.jpg\" rel=\"attachment wp-att-2114\"><img loading=\"lazy\" decoding=\"async\" class=\"alignnone size-medium wp-image-2114\" src=\"http:\/\/velovitamine.fr\/wp-content\/uploads\/2017\/03\/Flyer-bmx-2017-velovitamine-2-144x300.jpg\" alt=\"Flyer-bmx-2017-velovitamine-2\" width=\"144\" height=\"300\" srcset=\"https:\/\/velovitamine.fr\/wp-content\/uploads\/2017\/03\/Flyer-bmx-2017-velovitamine-2-144x300.jpg 144w, https:\/\/velovitamine.fr\/wp-content\/uploads\/2017\/03\/Flyer-bmx-2017-velovitamine-2-768x1596.jpg 768w, https:\/\/velovitamine.fr\/wp-content\/uploads\/2017\/03\/Flyer-bmx-2017-velovitamine-2-493x1024.jpg 493w, https:\/\/velovitamine.fr\/wp-content\/uploads\/2017\/03\/Flyer-bmx-2017-velovitamine-2.jpg 1205w\" sizes=\"(max-width: 144px) 100vw, 144px\" \/><\/a>\u00a0<\/p>\r\n\n<\/div><h2 class=\"tabtitle\">Tarifs<\/h2>\n<div class=\"tabcontent\">\n\r\n<h3 style=\"text-align: center;\"><strong><span style=\"color: #538ab0;\">Tarifs tout inclut :<\/span><br \/><span style=\"color: #808080;\">piste, v\u00e9los BMX, casques et encadrement<\/span><br \/><\/strong><\/h3>\r\n\r\n<figure class=\"wp-block-table\">\r\n<table style=\"height: 178px;\" width=\"810\">\r\n<tbody>\r\n<tr>\r\n<td><strong><span style=\"text-decoration: underline;\">Th\u00e8mes<\/span><\/strong><\/td>\r\n<td><strong><strong>En 1\/2 journ\u00e9e (2h)<\/strong><\/strong><\/td>\r\n<td><strong>En journ\u00e9e (2 x 2h)<\/strong><\/td>\r\n<\/tr>\r\n<tr>\r\n<td><strong>Initiation sportive, Anniversaire :<\/strong><\/td>\r\n<td>350 \u20ac<\/td>\r\n<td>500 \u20ac<\/td>\r\n<\/tr>\r\n<tr>\r\n<td>\u00a0<\/td>\r\n<td>\u00a0<\/td>\r\n<td>\u00a0<\/td>\r\n<\/tr>\r\n<tr>\r\n<td><strong>Animation \u00e9v\u00e8nementielle :<\/strong><\/td>\r\n<td>\u00e0 partir de 450 \u20ac<\/td>\r\n<td>\u00e0 partir de 800 \u20ac<\/td>\r\n<\/tr>\r\n<\/tbody>\r\n<\/table>\r\n<\/figure>\r\n\r\n\r\n\r\n<p><br \/><strong>Remise : <\/strong>\u00e0 partir de 2 jours cons\u00e9cutifs.<\/p>\r\n\r\n<\/div><\/div>\r\n<p>&nbsp;<\/p>","protected":false},"excerpt":{"rendered":"<p>Lamentamos, este artigo est\u00e1 dispon\u00edvel apenas em FR and EN. Por uma quest\u00e3o de conveni\u00eancia para o utilizador, o conte\u00fado \u00e9 mostrado abaixo no idioma por omiss\u00e3o para este site. [&hellip;]<\/p>\n","protected":false},"author":2,"featured_media":0,"parent":257875,"menu_order":0,"comment_status":"closed","ping_status":"closed","template":"","meta":{"_monsterinsights_skip_tracking":false,"_monsterinsights_sitenote_active":false,"_monsterinsights_sitenote_note":"","_monsterinsights_sitenote_category":0,"site-sidebar-layout":"default","site-content-layout":"default","ast-site-content-layout":"default","site-content-style":"default","site-sidebar-style":"default","ast-global-header-display":"","ast-banner-title-visibility":"","ast-main-header-display":"","ast-hfb-above-header-display":"","ast-hfb-below-header-display":"","ast-hfb-mobile-header-display":"","site-post-title":"","ast-breadcrumbs-content":"","ast-featured-img":"","footer-sml-layout":"","ast-disable-related-posts":"","theme-transparent-header-meta":"default","adv-header-id-meta":"","stick-header-meta":"","header-above-stick-meta":"","header-main-stick-meta":"","header-below-stick-meta":"","astra-migrate-meta-layouts":"set","ast-page-background-enabled":"default","ast-page-background-meta":{"desktop":{"background-color":"","background-image":"","background-repeat":"repeat","background-position":"center center","background-size":"auto","background-attachment":"scroll","background-type":"","background-media":"","overlay-type":"","overlay-color":"","overlay-opacity":"","overlay-gradient":""},"tablet":{"background-color":"","background-image":"","background-repeat":"repeat","background-position":"center center","background-size":"auto","background-attachment":"scroll","background-type":"","background-media":"","overlay-type":"","overlay-color":"","overlay-opacity":"","overlay-gradient":""},"mobile":{"background-color":"","background-image":"","background-repeat":"repeat","background-position":"center center","background-size":"auto","background-attachment":"scroll","background-type":"","background-media":"","overlay-type":"","overlay-color":"","overlay-opacity":"","overlay-gradient":""}},"ast-content-background-meta":{"desktop":{"background-color":"var(--ast-global-color-5)","background-image":"","background-repeat":"repeat","background-position":"center center","background-size":"auto","background-attachment":"scroll","background-type":"","background-media":"","overlay-type":"","overlay-color":"","overlay-opacity":"","overlay-gradient":""},"tablet":{"background-color":"var(--ast-global-color-5)","background-image":"","background-repeat":"repeat","background-position":"center center","background-size":"auto","background-attachment":"scroll","background-type":"","background-media":"","overlay-type":"","overlay-color":"","overlay-opacity":"","overlay-gradient":""},"mobile":{"background-color":"var(--ast-global-color-5)","background-image":"","background-repeat":"repeat","background-position":"center center","background-size":"auto","background-attachment":"scroll","background-type":"","background-media":"","overlay-type":"","overlay-color":"","overlay-opacity":"","overlay-gradient":""}},"footnotes":""},"class_list":["post-258069","page","type-page","status-publish","hentry"],"yoast_head":"<!-- This site is optimized with the Yoast SEO plugin v27.2 - https:\/\/yoast.com\/product\/yoast-seo-wordpress\/ -->\n<title>BMX animation, \u00e9venement, attraction- Velovitamine.fr<\/title>\n<meta name=\"description\" content=\"D\u00e9couverte du BMX sur piste modulable avec encadrant ou libre acc\u00e8s. Intervention pour manifestation, animation publique ou priv\u00e9e, enfants, ado, adulte. Sensations assur\u00e9es !!\" \/>\n<meta name=\"robots\" content=\"index, follow, max-snippet:-1, max-image-preview:large, max-video-preview:-1\" \/>\n<link rel=\"canonical\" href=\"https:\/\/velovitamine.fr\/activites-2\/animations-bmx\/\" \/>\n<meta property=\"og:locale\" content=\"pt_PT\" \/>\n<meta property=\"og:type\" content=\"article\" \/>\n<meta property=\"og:title\" content=\"BMX animation, \u00e9venement, attraction- Velovitamine.fr\" \/>\n<meta property=\"og:description\" content=\"D\u00e9couverte du BMX sur piste modulable avec encadrant ou libre acc\u00e8s. Intervention pour manifestation, animation publique ou priv\u00e9e, enfants, ado, adulte. Sensations assur\u00e9es !!\" \/>\n<meta property=\"og:url\" content=\"https:\/\/velovitamine.fr\/activites-2\/animations-bmx\/\" \/>\n<meta property=\"og:site_name\" content=\"Velovitamine.fr\" \/>\n<meta property=\"article:modified_time\" content=\"2025-04-09T22:53:21+00:00\" \/>\n<meta property=\"og:image\" content=\"http:\/\/velovitamine.fr\/wp-content\/uploads\/2017\/01\/bmx-piste-mobile-marsannay-17-300x200.jpg\" \/>\n<meta name=\"twitter:card\" content=\"summary_large_image\" \/>\n<meta name=\"twitter:label1\" content=\"Tempo estimado de leitura\" \/>\n\t<meta name=\"twitter:data1\" content=\"7 minutos\" \/>\n<script type=\"application\/ld+json\" class=\"yoast-schema-graph\">{\"@context\":\"https:\/\/schema.org\",\"@graph\":[{\"@type\":\"WebPage\",\"@id\":\"https:\/\/velovitamine.fr\/activites-2\/animations-bmx\/\",\"url\":\"https:\/\/velovitamine.fr\/activites-2\/animations-bmx\/\",\"name\":\"BMX animation, \u00e9venement, attraction- Velovitamine.fr\",\"isPartOf\":{\"@id\":\"https:\/\/velovitamine.fr\/#website\"},\"primaryImageOfPage\":{\"@id\":\"https:\/\/velovitamine.fr\/activites-2\/animations-bmx\/#primaryimage\"},\"image\":{\"@id\":\"https:\/\/velovitamine.fr\/activites-2\/animations-bmx\/#primaryimage\"},\"thumbnailUrl\":\"http:\/\/velovitamine.fr\/wp-content\/uploads\/2017\/01\/bmx-piste-mobile-marsannay-17-300x200.jpg\",\"datePublished\":\"2021-04-21T12:39:17+00:00\",\"dateModified\":\"2025-04-09T22:53:21+00:00\",\"description\":\"D\u00e9couverte du BMX sur piste modulable avec encadrant ou libre acc\u00e8s. Intervention pour manifestation, animation publique ou priv\u00e9e, enfants, ado, adulte. Sensations assur\u00e9es !!\",\"breadcrumb\":{\"@id\":\"https:\/\/velovitamine.fr\/activites-2\/animations-bmx\/#breadcrumb\"},\"inLanguage\":\"pt-PT\",\"potentialAction\":[{\"@type\":\"ReadAction\",\"target\":[\"https:\/\/velovitamine.fr\/activites-2\/animations-bmx\/\"]}]},{\"@type\":\"ImageObject\",\"inLanguage\":\"pt-PT\",\"@id\":\"https:\/\/velovitamine.fr\/activites-2\/animations-bmx\/#primaryimage\",\"url\":\"http:\/\/velovitamine.fr\/wp-content\/uploads\/2017\/01\/bmx-piste-mobile-marsannay-17-300x200.jpg\",\"contentUrl\":\"http:\/\/velovitamine.fr\/wp-content\/uploads\/2017\/01\/bmx-piste-mobile-marsannay-17-300x200.jpg\"},{\"@type\":\"BreadcrumbList\",\"@id\":\"https:\/\/velovitamine.fr\/activites-2\/animations-bmx\/#breadcrumb\",\"itemListElement\":[{\"@type\":\"ListItem\",\"position\":1,\"name\":\"Accueil\",\"item\":\"https:\/\/velovitamine.fr\/\"},{\"@type\":\"ListItem\",\"position\":2,\"name\":\"Activit\u00e9s\",\"item\":\"https:\/\/velovitamine.fr\/activites-2\/\"},{\"@type\":\"ListItem\",\"position\":3,\"name\":\"Animations BMX\"}]},{\"@type\":\"WebSite\",\"@id\":\"https:\/\/velovitamine.fr\/#website\",\"url\":\"https:\/\/velovitamine.fr\/\",\"name\":\"Velovitamine.fr\",\"description\":\"(FR) Un site qui roule...\",\"publisher\":{\"@id\":\"https:\/\/velovitamine.fr\/#organization\"},\"potentialAction\":[{\"@type\":\"SearchAction\",\"target\":{\"@type\":\"EntryPoint\",\"urlTemplate\":\"https:\/\/velovitamine.fr\/?s={search_term_string}\"},\"query-input\":{\"@type\":\"PropertyValueSpecification\",\"valueRequired\":true,\"valueName\":\"search_term_string\"}}],\"inLanguage\":\"pt-PT\"},{\"@type\":\"Organization\",\"@id\":\"https:\/\/velovitamine.fr\/#organization\",\"name\":\"Velovitamine\",\"url\":\"https:\/\/velovitamine.fr\/\",\"logo\":{\"@type\":\"ImageObject\",\"inLanguage\":\"pt-PT\",\"@id\":\"https:\/\/velovitamine.fr\/#\/schema\/logo\/image\/\",\"url\":\"https:\/\/velovitamine.fr\/wp-content\/uploads\/2014\/10\/cropped-logo1-e1444671967804.jpg\",\"contentUrl\":\"https:\/\/velovitamine.fr\/wp-content\/uploads\/2014\/10\/cropped-logo1-e1444671967804.jpg\",\"width\":512,\"height\":512,\"caption\":\"Velovitamine\"},\"image\":{\"@id\":\"https:\/\/velovitamine.fr\/#\/schema\/logo\/image\/\"}}]}<\/script>\n<!-- \/ Yoast SEO plugin. -->","yoast_head_json":{"title":"BMX animation, \u00e9venement, attraction- Velovitamine.fr","description":"D\u00e9couverte du BMX sur piste modulable avec encadrant ou libre acc\u00e8s. Intervention pour manifestation, animation publique ou priv\u00e9e, enfants, ado, adulte. Sensations assur\u00e9es !!","robots":{"index":"index","follow":"follow","max-snippet":"max-snippet:-1","max-image-preview":"max-image-preview:large","max-video-preview":"max-video-preview:-1"},"canonical":"https:\/\/velovitamine.fr\/activites-2\/animations-bmx\/","og_locale":"pt_PT","og_type":"article","og_title":"BMX animation, \u00e9venement, attraction- Velovitamine.fr","og_description":"D\u00e9couverte du BMX sur piste modulable avec encadrant ou libre acc\u00e8s. Intervention pour manifestation, animation publique ou priv\u00e9e, enfants, ado, adulte. Sensations assur\u00e9es !!","og_url":"https:\/\/velovitamine.fr\/activites-2\/animations-bmx\/","og_site_name":"Velovitamine.fr","article_modified_time":"2025-04-09T22:53:21+00:00","og_image":[{"url":"http:\/\/velovitamine.fr\/wp-content\/uploads\/2017\/01\/bmx-piste-mobile-marsannay-17-300x200.jpg","type":"","width":"","height":""}],"twitter_card":"summary_large_image","twitter_misc":{"Tempo estimado de leitura":"7 minutos"},"schema":{"@context":"https:\/\/schema.org","@graph":[{"@type":"WebPage","@id":"https:\/\/velovitamine.fr\/activites-2\/animations-bmx\/","url":"https:\/\/velovitamine.fr\/activites-2\/animations-bmx\/","name":"BMX animation, \u00e9venement, attraction- Velovitamine.fr","isPartOf":{"@id":"https:\/\/velovitamine.fr\/#website"},"primaryImageOfPage":{"@id":"https:\/\/velovitamine.fr\/activites-2\/animations-bmx\/#primaryimage"},"image":{"@id":"https:\/\/velovitamine.fr\/activites-2\/animations-bmx\/#primaryimage"},"thumbnailUrl":"http:\/\/velovitamine.fr\/wp-content\/uploads\/2017\/01\/bmx-piste-mobile-marsannay-17-300x200.jpg","datePublished":"2021-04-21T12:39:17+00:00","dateModified":"2025-04-09T22:53:21+00:00","description":"D\u00e9couverte du BMX sur piste modulable avec encadrant ou libre acc\u00e8s. Intervention pour manifestation, animation publique ou priv\u00e9e, enfants, ado, adulte. Sensations assur\u00e9es !!","breadcrumb":{"@id":"https:\/\/velovitamine.fr\/activites-2\/animations-bmx\/#breadcrumb"},"inLanguage":"pt-PT","potentialAction":[{"@type":"ReadAction","target":["https:\/\/velovitamine.fr\/activites-2\/animations-bmx\/"]}]},{"@type":"ImageObject","inLanguage":"pt-PT","@id":"https:\/\/velovitamine.fr\/activites-2\/animations-bmx\/#primaryimage","url":"http:\/\/velovitamine.fr\/wp-content\/uploads\/2017\/01\/bmx-piste-mobile-marsannay-17-300x200.jpg","contentUrl":"http:\/\/velovitamine.fr\/wp-content\/uploads\/2017\/01\/bmx-piste-mobile-marsannay-17-300x200.jpg"},{"@type":"BreadcrumbList","@id":"https:\/\/velovitamine.fr\/activites-2\/animations-bmx\/#breadcrumb","itemListElement":[{"@type":"ListItem","position":1,"name":"Accueil","item":"https:\/\/velovitamine.fr\/"},{"@type":"ListItem","position":2,"name":"Activit\u00e9s","item":"https:\/\/velovitamine.fr\/activites-2\/"},{"@type":"ListItem","position":3,"name":"Animations BMX"}]},{"@type":"WebSite","@id":"https:\/\/velovitamine.fr\/#website","url":"https:\/\/velovitamine.fr\/","name":"Velovitamine.fr","description":"(FR) Un site qui roule...","publisher":{"@id":"https:\/\/velovitamine.fr\/#organization"},"potentialAction":[{"@type":"SearchAction","target":{"@type":"EntryPoint","urlTemplate":"https:\/\/velovitamine.fr\/?s={search_term_string}"},"query-input":{"@type":"PropertyValueSpecification","valueRequired":true,"valueName":"search_term_string"}}],"inLanguage":"pt-PT"},{"@type":"Organization","@id":"https:\/\/velovitamine.fr\/#organization","name":"Velovitamine","url":"https:\/\/velovitamine.fr\/","logo":{"@type":"ImageObject","inLanguage":"pt-PT","@id":"https:\/\/velovitamine.fr\/#\/schema\/logo\/image\/","url":"https:\/\/velovitamine.fr\/wp-content\/uploads\/2014\/10\/cropped-logo1-e1444671967804.jpg","contentUrl":"https:\/\/velovitamine.fr\/wp-content\/uploads\/2014\/10\/cropped-logo1-e1444671967804.jpg","width":512,"height":512,"caption":"Velovitamine"},"image":{"@id":"https:\/\/velovitamine.fr\/#\/schema\/logo\/image\/"}}]}},"_links":{"self":[{"href":"https:\/\/velovitamine.fr\/pt\/wp-json\/wp\/v2\/pages\/258069","targetHints":{"allow":["GET"]}}],"collection":[{"href":"https:\/\/velovitamine.fr\/pt\/wp-json\/wp\/v2\/pages"}],"about":[{"href":"https:\/\/velovitamine.fr\/pt\/wp-json\/wp\/v2\/types\/page"}],"author":[{"embeddable":true,"href":"https:\/\/velovitamine.fr\/pt\/wp-json\/wp\/v2\/users\/2"}],"replies":[{"embeddable":true,"href":"https:\/\/velovitamine.fr\/pt\/wp-json\/wp\/v2\/comments?post=258069"}],"version-history":[{"count":21,"href":"https:\/\/velovitamine.fr\/pt\/wp-json\/wp\/v2\/pages\/258069\/revisions"}],"predecessor-version":[{"id":260762,"href":"https:\/\/velovitamine.fr\/pt\/wp-json\/wp\/v2\/pages\/258069\/revisions\/260762"}],"up":[{"embeddable":true,"href":"https:\/\/velovitamine.fr\/pt\/wp-json\/wp\/v2\/pages\/257875"}],"wp:attachment":[{"href":"https:\/\/velovitamine.fr\/pt\/wp-json\/wp\/v2\/media?parent=258069"}],"curies":[{"name":"wp","href":"https:\/\/api.w.org\/{rel}","templated":true}]}}