{"id":257894,"date":"2021-04-07T18:56:57","date_gmt":"2021-04-07T16:56:57","guid":{"rendered":"https:\/\/velovitamine.fr\/clone\/?page_id=257894"},"modified":"2026-01-30T15:00:45","modified_gmt":"2026-01-30T13:00:45","slug":"balades-a-velo","status":"publish","type":"page","link":"https:\/\/velovitamine.fr\/pt\/activites-2\/balades-a-velo\/","title":{"rendered":"Balades \u00e0 v\u00e9lo"},"content":{"rendered":"<p><\/p><h5 style=\"text-align: center;\">2 jours : 24<sup>\u00a0\u20ac<\/sup><\/h5>\t\t\r\n        <p>Pour une meilleure exp\u00e9rience visuelle sur cette page, veuillez pivoter votre t\u00e9l\u00e9phone en mode paysage.<\/p>","protected":false},"excerpt":{"rendered":"<p>2 jours : 24\u00a0\u20ac Pour une meilleure exp\u00e9rience visuelle sur cette page, veuillez pivoter votre t\u00e9l\u00e9phone en mode paysage.<\/p>\n","protected":false},"author":2,"featured_media":0,"parent":257875,"menu_order":0,"comment_status":"closed","ping_status":"closed","template":"","meta":{"_monsterinsights_skip_tracking":false,"_monsterinsights_sitenote_active":false,"_monsterinsights_sitenote_note":"","_monsterinsights_sitenote_category":0,"site-sidebar-layout":"default","site-content-layout":"default","ast-site-content-layout":"default","site-content-style":"default","site-sidebar-style":"default","ast-global-header-display":"","ast-banner-title-visibility":"","ast-main-header-display":"","ast-hfb-above-header-display":"","ast-hfb-below-header-display":"","ast-hfb-mobile-header-display":"","site-post-title":"","ast-breadcrumbs-content":"","ast-featured-img":"","footer-sml-layout":"","ast-disable-related-posts":"","theme-transparent-header-meta":"default","adv-header-id-meta":"","stick-header-meta":"","header-above-stick-meta":"","header-main-stick-meta":"","header-below-stick-meta":"","astra-migrate-meta-layouts":"set","ast-page-background-enabled":"default","ast-page-background-meta":{"desktop":{"background-color":"","background-image":"","background-repeat":"repeat","background-position":"center center","background-size":"auto","background-attachment":"scroll","background-type":"","background-media":"","overlay-type":"","overlay-color":"","overlay-opacity":"","overlay-gradient":""},"tablet":{"background-color":"","background-image":"","background-repeat":"repeat","background-position":"center center","background-size":"auto","background-attachment":"scroll","background-type":"","background-media":"","overlay-type":"","overlay-color":"","overlay-opacity":"","overlay-gradient":""},"mobile":{"background-color":"","background-image":"","background-repeat":"repeat","background-position":"center center","background-size":"auto","background-attachment":"scroll","background-type":"","background-media":"","overlay-type":"","overlay-color":"","overlay-opacity":"","overlay-gradient":""}},"ast-content-background-meta":{"desktop":{"background-color":"var(--ast-global-color-5)","background-image":"","background-repeat":"repeat","background-position":"center center","background-size":"auto","background-attachment":"scroll","background-type":"","background-media":"","overlay-type":"","overlay-color":"","overlay-opacity":"","overlay-gradient":""},"tablet":{"background-color":"var(--ast-global-color-5)","background-image":"","background-repeat":"repeat","background-position":"center center","background-size":"auto","background-attachment":"scroll","background-type":"","background-media":"","overlay-type":"","overlay-color":"","overlay-opacity":"","overlay-gradient":""},"mobile":{"background-color":"var(--ast-global-color-5)","background-image":"","background-repeat":"repeat","background-position":"center center","background-size":"auto","background-attachment":"scroll","background-type":"","background-media":"","overlay-type":"","overlay-color":"","overlay-opacity":"","overlay-gradient":""}},"footnotes":""},"class_list":["post-257894","page","type-page","status-publish","hentry"],"yoast_head":"<!-- This site is optimized with the Yoast SEO plugin v27.2 - https:\/\/yoast.com\/product\/yoast-seo-wordpress\/ -->\n<title>V\u00e9lo bourgogne, balades, curiosit\u00e9s, monuments, campagnes, vignobles<\/title>\n<meta name=\"description\" content=\"Balades v\u00e9lo guid\u00e9e ou en location simple, \u00e0 Pouilly en Auxois, Dijon, Beaune, Semur en A, Flavigny, parcours simples en famille, groupe, d\u00e9gustation de produits locaux... en bourgogne !\" \/>\n<meta name=\"robots\" content=\"index, follow, max-snippet:-1, max-image-preview:large, max-video-preview:-1\" \/>\n<link rel=\"canonical\" href=\"https:\/\/velovitamine.fr\/activites-2\/balades-a-velo\/\" \/>\n<meta property=\"og:locale\" content=\"pt_PT\" \/>\n<meta property=\"og:type\" content=\"article\" \/>\n<meta property=\"og:title\" content=\"V\u00e9lo bourgogne, balades, curiosit\u00e9s, monuments, campagnes, vignobles\" \/>\n<meta property=\"og:description\" content=\"Balades v\u00e9lo guid\u00e9e ou en location simple, \u00e0 Pouilly en Auxois, Dijon, Beaune, Semur en A, Flavigny, parcours simples en famille, groupe, d\u00e9gustation de produits locaux... en bourgogne !\" \/>\n<meta property=\"og:url\" content=\"https:\/\/velovitamine.fr\/activites-2\/balades-a-velo\/\" \/>\n<meta property=\"og:site_name\" content=\"Velovitamine.fr\" \/>\n<meta property=\"article:modified_time\" content=\"2026-01-30T13:00:45+00:00\" \/>\n<meta property=\"og:image\" content=\"https:\/\/velovitamine.fr\/wp-content\/uploads\/2014\/10\/Balades-oenologiques-groupes-vignoble-de-bourgogne-Velovitamine-11-300x197.jpg\" \/>\n<meta name=\"twitter:card\" content=\"summary_large_image\" \/>\n<meta name=\"twitter:label1\" content=\"Tempo estimado de leitura\" \/>\n\t<meta name=\"twitter:data1\" content=\"10 minutos\" \/>\n<script type=\"application\/ld+json\" class=\"yoast-schema-graph\">{\"@context\":\"https:\/\/schema.org\",\"@graph\":[{\"@type\":\"WebPage\",\"@id\":\"https:\/\/velovitamine.fr\/activites-2\/balades-a-velo\/\",\"url\":\"https:\/\/velovitamine.fr\/activites-2\/balades-a-velo\/\",\"name\":\"V\u00e9lo bourgogne, balades, curiosit\u00e9s, monuments, campagnes, vignobles\",\"isPartOf\":{\"@id\":\"https:\/\/velovitamine.fr\/#website\"},\"primaryImageOfPage\":{\"@id\":\"https:\/\/velovitamine.fr\/activites-2\/balades-a-velo\/#primaryimage\"},\"image\":{\"@id\":\"https:\/\/velovitamine.fr\/activites-2\/balades-a-velo\/#primaryimage\"},\"thumbnailUrl\":\"https:\/\/velovitamine.fr\/wp-content\/uploads\/2014\/10\/Balades-oenologiques-groupes-vignoble-de-bourgogne-Velovitamine-11-300x197.jpg\",\"datePublished\":\"2021-04-07T16:56:57+00:00\",\"dateModified\":\"2026-01-30T13:00:45+00:00\",\"description\":\"Balades v\u00e9lo guid\u00e9e ou en location simple, \u00e0 Pouilly en Auxois, Dijon, Beaune, Semur en A, Flavigny, parcours simples en famille, groupe, d\u00e9gustation de produits locaux... en bourgogne !\",\"breadcrumb\":{\"@id\":\"https:\/\/velovitamine.fr\/activites-2\/balades-a-velo\/#breadcrumb\"},\"inLanguage\":\"pt-PT\",\"potentialAction\":[{\"@type\":\"ReadAction\",\"target\":[\"https:\/\/velovitamine.fr\/activites-2\/balades-a-velo\/\"]}]},{\"@type\":\"ImageObject\",\"inLanguage\":\"pt-PT\",\"@id\":\"https:\/\/velovitamine.fr\/activites-2\/balades-a-velo\/#primaryimage\",\"url\":\"https:\/\/velovitamine.fr\/wp-content\/uploads\/2014\/10\/Balades-oenologiques-groupes-vignoble-de-bourgogne-Velovitamine-11-300x197.jpg\",\"contentUrl\":\"https:\/\/velovitamine.fr\/wp-content\/uploads\/2014\/10\/Balades-oenologiques-groupes-vignoble-de-bourgogne-Velovitamine-11-300x197.jpg\"},{\"@type\":\"BreadcrumbList\",\"@id\":\"https:\/\/velovitamine.fr\/activites-2\/balades-a-velo\/#breadcrumb\",\"itemListElement\":[{\"@type\":\"ListItem\",\"position\":1,\"name\":\"Accueil\",\"item\":\"https:\/\/velovitamine.fr\/\"},{\"@type\":\"ListItem\",\"position\":2,\"name\":\"Activit\u00e9s\",\"item\":\"https:\/\/velovitamine.fr\/activites-2\/\"},{\"@type\":\"ListItem\",\"position\":3,\"name\":\"Balades \u00e0 v\u00e9lo\"}]},{\"@type\":\"WebSite\",\"@id\":\"https:\/\/velovitamine.fr\/#website\",\"url\":\"https:\/\/velovitamine.fr\/\",\"name\":\"Velovitamine.fr\",\"description\":\"(FR) Un site qui roule...\",\"publisher\":{\"@id\":\"https:\/\/velovitamine.fr\/#organization\"},\"potentialAction\":[{\"@type\":\"SearchAction\",\"target\":{\"@type\":\"EntryPoint\",\"urlTemplate\":\"https:\/\/velovitamine.fr\/?s={search_term_string}\"},\"query-input\":{\"@type\":\"PropertyValueSpecification\",\"valueRequired\":true,\"valueName\":\"search_term_string\"}}],\"inLanguage\":\"pt-PT\"},{\"@type\":\"Organization\",\"@id\":\"https:\/\/velovitamine.fr\/#organization\",\"name\":\"Velovitamine\",\"url\":\"https:\/\/velovitamine.fr\/\",\"logo\":{\"@type\":\"ImageObject\",\"inLanguage\":\"pt-PT\",\"@id\":\"https:\/\/velovitamine.fr\/#\/schema\/logo\/image\/\",\"url\":\"https:\/\/velovitamine.fr\/wp-content\/uploads\/2014\/10\/cropped-logo1-e1444671967804.jpg\",\"contentUrl\":\"https:\/\/velovitamine.fr\/wp-content\/uploads\/2014\/10\/cropped-logo1-e1444671967804.jpg\",\"width\":512,\"height\":512,\"caption\":\"Velovitamine\"},\"image\":{\"@id\":\"https:\/\/velovitamine.fr\/#\/schema\/logo\/image\/\"}}]}<\/script>\n<!-- \/ Yoast SEO plugin. -->","yoast_head_json":{"title":"V\u00e9lo bourgogne, balades, curiosit\u00e9s, monuments, campagnes, vignobles","description":"Balades v\u00e9lo guid\u00e9e ou en location simple, \u00e0 Pouilly en Auxois, Dijon, Beaune, Semur en A, Flavigny, parcours simples en famille, groupe, d\u00e9gustation de produits locaux... en bourgogne !","robots":{"index":"index","follow":"follow","max-snippet":"max-snippet:-1","max-image-preview":"max-image-preview:large","max-video-preview":"max-video-preview:-1"},"canonical":"https:\/\/velovitamine.fr\/activites-2\/balades-a-velo\/","og_locale":"pt_PT","og_type":"article","og_title":"V\u00e9lo bourgogne, balades, curiosit\u00e9s, monuments, campagnes, vignobles","og_description":"Balades v\u00e9lo guid\u00e9e ou en location simple, \u00e0 Pouilly en Auxois, Dijon, Beaune, Semur en A, Flavigny, parcours simples en famille, groupe, d\u00e9gustation de produits locaux... en bourgogne !","og_url":"https:\/\/velovitamine.fr\/activites-2\/balades-a-velo\/","og_site_name":"Velovitamine.fr","article_modified_time":"2026-01-30T13:00:45+00:00","og_image":[{"url":"https:\/\/velovitamine.fr\/wp-content\/uploads\/2014\/10\/Balades-oenologiques-groupes-vignoble-de-bourgogne-Velovitamine-11-300x197.jpg","type":"","width":"","height":""}],"twitter_card":"summary_large_image","twitter_misc":{"Tempo estimado de leitura":"10 minutos"},"schema":{"@context":"https:\/\/schema.org","@graph":[{"@type":"WebPage","@id":"https:\/\/velovitamine.fr\/activites-2\/balades-a-velo\/","url":"https:\/\/velovitamine.fr\/activites-2\/balades-a-velo\/","name":"V\u00e9lo bourgogne, balades, curiosit\u00e9s, monuments, campagnes, vignobles","isPartOf":{"@id":"https:\/\/velovitamine.fr\/#website"},"primaryImageOfPage":{"@id":"https:\/\/velovitamine.fr\/activites-2\/balades-a-velo\/#primaryimage"},"image":{"@id":"https:\/\/velovitamine.fr\/activites-2\/balades-a-velo\/#primaryimage"},"thumbnailUrl":"https:\/\/velovitamine.fr\/wp-content\/uploads\/2014\/10\/Balades-oenologiques-groupes-vignoble-de-bourgogne-Velovitamine-11-300x197.jpg","datePublished":"2021-04-07T16:56:57+00:00","dateModified":"2026-01-30T13:00:45+00:00","description":"Balades v\u00e9lo guid\u00e9e ou en location simple, \u00e0 Pouilly en Auxois, Dijon, Beaune, Semur en A, Flavigny, parcours simples en famille, groupe, d\u00e9gustation de produits locaux... en bourgogne !","breadcrumb":{"@id":"https:\/\/velovitamine.fr\/activites-2\/balades-a-velo\/#breadcrumb"},"inLanguage":"pt-PT","potentialAction":[{"@type":"ReadAction","target":["https:\/\/velovitamine.fr\/activites-2\/balades-a-velo\/"]}]},{"@type":"ImageObject","inLanguage":"pt-PT","@id":"https:\/\/velovitamine.fr\/activites-2\/balades-a-velo\/#primaryimage","url":"https:\/\/velovitamine.fr\/wp-content\/uploads\/2014\/10\/Balades-oenologiques-groupes-vignoble-de-bourgogne-Velovitamine-11-300x197.jpg","contentUrl":"https:\/\/velovitamine.fr\/wp-content\/uploads\/2014\/10\/Balades-oenologiques-groupes-vignoble-de-bourgogne-Velovitamine-11-300x197.jpg"},{"@type":"BreadcrumbList","@id":"https:\/\/velovitamine.fr\/activites-2\/balades-a-velo\/#breadcrumb","itemListElement":[{"@type":"ListItem","position":1,"name":"Accueil","item":"https:\/\/velovitamine.fr\/"},{"@type":"ListItem","position":2,"name":"Activit\u00e9s","item":"https:\/\/velovitamine.fr\/activites-2\/"},{"@type":"ListItem","position":3,"name":"Balades \u00e0 v\u00e9lo"}]},{"@type":"WebSite","@id":"https:\/\/velovitamine.fr\/#website","url":"https:\/\/velovitamine.fr\/","name":"Velovitamine.fr","description":"(FR) Un site qui roule...","publisher":{"@id":"https:\/\/velovitamine.fr\/#organization"},"potentialAction":[{"@type":"SearchAction","target":{"@type":"EntryPoint","urlTemplate":"https:\/\/velovitamine.fr\/?s={search_term_string}"},"query-input":{"@type":"PropertyValueSpecification","valueRequired":true,"valueName":"search_term_string"}}],"inLanguage":"pt-PT"},{"@type":"Organization","@id":"https:\/\/velovitamine.fr\/#organization","name":"Velovitamine","url":"https:\/\/velovitamine.fr\/","logo":{"@type":"ImageObject","inLanguage":"pt-PT","@id":"https:\/\/velovitamine.fr\/#\/schema\/logo\/image\/","url":"https:\/\/velovitamine.fr\/wp-content\/uploads\/2014\/10\/cropped-logo1-e1444671967804.jpg","contentUrl":"https:\/\/velovitamine.fr\/wp-content\/uploads\/2014\/10\/cropped-logo1-e1444671967804.jpg","width":512,"height":512,"caption":"Velovitamine"},"image":{"@id":"https:\/\/velovitamine.fr\/#\/schema\/logo\/image\/"}}]}},"_links":{"self":[{"href":"https:\/\/velovitamine.fr\/pt\/wp-json\/wp\/v2\/pages\/257894","targetHints":{"allow":["GET"]}}],"collection":[{"href":"https:\/\/velovitamine.fr\/pt\/wp-json\/wp\/v2\/pages"}],"about":[{"href":"https:\/\/velovitamine.fr\/pt\/wp-json\/wp\/v2\/types\/page"}],"author":[{"embeddable":true,"href":"https:\/\/velovitamine.fr\/pt\/wp-json\/wp\/v2\/users\/2"}],"replies":[{"embeddable":true,"href":"https:\/\/velovitamine.fr\/pt\/wp-json\/wp\/v2\/comments?post=257894"}],"version-history":[{"count":135,"href":"https:\/\/velovitamine.fr\/pt\/wp-json\/wp\/v2\/pages\/257894\/revisions"}],"predecessor-version":[{"id":260890,"href":"https:\/\/velovitamine.fr\/pt\/wp-json\/wp\/v2\/pages\/257894\/revisions\/260890"}],"up":[{"embeddable":true,"href":"https:\/\/velovitamine.fr\/pt\/wp-json\/wp\/v2\/pages\/257875"}],"wp:attachment":[{"href":"https:\/\/velovitamine.fr\/pt\/wp-json\/wp\/v2\/media?parent=257894"}],"curies":[{"name":"wp","href":"https:\/\/api.w.org\/{rel}","templated":true}]}}