{"id":2135,"date":"2017-03-24T00:34:20","date_gmt":"2017-03-23T22:34:20","guid":{"rendered":"http:\/\/velovitamine.fr\/?page_id=2135"},"modified":"2026-01-09T20:42:34","modified_gmt":"2026-01-09T18:42:34","slug":"a-propos","status":"publish","type":"page","link":"https:\/\/velovitamine.fr\/pt\/a-propos\/","title":{"rendered":"(FR) A propos"},"content":{"rendered":"<p class=\"qtranxs-available-languages-message qtranxs-available-languages-message-pt\">Lamentamos, este artigo est\u00e1 dispon\u00edvel apenas em <a href=\"https:\/\/velovitamine.fr\/fr\/wp-json\/wp\/v2\/pages\/2135\" class=\"qtranxs-available-language-link qtranxs-available-language-link-fr\" title=\"FR\">FR<\/a> and <a href=\"https:\/\/velovitamine.fr\/en\/wp-json\/wp\/v2\/pages\/2135\" class=\"qtranxs-available-language-link qtranxs-available-language-link-en\" title=\"EN\">EN<\/a>. Por uma quest\u00e3o de conveni\u00eancia para o utilizador, o conte\u00fado \u00e9 mostrado abaixo no idioma por omiss\u00e3o para este site. Pode clicar numa das liga\u00e7\u00f5es para mudar o site para outro idioma dispon\u00edvel.<\/p><p>&nbsp;<\/p>\r\n\r\n<p data-wp-editing=\"1\"><img fetchpriority=\"high\" decoding=\"async\" class=\"alignnone wp-image-260344 size-medium aligncenter\" src=\"https:\/\/velovitamine.fr\/wp-content\/uploads\/2025\/03\/cropped-cropped-cropped-logoLud-1-300x300.png\" alt=\"\" width=\"300\" height=\"300\" srcset=\"https:\/\/velovitamine.fr\/wp-content\/uploads\/2025\/03\/cropped-cropped-cropped-logoLud-1-300x300.png 300w, https:\/\/velovitamine.fr\/wp-content\/uploads\/2025\/03\/cropped-cropped-cropped-logoLud-1-150x150.png 150w, https:\/\/velovitamine.fr\/wp-content\/uploads\/2025\/03\/cropped-cropped-cropped-logoLud-1-180x180.png 180w, https:\/\/velovitamine.fr\/wp-content\/uploads\/2025\/03\/cropped-cropped-cropped-logoLud-1.png 512w\" sizes=\"(max-width: 300px) 100vw, 300px\" \/><\/p>\r\n<h3 style=\"text-align: center;\"><strong><span style=\"color: #808080;\">V\u00e9lovitamine c&#8217;est&#8230;<\/span><br \/><\/strong><\/h3>\r\n<p><span style=\"color: #333333;\"><span style=\"color: #499e35;\"><span style=\"color: #538ab0;\"><strong>Des moments d\u00e9tente ou sportifs : <\/strong><\/span><span style=\"color: #333333;\">d<\/span><\/span>es balades, des randonn\u00e9es, de l\u2019itin\u00e9rance \u00e0 v\u00e9lo&#8230;<\/span><\/p>\r\n<p><span style=\"color: #333333;\"><span style=\"color: #499e35;\"><span style=\"color: #538ab0;\"><strong>De l\u2019adr\u00e9naline et des moments conviviaux : <\/strong><\/span><span style=\"color: #333333;\">des e<\/span><\/span>nterrements de vie de G\/F, s\u00e9minaires, challenges en groupes, aventures \u00e0 VTT, pique-niques, d\u00e9gustations de vins, de produits locaux&#8230;<\/span><\/p>\r\n<p><span style=\"color: #333333;\"><span style=\"color: #499e35;\"><span style=\"color: #538ab0;\"> <strong>Des activit\u00e9s de l\u2019initiation au perfectionnement : <\/strong><\/span><span style=\"color: #333333;\">d<\/span><\/span>es s\u00e9ances de pilotage aux randonn\u00e9es descendantes, de l\u2019entrainement aux d\u00e9couvertes des activit\u00e9s cyclistes et sportives.<\/span><\/p>\r\n<p><span style=\"color: #333333;\"><span style=\"color: #499e35;\"><span style=\"color: #538ab0;\"><strong>De la remise en selle :<\/strong> <span style=\"color: #333333;\">reprise de la mobilit\u00e9<\/span><span style=\"color: #000000;\"> \u00e0 v\u00e9lo \u00e0 tout age.<\/span><\/span><\/span><\/span><\/p>\r\n<p><span style=\"color: #333333;\"><span style=\"color: #538ab0;\"><strong>Des parcours in\u00e9dits et des d\u00e9couvertes gourmandes :<\/strong><\/span> des visites de lieux in\u00e9dits, des d\u00e9gustations de produits r\u00e9gionaux&#8230;, entre nature, patrimoine et gastronomie.<\/span><\/p>\r\n<p><span style=\"color: #538ab0;\"><strong>Des moments in\u00e9dits autour des Climats du vignoble de Bourgogne : <\/strong><span style=\"color: #333333;\">Ambassadeur, pour d\u00e9couvrir ou \u00e9merveiller ses papilles sur les vins de Bourgogne.<\/span>\u00a0<\/span><\/p>\r\n<p><span style=\"color: #538ab0;\"><strong>De la location, r\u00e9paration, livraison de <\/strong><strong>v\u00e9los.<\/strong><\/span><\/p>\r\n<p><strong><span style=\"color: #499e35;\"><span style=\"color: #538ab0;\"><br \/>Un professionnel sportif dipl\u00f4m\u00e9, guide aimant la nature.<\/span>\u00a0 <\/span><\/strong><\/p>\r\n<h3><span style=\"color: #333333;\"><strong><br \/>L&#8217;AVENTURE SUR MESURE &#8230; !<\/strong> <\/span><\/h3>\r\n<p>&nbsp;<\/p>\r\n<p>&nbsp;<\/p>\r\n<p><!-- \/wp:post-content --><\/p>\r\n<!-- wp:spacer \/-->","protected":false},"excerpt":{"rendered":"<p>Lamentamos, este artigo est\u00e1 dispon\u00edvel apenas em FR and EN. Por uma quest\u00e3o de conveni\u00eancia para o utilizador, o conte\u00fado \u00e9 mostrado abaixo no idioma por omiss\u00e3o para este site. [&hellip;]<\/p>\n","protected":false},"author":2,"featured_media":0,"parent":0,"menu_order":0,"comment_status":"closed","ping_status":"closed","template":"","meta":{"_monsterinsights_skip_tracking":false,"_monsterinsights_sitenote_active":false,"_monsterinsights_sitenote_note":"","_monsterinsights_sitenote_category":0,"site-sidebar-layout":"default","site-content-layout":"default","ast-site-content-layout":"default","site-content-style":"default","site-sidebar-style":"default","ast-global-header-display":"","ast-banner-title-visibility":"","ast-main-header-display":"","ast-hfb-above-header-display":"","ast-hfb-below-header-display":"","ast-hfb-mobile-header-display":"","site-post-title":"","ast-breadcrumbs-content":"","ast-featured-img":"","footer-sml-layout":"","ast-disable-related-posts":"","theme-transparent-header-meta":"default","adv-header-id-meta":"","stick-header-meta":"","header-above-stick-meta":"","header-main-stick-meta":"","header-below-stick-meta":"","astra-migrate-meta-layouts":"set","ast-page-background-enabled":"default","ast-page-background-meta":{"desktop":{"background-color":"","background-image":"","background-repeat":"repeat","background-position":"center center","background-size":"auto","background-attachment":"scroll","background-type":"","background-media":"","overlay-type":"","overlay-color":"","overlay-opacity":"","overlay-gradient":""},"tablet":{"background-color":"","background-image":"","background-repeat":"repeat","background-position":"center center","background-size":"auto","background-attachment":"scroll","background-type":"","background-media":"","overlay-type":"","overlay-color":"","overlay-opacity":"","overlay-gradient":""},"mobile":{"background-color":"","background-image":"","background-repeat":"repeat","background-position":"center center","background-size":"auto","background-attachment":"scroll","background-type":"","background-media":"","overlay-type":"","overlay-color":"","overlay-opacity":"","overlay-gradient":""}},"ast-content-background-meta":{"desktop":{"background-color":"var(--ast-global-color-5)","background-image":"","background-repeat":"repeat","background-position":"center center","background-size":"auto","background-attachment":"scroll","background-type":"","background-media":"","overlay-type":"","overlay-color":"","overlay-opacity":"","overlay-gradient":""},"tablet":{"background-color":"var(--ast-global-color-5)","background-image":"","background-repeat":"repeat","background-position":"center center","background-size":"auto","background-attachment":"scroll","background-type":"","background-media":"","overlay-type":"","overlay-color":"","overlay-opacity":"","overlay-gradient":""},"mobile":{"background-color":"var(--ast-global-color-5)","background-image":"","background-repeat":"repeat","background-position":"center center","background-size":"auto","background-attachment":"scroll","background-type":"","background-media":"","overlay-type":"","overlay-color":"","overlay-opacity":"","overlay-gradient":""}},"footnotes":""},"class_list":["post-2135","page","type-page","status-publish","hentry"],"yoast_head":"<!-- This site is optimized with the Yoast SEO plugin v27.2 - https:\/\/yoast.com\/product\/yoast-seo-wordpress\/ -->\n<title><\/title>\n<meta name=\"description\" content=\"V\u00e9lo, D\u00e9tente ou Sport ? des balades, des randonn\u00e9es, de l\u2019itin\u00e9rance... De l\u2019adr\u00e9naline et des moments conviviaux ! Activit\u00e9 groupe enterrement vie de G\/F, s\u00e9minaires, c \u00c9diteur d\u2019extrait\" \/>\n<meta name=\"robots\" content=\"index, follow, max-snippet:-1, max-image-preview:large, max-video-preview:-1\" \/>\n<link rel=\"canonical\" href=\"https:\/\/velovitamine.fr\/a-propos\/\" \/>\n<meta property=\"og:locale\" content=\"pt_PT\" \/>\n<meta property=\"og:type\" content=\"article\" \/>\n<meta property=\"og:title\" content=\"[:fr]A propos[:en]About[:] - Velovitamine.fr\" \/>\n<meta property=\"og:description\" content=\"V\u00e9lo, D\u00e9tente ou Sport ? des balades, des randonn\u00e9es, de l\u2019itin\u00e9rance... De l\u2019adr\u00e9naline et des moments conviviaux ! Activit\u00e9 groupe enterrement vie de G\/F, s\u00e9minaires, c \u00c9diteur d\u2019extrait\" \/>\n<meta property=\"og:url\" content=\"https:\/\/velovitamine.fr\/a-propos\/\" \/>\n<meta property=\"og:site_name\" content=\"Velovitamine.fr\" \/>\n<meta property=\"article:modified_time\" content=\"2026-01-09T18:42:34+00:00\" \/>\n<meta property=\"og:image\" content=\"https:\/\/velovitamine.fr\/wp-content\/uploads\/2025\/03\/cropped-cropped-cropped-logoLud-1.png\" \/>\n\t<meta property=\"og:image:width\" content=\"512\" \/>\n\t<meta property=\"og:image:height\" content=\"512\" \/>\n\t<meta property=\"og:image:type\" content=\"image\/png\" \/>\n<meta name=\"twitter:card\" content=\"summary_large_image\" \/>\n<meta name=\"twitter:label1\" content=\"Tempo estimado de leitura\" \/>\n\t<meta name=\"twitter:data1\" content=\"1 minuto\" \/>\n<script type=\"application\/ld+json\" class=\"yoast-schema-graph\">{\"@context\":\"https:\/\/schema.org\",\"@graph\":[{\"@type\":\"WebPage\",\"@id\":\"https:\/\/velovitamine.fr\/a-propos\/\",\"url\":\"https:\/\/velovitamine.fr\/a-propos\/\",\"name\":\"[:fr]A propos[:en]About[:] - Velovitamine.fr\",\"isPartOf\":{\"@id\":\"https:\/\/velovitamine.fr\/#website\"},\"primaryImageOfPage\":{\"@id\":\"https:\/\/velovitamine.fr\/a-propos\/#primaryimage\"},\"image\":{\"@id\":\"https:\/\/velovitamine.fr\/a-propos\/#primaryimage\"},\"thumbnailUrl\":\"https:\/\/velovitamine.fr\/wp-content\/uploads\/2025\/03\/cropped-cropped-cropped-logoLud-1-300x300.png\",\"datePublished\":\"2017-03-23T22:34:20+00:00\",\"dateModified\":\"2026-01-09T18:42:34+00:00\",\"description\":\"V\u00e9lo, D\u00e9tente ou Sport ? des balades, des randonn\u00e9es, de l\u2019itin\u00e9rance... De l\u2019adr\u00e9naline et des moments conviviaux ! Activit\u00e9 groupe enterrement vie de G\/F, s\u00e9minaires, c \u00c9diteur d\u2019extrait\",\"breadcrumb\":{\"@id\":\"https:\/\/velovitamine.fr\/a-propos\/#breadcrumb\"},\"inLanguage\":\"pt-PT\",\"potentialAction\":[{\"@type\":\"ReadAction\",\"target\":[\"https:\/\/velovitamine.fr\/a-propos\/\"]}]},{\"@type\":\"ImageObject\",\"inLanguage\":\"pt-PT\",\"@id\":\"https:\/\/velovitamine.fr\/a-propos\/#primaryimage\",\"url\":\"https:\/\/velovitamine.fr\/wp-content\/uploads\/2025\/03\/cropped-cropped-cropped-logoLud-1-300x300.png\",\"contentUrl\":\"https:\/\/velovitamine.fr\/wp-content\/uploads\/2025\/03\/cropped-cropped-cropped-logoLud-1-300x300.png\"},{\"@type\":\"BreadcrumbList\",\"@id\":\"https:\/\/velovitamine.fr\/a-propos\/#breadcrumb\",\"itemListElement\":[{\"@type\":\"ListItem\",\"position\":1,\"name\":\"Accueil\",\"item\":\"https:\/\/velovitamine.fr\/\"},{\"@type\":\"ListItem\",\"position\":2,\"name\":\"A propos\"}]},{\"@type\":\"WebSite\",\"@id\":\"https:\/\/velovitamine.fr\/#website\",\"url\":\"https:\/\/velovitamine.fr\/\",\"name\":\"Velovitamine.fr\",\"description\":\"(FR) Un site qui roule...\",\"publisher\":{\"@id\":\"https:\/\/velovitamine.fr\/#organization\"},\"potentialAction\":[{\"@type\":\"SearchAction\",\"target\":{\"@type\":\"EntryPoint\",\"urlTemplate\":\"https:\/\/velovitamine.fr\/?s={search_term_string}\"},\"query-input\":{\"@type\":\"PropertyValueSpecification\",\"valueRequired\":true,\"valueName\":\"search_term_string\"}}],\"inLanguage\":\"pt-PT\"},{\"@type\":\"Organization\",\"@id\":\"https:\/\/velovitamine.fr\/#organization\",\"name\":\"Velovitamine\",\"url\":\"https:\/\/velovitamine.fr\/\",\"logo\":{\"@type\":\"ImageObject\",\"inLanguage\":\"pt-PT\",\"@id\":\"https:\/\/velovitamine.fr\/#\/schema\/logo\/image\/\",\"url\":\"https:\/\/velovitamine.fr\/wp-content\/uploads\/2014\/10\/cropped-logo1-e1444671967804.jpg\",\"contentUrl\":\"https:\/\/velovitamine.fr\/wp-content\/uploads\/2014\/10\/cropped-logo1-e1444671967804.jpg\",\"width\":512,\"height\":512,\"caption\":\"Velovitamine\"},\"image\":{\"@id\":\"https:\/\/velovitamine.fr\/#\/schema\/logo\/image\/\"}}]}<\/script>\n<!-- \/ Yoast SEO plugin. -->","yoast_head_json":{"title":"[:fr]A propos[:en]About[:] - Velovitamine.fr","description":"V\u00e9lo, D\u00e9tente ou Sport ? des balades, des randonn\u00e9es, de l\u2019itin\u00e9rance... De l\u2019adr\u00e9naline et des moments conviviaux ! Activit\u00e9 groupe enterrement vie de G\/F, s\u00e9minaires, c \u00c9diteur d\u2019extrait","robots":{"index":"index","follow":"follow","max-snippet":"max-snippet:-1","max-image-preview":"max-image-preview:large","max-video-preview":"max-video-preview:-1"},"canonical":"https:\/\/velovitamine.fr\/a-propos\/","og_locale":"pt_PT","og_type":"article","og_title":"[:fr]A propos[:en]About[:] - Velovitamine.fr","og_description":"V\u00e9lo, D\u00e9tente ou Sport ? des balades, des randonn\u00e9es, de l\u2019itin\u00e9rance... De l\u2019adr\u00e9naline et des moments conviviaux ! Activit\u00e9 groupe enterrement vie de G\/F, s\u00e9minaires, c \u00c9diteur d\u2019extrait","og_url":"https:\/\/velovitamine.fr\/a-propos\/","og_site_name":"Velovitamine.fr","article_modified_time":"2026-01-09T18:42:34+00:00","og_image":[{"width":512,"height":512,"url":"https:\/\/velovitamine.fr\/wp-content\/uploads\/2025\/03\/cropped-cropped-cropped-logoLud-1.png","type":"image\/png"}],"twitter_card":"summary_large_image","twitter_misc":{"Tempo estimado de leitura":"1 minuto"},"schema":{"@context":"https:\/\/schema.org","@graph":[{"@type":"WebPage","@id":"https:\/\/velovitamine.fr\/a-propos\/","url":"https:\/\/velovitamine.fr\/a-propos\/","name":"[:fr]A propos[:en]About[:] - Velovitamine.fr","isPartOf":{"@id":"https:\/\/velovitamine.fr\/#website"},"primaryImageOfPage":{"@id":"https:\/\/velovitamine.fr\/a-propos\/#primaryimage"},"image":{"@id":"https:\/\/velovitamine.fr\/a-propos\/#primaryimage"},"thumbnailUrl":"https:\/\/velovitamine.fr\/wp-content\/uploads\/2025\/03\/cropped-cropped-cropped-logoLud-1-300x300.png","datePublished":"2017-03-23T22:34:20+00:00","dateModified":"2026-01-09T18:42:34+00:00","description":"V\u00e9lo, D\u00e9tente ou Sport ? des balades, des randonn\u00e9es, de l\u2019itin\u00e9rance... De l\u2019adr\u00e9naline et des moments conviviaux ! Activit\u00e9 groupe enterrement vie de G\/F, s\u00e9minaires, c \u00c9diteur d\u2019extrait","breadcrumb":{"@id":"https:\/\/velovitamine.fr\/a-propos\/#breadcrumb"},"inLanguage":"pt-PT","potentialAction":[{"@type":"ReadAction","target":["https:\/\/velovitamine.fr\/a-propos\/"]}]},{"@type":"ImageObject","inLanguage":"pt-PT","@id":"https:\/\/velovitamine.fr\/a-propos\/#primaryimage","url":"https:\/\/velovitamine.fr\/wp-content\/uploads\/2025\/03\/cropped-cropped-cropped-logoLud-1-300x300.png","contentUrl":"https:\/\/velovitamine.fr\/wp-content\/uploads\/2025\/03\/cropped-cropped-cropped-logoLud-1-300x300.png"},{"@type":"BreadcrumbList","@id":"https:\/\/velovitamine.fr\/a-propos\/#breadcrumb","itemListElement":[{"@type":"ListItem","position":1,"name":"Accueil","item":"https:\/\/velovitamine.fr\/"},{"@type":"ListItem","position":2,"name":"A propos"}]},{"@type":"WebSite","@id":"https:\/\/velovitamine.fr\/#website","url":"https:\/\/velovitamine.fr\/","name":"Velovitamine.fr","description":"(FR) Un site qui roule...","publisher":{"@id":"https:\/\/velovitamine.fr\/#organization"},"potentialAction":[{"@type":"SearchAction","target":{"@type":"EntryPoint","urlTemplate":"https:\/\/velovitamine.fr\/?s={search_term_string}"},"query-input":{"@type":"PropertyValueSpecification","valueRequired":true,"valueName":"search_term_string"}}],"inLanguage":"pt-PT"},{"@type":"Organization","@id":"https:\/\/velovitamine.fr\/#organization","name":"Velovitamine","url":"https:\/\/velovitamine.fr\/","logo":{"@type":"ImageObject","inLanguage":"pt-PT","@id":"https:\/\/velovitamine.fr\/#\/schema\/logo\/image\/","url":"https:\/\/velovitamine.fr\/wp-content\/uploads\/2014\/10\/cropped-logo1-e1444671967804.jpg","contentUrl":"https:\/\/velovitamine.fr\/wp-content\/uploads\/2014\/10\/cropped-logo1-e1444671967804.jpg","width":512,"height":512,"caption":"Velovitamine"},"image":{"@id":"https:\/\/velovitamine.fr\/#\/schema\/logo\/image\/"}}]}},"_links":{"self":[{"href":"https:\/\/velovitamine.fr\/pt\/wp-json\/wp\/v2\/pages\/2135","targetHints":{"allow":["GET"]}}],"collection":[{"href":"https:\/\/velovitamine.fr\/pt\/wp-json\/wp\/v2\/pages"}],"about":[{"href":"https:\/\/velovitamine.fr\/pt\/wp-json\/wp\/v2\/types\/page"}],"author":[{"embeddable":true,"href":"https:\/\/velovitamine.fr\/pt\/wp-json\/wp\/v2\/users\/2"}],"replies":[{"embeddable":true,"href":"https:\/\/velovitamine.fr\/pt\/wp-json\/wp\/v2\/comments?post=2135"}],"version-history":[{"count":18,"href":"https:\/\/velovitamine.fr\/pt\/wp-json\/wp\/v2\/pages\/2135\/revisions"}],"predecessor-version":[{"id":260832,"href":"https:\/\/velovitamine.fr\/pt\/wp-json\/wp\/v2\/pages\/2135\/revisions\/260832"}],"wp:attachment":[{"href":"https:\/\/velovitamine.fr\/pt\/wp-json\/wp\/v2\/media?parent=2135"}],"curies":[{"name":"wp","href":"https:\/\/api.w.org\/{rel}","templated":true}]}}