{"id":2041,"date":"2017-03-01T17:26:58","date_gmt":"2017-03-01T15:26:58","guid":{"rendered":"http:\/\/velovitamine.fr\/?page_id=2041"},"modified":"2025-11-24T16:50:27","modified_gmt":"2025-11-24T14:50:27","slug":"contact-2","status":"publish","type":"page","link":"https:\/\/velovitamine.fr\/pt\/contact-2\/","title":{"rendered":"Contact"},"content":{"rendered":"<p class=\"qtranxs-available-languages-message qtranxs-available-languages-message-pt\">Lamentamos, este artigo est\u00e1 dispon\u00edvel apenas em <a href=\"https:\/\/velovitamine.fr\/fr\/wp-json\/wp\/v2\/pages\/2041\" class=\"qtranxs-available-language-link qtranxs-available-language-link-fr\" title=\"FR\">FR<\/a> and <a href=\"https:\/\/velovitamine.fr\/en\/wp-json\/wp\/v2\/pages\/2041\" class=\"qtranxs-available-language-link qtranxs-available-language-link-en\" title=\"EN\">EN<\/a>. Por uma quest\u00e3o de conveni\u00eancia para o utilizador, o conte\u00fado \u00e9 mostrado abaixo no idioma por omiss\u00e3o para este site. Pode clicar numa das liga\u00e7\u00f5es para mudar o site para outro idioma dispon\u00edvel.<\/p><p>&nbsp;<\/p>\r\n<h2>VELOVITAMINE\u00a0<\/h2>\r\n<h3><br \/>Une question, une commande pour une balade dans le vignoble en C\u00f4te de Nuits, Beaune, location v\u00e9los, livraison ou autres activit\u00e9s&#8230; par t\u00e9l\u00e9phone ou ce formulaire\u00a0 :\u00a0<\/h3>\r\n<hr \/>\r\n<p><strong>Adresse :<\/strong> 4 rue Clerc &#8211; 21350 Avosnes<strong><br \/>E-Mail :<\/strong>\u00a0velovitamine@gmail.com<br \/><strong>T\u00e9l\u00e9phone :<\/strong> 06.74.59.70.64<br \/><span style=\"color: #333333;\"><strong>Siret :<\/strong> 52423356600040<\/span><br \/><strong><strong>Horaires :\u00a0 <\/strong><\/strong>Tous les jours 10 h\/18 h<br \/><br \/><\/p>\r\n<h2>Formulaire de contact<\/h2>\r\n<hr \/>\r\n\n<div class=\"wpcf7 no-js\" id=\"wpcf7-f1248-o1\" lang=\"fr-FR\" dir=\"ltr\" data-wpcf7-id=\"1248\">\n<div class=\"screen-reader-response\"><p role=\"status\" aria-live=\"polite\" aria-atomic=\"true\"><\/p> <ul><\/ul><\/div>\n<form action=\"\/pt\/wp-json\/wp\/v2\/pages\/2041#wpcf7-f1248-o1\" method=\"post\" class=\"wpcf7-form init\" aria-label=\"Formulaire de contact\" novalidate=\"novalidate\" data-status=\"init\">\n<fieldset class=\"hidden-fields-container\"><input type=\"hidden\" name=\"_wpcf7\" value=\"1248\" \/><input type=\"hidden\" name=\"_wpcf7_version\" value=\"6.1.5\" \/><input type=\"hidden\" name=\"_wpcf7_locale\" value=\"fr_FR\" \/><input type=\"hidden\" name=\"_wpcf7_unit_tag\" value=\"wpcf7-f1248-o1\" \/><input type=\"hidden\" name=\"_wpcf7_container_post\" value=\"0\" \/><input type=\"hidden\" name=\"_wpcf7_posted_data_hash\" value=\"\" \/><input type=\"hidden\" name=\"_wpcf7_recaptcha_response\" value=\"\" \/>\n<\/fieldset>\n<p>Votre nom (obligatoire)\n<\/p>\n<p><span class=\"wpcf7-form-control-wrap\" data-name=\"your-name\"><input size=\"40\" maxlength=\"400\" class=\"wpcf7-form-control wpcf7-text wpcf7-validates-as-required\" aria-required=\"true\" aria-invalid=\"false\" value=\"\" type=\"text\" name=\"your-name\" \/><\/span>\n<\/p>\n<p>Votre email (obligatoire)\n<\/p>\n<p><span class=\"wpcf7-form-control-wrap\" data-name=\"your-email\"><input size=\"40\" maxlength=\"400\" class=\"wpcf7-form-control wpcf7-email wpcf7-validates-as-required wpcf7-text wpcf7-validates-as-email\" aria-required=\"true\" aria-invalid=\"false\" value=\"\" type=\"email\" name=\"your-email\" \/><\/span>\n<\/p>\n<p>Sujet\n<\/p>\n<p><span class=\"wpcf7-form-control-wrap\" data-name=\"your-subject\"><input size=\"40\" maxlength=\"400\" class=\"wpcf7-form-control wpcf7-text\" aria-invalid=\"false\" value=\"\" type=\"text\" name=\"your-subject\" \/><\/span>\n<\/p>\n<p>Votre message\n<\/p>\n<p><span class=\"wpcf7-form-control-wrap\" data-name=\"your-message\"><textarea cols=\"40\" rows=\"10\" maxlength=\"2000\" class=\"wpcf7-form-control wpcf7-textarea\" aria-invalid=\"false\" name=\"your-message\"><\/textarea><\/span>\n<\/p>\n<p><input class=\"wpcf7-form-control wpcf7-submit has-spinner\" type=\"submit\" value=\"Envoyer\" \/>\n<\/p>\n<p>VELOVITAMINE - 06 74 59 70 64<br \/>\nLudwig Dagoreau<br \/>\n4 rue Clerc<br \/>\n21350 AVOSNES\n<\/p><div class=\"wpcf7-response-output\" aria-hidden=\"true\"><\/div>\n<\/form>\n<\/div>","protected":false},"excerpt":{"rendered":"<p>Lamentamos, este artigo est\u00e1 dispon\u00edvel apenas em FR and EN. Por uma quest\u00e3o de conveni\u00eancia para o utilizador, o conte\u00fado \u00e9 mostrado abaixo no idioma por omiss\u00e3o para este site. [&hellip;]<\/p>\n","protected":false},"author":2,"featured_media":0,"parent":0,"menu_order":0,"comment_status":"closed","ping_status":"closed","template":"","meta":{"_monsterinsights_skip_tracking":false,"_monsterinsights_sitenote_active":false,"_monsterinsights_sitenote_note":"","_monsterinsights_sitenote_category":0,"site-sidebar-layout":"default","site-content-layout":"default","ast-site-content-layout":"default","site-content-style":"default","site-sidebar-style":"default","ast-global-header-display":"","ast-banner-title-visibility":"","ast-main-header-display":"","ast-hfb-above-header-display":"","ast-hfb-below-header-display":"","ast-hfb-mobile-header-display":"","site-post-title":"","ast-breadcrumbs-content":"","ast-featured-img":"","footer-sml-layout":"","ast-disable-related-posts":"","theme-transparent-header-meta":"default","adv-header-id-meta":"","stick-header-meta":"","header-above-stick-meta":"","header-main-stick-meta":"","header-below-stick-meta":"","astra-migrate-meta-layouts":"set","ast-page-background-enabled":"default","ast-page-background-meta":{"desktop":{"background-color":"","background-image":"","background-repeat":"repeat","background-position":"center center","background-size":"auto","background-attachment":"scroll","background-type":"","background-media":"","overlay-type":"","overlay-color":"","overlay-opacity":"","overlay-gradient":""},"tablet":{"background-color":"","background-image":"","background-repeat":"repeat","background-position":"center center","background-size":"auto","background-attachment":"scroll","background-type":"","background-media":"","overlay-type":"","overlay-color":"","overlay-opacity":"","overlay-gradient":""},"mobile":{"background-color":"","background-image":"","background-repeat":"repeat","background-position":"center center","background-size":"auto","background-attachment":"scroll","background-type":"","background-media":"","overlay-type":"","overlay-color":"","overlay-opacity":"","overlay-gradient":""}},"ast-content-background-meta":{"desktop":{"background-color":"var(--ast-global-color-5)","background-image":"","background-repeat":"repeat","background-position":"center center","background-size":"auto","background-attachment":"scroll","background-type":"","background-media":"","overlay-type":"","overlay-color":"","overlay-opacity":"","overlay-gradient":""},"tablet":{"background-color":"var(--ast-global-color-5)","background-image":"","background-repeat":"repeat","background-position":"center center","background-size":"auto","background-attachment":"scroll","background-type":"","background-media":"","overlay-type":"","overlay-color":"","overlay-opacity":"","overlay-gradient":""},"mobile":{"background-color":"var(--ast-global-color-5)","background-image":"","background-repeat":"repeat","background-position":"center center","background-size":"auto","background-attachment":"scroll","background-type":"","background-media":"","overlay-type":"","overlay-color":"","overlay-opacity":"","overlay-gradient":""}},"footnotes":""},"class_list":["post-2041","page","type-page","status-publish","hentry"],"yoast_head":"<!-- This site is optimized with the Yoast SEO plugin v27.2 - https:\/\/yoast.com\/product\/yoast-seo-wordpress\/ -->\n<title>Contact - Velovitamine.fr<\/title>\n<meta name=\"description\" content=\"Guide Moniteur, Location v\u00e9lo, Escalade ; E-Mail : velovitamine@gmail.com ; T\u00c9L\u00c9PHONE : 06.74.59.70.64 ; HORAIRES D&#039;OUVERTURE : sur RDV - Tous les jours 10 h \/ 18 h ...\" \/>\n<meta name=\"robots\" content=\"index, follow, max-snippet:-1, max-image-preview:large, max-video-preview:-1\" \/>\n<link rel=\"canonical\" href=\"https:\/\/velovitamine.fr\/contact-2\/\" \/>\n<meta property=\"og:locale\" content=\"pt_PT\" \/>\n<meta property=\"og:type\" content=\"article\" \/>\n<meta property=\"og:title\" content=\"Contact - Velovitamine.fr\" \/>\n<meta property=\"og:description\" content=\"Guide Moniteur, Location v\u00e9lo, Escalade ; E-Mail : velovitamine@gmail.com ; T\u00c9L\u00c9PHONE : 06.74.59.70.64 ; HORAIRES D&#039;OUVERTURE : sur RDV - Tous les jours 10 h \/ 18 h ...\" \/>\n<meta property=\"og:url\" content=\"https:\/\/velovitamine.fr\/contact-2\/\" \/>\n<meta property=\"og:site_name\" content=\"Velovitamine.fr\" \/>\n<meta property=\"article:modified_time\" content=\"2025-11-24T14:50:27+00:00\" \/>\n<meta name=\"twitter:card\" content=\"summary_large_image\" \/>\n<meta name=\"twitter:label1\" content=\"Tempo estimado de leitura\" \/>\n\t<meta name=\"twitter:data1\" content=\"1 minuto\" \/>\n<script type=\"application\/ld+json\" class=\"yoast-schema-graph\">{\"@context\":\"https:\/\/schema.org\",\"@graph\":[{\"@type\":\"WebPage\",\"@id\":\"https:\/\/velovitamine.fr\/contact-2\/\",\"url\":\"https:\/\/velovitamine.fr\/contact-2\/\",\"name\":\"Contact - Velovitamine.fr\",\"isPartOf\":{\"@id\":\"https:\/\/velovitamine.fr\/#website\"},\"datePublished\":\"2017-03-01T15:26:58+00:00\",\"dateModified\":\"2025-11-24T14:50:27+00:00\",\"description\":\"Guide Moniteur, Location v\u00e9lo, Escalade ; E-Mail : velovitamine@gmail.com ; T\u00c9L\u00c9PHONE : 06.74.59.70.64 ; HORAIRES D'OUVERTURE : sur RDV - Tous les jours 10 h \/ 18 h ...\",\"breadcrumb\":{\"@id\":\"https:\/\/velovitamine.fr\/contact-2\/#breadcrumb\"},\"inLanguage\":\"pt-PT\",\"potentialAction\":[{\"@type\":\"ReadAction\",\"target\":[\"https:\/\/velovitamine.fr\/contact-2\/\"]}]},{\"@type\":\"BreadcrumbList\",\"@id\":\"https:\/\/velovitamine.fr\/contact-2\/#breadcrumb\",\"itemListElement\":[{\"@type\":\"ListItem\",\"position\":1,\"name\":\"Accueil\",\"item\":\"https:\/\/velovitamine.fr\/\"},{\"@type\":\"ListItem\",\"position\":2,\"name\":\"Contact\"}]},{\"@type\":\"WebSite\",\"@id\":\"https:\/\/velovitamine.fr\/#website\",\"url\":\"https:\/\/velovitamine.fr\/\",\"name\":\"Velovitamine.fr\",\"description\":\"(FR) Un site qui roule...\",\"publisher\":{\"@id\":\"https:\/\/velovitamine.fr\/#organization\"},\"potentialAction\":[{\"@type\":\"SearchAction\",\"target\":{\"@type\":\"EntryPoint\",\"urlTemplate\":\"https:\/\/velovitamine.fr\/?s={search_term_string}\"},\"query-input\":{\"@type\":\"PropertyValueSpecification\",\"valueRequired\":true,\"valueName\":\"search_term_string\"}}],\"inLanguage\":\"pt-PT\"},{\"@type\":\"Organization\",\"@id\":\"https:\/\/velovitamine.fr\/#organization\",\"name\":\"Velovitamine\",\"url\":\"https:\/\/velovitamine.fr\/\",\"logo\":{\"@type\":\"ImageObject\",\"inLanguage\":\"pt-PT\",\"@id\":\"https:\/\/velovitamine.fr\/#\/schema\/logo\/image\/\",\"url\":\"https:\/\/velovitamine.fr\/wp-content\/uploads\/2014\/10\/cropped-logo1-e1444671967804.jpg\",\"contentUrl\":\"https:\/\/velovitamine.fr\/wp-content\/uploads\/2014\/10\/cropped-logo1-e1444671967804.jpg\",\"width\":512,\"height\":512,\"caption\":\"Velovitamine\"},\"image\":{\"@id\":\"https:\/\/velovitamine.fr\/#\/schema\/logo\/image\/\"}}]}<\/script>\n<!-- \/ Yoast SEO plugin. -->","yoast_head_json":{"title":"Contact - Velovitamine.fr","description":"Guide Moniteur, Location v\u00e9lo, Escalade ; E-Mail : velovitamine@gmail.com ; T\u00c9L\u00c9PHONE : 06.74.59.70.64 ; HORAIRES D'OUVERTURE : sur RDV - Tous les jours 10 h \/ 18 h ...","robots":{"index":"index","follow":"follow","max-snippet":"max-snippet:-1","max-image-preview":"max-image-preview:large","max-video-preview":"max-video-preview:-1"},"canonical":"https:\/\/velovitamine.fr\/contact-2\/","og_locale":"pt_PT","og_type":"article","og_title":"Contact - Velovitamine.fr","og_description":"Guide Moniteur, Location v\u00e9lo, Escalade ; E-Mail : velovitamine@gmail.com ; T\u00c9L\u00c9PHONE : 06.74.59.70.64 ; HORAIRES D'OUVERTURE : sur RDV - Tous les jours 10 h \/ 18 h ...","og_url":"https:\/\/velovitamine.fr\/contact-2\/","og_site_name":"Velovitamine.fr","article_modified_time":"2025-11-24T14:50:27+00:00","twitter_card":"summary_large_image","twitter_misc":{"Tempo estimado de leitura":"1 minuto"},"schema":{"@context":"https:\/\/schema.org","@graph":[{"@type":"WebPage","@id":"https:\/\/velovitamine.fr\/contact-2\/","url":"https:\/\/velovitamine.fr\/contact-2\/","name":"Contact - Velovitamine.fr","isPartOf":{"@id":"https:\/\/velovitamine.fr\/#website"},"datePublished":"2017-03-01T15:26:58+00:00","dateModified":"2025-11-24T14:50:27+00:00","description":"Guide Moniteur, Location v\u00e9lo, Escalade ; E-Mail : velovitamine@gmail.com ; T\u00c9L\u00c9PHONE : 06.74.59.70.64 ; HORAIRES D'OUVERTURE : sur RDV - Tous les jours 10 h \/ 18 h ...","breadcrumb":{"@id":"https:\/\/velovitamine.fr\/contact-2\/#breadcrumb"},"inLanguage":"pt-PT","potentialAction":[{"@type":"ReadAction","target":["https:\/\/velovitamine.fr\/contact-2\/"]}]},{"@type":"BreadcrumbList","@id":"https:\/\/velovitamine.fr\/contact-2\/#breadcrumb","itemListElement":[{"@type":"ListItem","position":1,"name":"Accueil","item":"https:\/\/velovitamine.fr\/"},{"@type":"ListItem","position":2,"name":"Contact"}]},{"@type":"WebSite","@id":"https:\/\/velovitamine.fr\/#website","url":"https:\/\/velovitamine.fr\/","name":"Velovitamine.fr","description":"(FR) Un site qui roule...","publisher":{"@id":"https:\/\/velovitamine.fr\/#organization"},"potentialAction":[{"@type":"SearchAction","target":{"@type":"EntryPoint","urlTemplate":"https:\/\/velovitamine.fr\/?s={search_term_string}"},"query-input":{"@type":"PropertyValueSpecification","valueRequired":true,"valueName":"search_term_string"}}],"inLanguage":"pt-PT"},{"@type":"Organization","@id":"https:\/\/velovitamine.fr\/#organization","name":"Velovitamine","url":"https:\/\/velovitamine.fr\/","logo":{"@type":"ImageObject","inLanguage":"pt-PT","@id":"https:\/\/velovitamine.fr\/#\/schema\/logo\/image\/","url":"https:\/\/velovitamine.fr\/wp-content\/uploads\/2014\/10\/cropped-logo1-e1444671967804.jpg","contentUrl":"https:\/\/velovitamine.fr\/wp-content\/uploads\/2014\/10\/cropped-logo1-e1444671967804.jpg","width":512,"height":512,"caption":"Velovitamine"},"image":{"@id":"https:\/\/velovitamine.fr\/#\/schema\/logo\/image\/"}}]}},"_links":{"self":[{"href":"https:\/\/velovitamine.fr\/pt\/wp-json\/wp\/v2\/pages\/2041","targetHints":{"allow":["GET"]}}],"collection":[{"href":"https:\/\/velovitamine.fr\/pt\/wp-json\/wp\/v2\/pages"}],"about":[{"href":"https:\/\/velovitamine.fr\/pt\/wp-json\/wp\/v2\/types\/page"}],"author":[{"embeddable":true,"href":"https:\/\/velovitamine.fr\/pt\/wp-json\/wp\/v2\/users\/2"}],"replies":[{"embeddable":true,"href":"https:\/\/velovitamine.fr\/pt\/wp-json\/wp\/v2\/comments?post=2041"}],"version-history":[{"count":35,"href":"https:\/\/velovitamine.fr\/pt\/wp-json\/wp\/v2\/pages\/2041\/revisions"}],"predecessor-version":[{"id":260821,"href":"https:\/\/velovitamine.fr\/pt\/wp-json\/wp\/v2\/pages\/2041\/revisions\/260821"}],"wp:attachment":[{"href":"https:\/\/velovitamine.fr\/pt\/wp-json\/wp\/v2\/media?parent=2041"}],"curies":[{"name":"wp","href":"https:\/\/api.w.org\/{rel}","templated":true}]}}