{"id":2179,"date":"2017-04-22T17:32:33","date_gmt":"2017-04-22T15:32:33","guid":{"rendered":"http:\/\/velovitamine.fr\/?page_id=2179"},"modified":"2025-03-31T18:32:00","modified_gmt":"2025-03-31T16:32:00","slug":"horaires-acces","status":"publish","type":"page","link":"https:\/\/velovitamine.fr\/es\/horaires-acces\/","title":{"rendered":"(FR) Horaires, Acc\u00e8s"},"content":{"rendered":"<p class=\"qtranxs-available-languages-message qtranxs-available-languages-message-es\">Disculpa, pero esta entrada est\u00e1 disponible s\u00f3lo en <a href=\"https:\/\/velovitamine.fr\/fr\/wp-json\/wp\/v2\/pages\/2179\" class=\"qtranxs-available-language-link qtranxs-available-language-link-fr\" title=\"FR\">FR<\/a> y <a href=\"https:\/\/velovitamine.fr\/en\/wp-json\/wp\/v2\/pages\/2179\" class=\"qtranxs-available-language-link qtranxs-available-language-link-en\" title=\"EN\">EN<\/a>. For the sake of viewer convenience, the content is shown below in this site default language. You may click one of the links to switch the site language to another available language.<\/p><p><\/p>\r\n<p><\/p>\r\n\r\n<div class=\"wp-block-spacer\" style=\"height: 100px;\" aria-hidden=\"true\">\u00a0<\/div>\r\n\r\n<p>&nbsp;<\/p>\r\n<h2><span style=\"color: #538ab0;\">Horaires<\/span><\/h2>\r\n<p><span style=\"color: #538ab0;\"><strong>Velovitamine est ouvert du lundi au dimanche de 10 h \u00e0 18 h.<\/strong><\/span><\/p>\r\n<p>Vous n&#8217;avez pas besoin de vous rendre chez Velovitamine pour vos activit\u00e9s. Vos commandes sont prises par t\u00e9l\u00e9phone ou mail.<\/p>\r\n<p>Les d\u00e9parts se font du lieu de l&#8217;activit\u00e9 choisie.<\/p>\r\n<p>N\u00e9anmoins si vous souhaitez rencontrer Velovitamine, veuillez prendre contact par t\u00e9l\u00e9phone pr\u00e9alablement, nous pouvons aussi nous d\u00e9placer chez vous.<br \/>Accueil t\u00e9l\u00e9phonique de 9H \u00e0 18H au 06 74 59 70 64<\/p>\r\n<p>Pour la r\u00e9paration de v\u00e9lo et la location, veuillez prendre contact pour vous assurer de la disponibilit\u00e9 de l\u2019accueil sur place.<\/p>\r\n<h2>Acc\u00e8s et zone d&#8217;interventions r\u00e9guli\u00e8res :<\/h2>\r\n<p><a href=\"https:\/\/www.google.fr\/maps\/place\/VELOVITAMINE\/@47.2890291,3.9605338,8.75z\/data=!4m2!3m1!1s0x0:0x642c0eb0103f3b16\" target=\"_blank\" rel=\"noopener\"><img decoding=\"async\" style=\"height: 120px;\" src=\"http:\/\/velovitamine.fr\/wp-content\/uploads\/2017\/03\/carte_velovitamine2.png\" alt=\"Map Velovitamine\" \/><\/a><\/p>\r\n<p>&nbsp;<\/p>\r\n\r\n<p>&nbsp;<\/p>\r\n\r\n<p><\/p>\r\n<p><\/p>","protected":false},"excerpt":{"rendered":"<p>Disculpa, pero esta entrada est\u00e1 disponible s\u00f3lo en FR y EN. For the sake of viewer convenience, the content is shown below in this site default language. You may click [&hellip;]<\/p>\n","protected":false},"author":2,"featured_media":0,"parent":0,"menu_order":0,"comment_status":"closed","ping_status":"closed","template":"","meta":{"_monsterinsights_skip_tracking":false,"_monsterinsights_sitenote_active":false,"_monsterinsights_sitenote_note":"","_monsterinsights_sitenote_category":0,"site-sidebar-layout":"default","site-content-layout":"default","ast-site-content-layout":"default","site-content-style":"default","site-sidebar-style":"default","ast-global-header-display":"","ast-banner-title-visibility":"","ast-main-header-display":"","ast-hfb-above-header-display":"","ast-hfb-below-header-display":"","ast-hfb-mobile-header-display":"","site-post-title":"","ast-breadcrumbs-content":"","ast-featured-img":"","footer-sml-layout":"","ast-disable-related-posts":"","theme-transparent-header-meta":"default","adv-header-id-meta":"","stick-header-meta":"","header-above-stick-meta":"","header-main-stick-meta":"","header-below-stick-meta":"","astra-migrate-meta-layouts":"set","ast-page-background-enabled":"default","ast-page-background-meta":{"desktop":{"background-color":"","background-image":"","background-repeat":"repeat","background-position":"center center","background-size":"auto","background-attachment":"scroll","background-type":"","background-media":"","overlay-type":"","overlay-color":"","overlay-opacity":"","overlay-gradient":""},"tablet":{"background-color":"","background-image":"","background-repeat":"repeat","background-position":"center center","background-size":"auto","background-attachment":"scroll","background-type":"","background-media":"","overlay-type":"","overlay-color":"","overlay-opacity":"","overlay-gradient":""},"mobile":{"background-color":"","background-image":"","background-repeat":"repeat","background-position":"center center","background-size":"auto","background-attachment":"scroll","background-type":"","background-media":"","overlay-type":"","overlay-color":"","overlay-opacity":"","overlay-gradient":""}},"ast-content-background-meta":{"desktop":{"background-color":"var(--ast-global-color-5)","background-image":"","background-repeat":"repeat","background-position":"center center","background-size":"auto","background-attachment":"scroll","background-type":"","background-media":"","overlay-type":"","overlay-color":"","overlay-opacity":"","overlay-gradient":""},"tablet":{"background-color":"var(--ast-global-color-5)","background-image":"","background-repeat":"repeat","background-position":"center center","background-size":"auto","background-attachment":"scroll","background-type":"","background-media":"","overlay-type":"","overlay-color":"","overlay-opacity":"","overlay-gradient":""},"mobile":{"background-color":"var(--ast-global-color-5)","background-image":"","background-repeat":"repeat","background-position":"center center","background-size":"auto","background-attachment":"scroll","background-type":"","background-media":"","overlay-type":"","overlay-color":"","overlay-opacity":"","overlay-gradient":""}},"footnotes":""},"class_list":["post-2179","page","type-page","status-publish","hentry"],"yoast_head":"<!-- This site is optimized with the Yoast SEO plugin v27.2 - https:\/\/yoast.com\/product\/yoast-seo-wordpress\/ -->\n<title><\/title>\n<meta name=\"description\" content=\"Horaires : Velovitamine est ouvert du lundi au dimanche de 10 h \u00e0 18 h. Vin et v\u00e9lo Bourgogne, Guide, Location et R\u00e9paration v\u00e9los, Activit\u00e9 groupe, D\u00e9gustation\" \/>\n<meta name=\"robots\" content=\"index, follow, max-snippet:-1, max-image-preview:large, max-video-preview:-1\" \/>\n<link rel=\"canonical\" href=\"https:\/\/velovitamine.fr\/horaires-acces\/\" \/>\n<meta property=\"og:locale\" content=\"es_ES\" \/>\n<meta property=\"og:type\" content=\"article\" \/>\n<meta property=\"og:title\" content=\"[:fr]Horaires, Acc\u00e8s[:en]Opening hours and access[:] - Velovitamine.fr\" \/>\n<meta property=\"og:description\" content=\"Horaires : Velovitamine est ouvert du lundi au dimanche de 10 h \u00e0 18 h. Vin et v\u00e9lo Bourgogne, Guide, Location et R\u00e9paration v\u00e9los, Activit\u00e9 groupe, D\u00e9gustation\" \/>\n<meta property=\"og:url\" content=\"https:\/\/velovitamine.fr\/horaires-acces\/\" \/>\n<meta property=\"og:site_name\" content=\"Velovitamine.fr\" \/>\n<meta property=\"article:modified_time\" content=\"2025-03-31T16:32:00+00:00\" \/>\n<meta property=\"og:image\" content=\"http:\/\/velovitamine.fr\/wp-content\/uploads\/2017\/03\/carte_velovitamine2.png\" \/>\n<meta name=\"twitter:card\" content=\"summary_large_image\" \/>\n<meta name=\"twitter:label1\" content=\"Tiempo de lectura\" \/>\n\t<meta name=\"twitter:data1\" content=\"3 minutos\" \/>\n<script type=\"application\/ld+json\" class=\"yoast-schema-graph\">{\"@context\":\"https:\/\/schema.org\",\"@graph\":[{\"@type\":\"WebPage\",\"@id\":\"https:\/\/velovitamine.fr\/horaires-acces\/\",\"url\":\"https:\/\/velovitamine.fr\/horaires-acces\/\",\"name\":\"[:fr]Horaires, Acc\u00e8s[:en]Opening hours and access[:] - Velovitamine.fr\",\"isPartOf\":{\"@id\":\"https:\/\/velovitamine.fr\/#website\"},\"primaryImageOfPage\":{\"@id\":\"https:\/\/velovitamine.fr\/horaires-acces\/#primaryimage\"},\"image\":{\"@id\":\"https:\/\/velovitamine.fr\/horaires-acces\/#primaryimage\"},\"thumbnailUrl\":\"http:\/\/velovitamine.fr\/wp-content\/uploads\/2017\/03\/carte_velovitamine2.png\",\"datePublished\":\"2017-04-22T15:32:33+00:00\",\"dateModified\":\"2025-03-31T16:32:00+00:00\",\"description\":\"Horaires : Velovitamine est ouvert du lundi au dimanche de 10 h \u00e0 18 h. Vin et v\u00e9lo Bourgogne, Guide, Location et R\u00e9paration v\u00e9los, Activit\u00e9 groupe, D\u00e9gustation\",\"breadcrumb\":{\"@id\":\"https:\/\/velovitamine.fr\/horaires-acces\/#breadcrumb\"},\"inLanguage\":\"es\",\"potentialAction\":[{\"@type\":\"ReadAction\",\"target\":[\"https:\/\/velovitamine.fr\/horaires-acces\/\"]}]},{\"@type\":\"ImageObject\",\"inLanguage\":\"es\",\"@id\":\"https:\/\/velovitamine.fr\/horaires-acces\/#primaryimage\",\"url\":\"http:\/\/velovitamine.fr\/wp-content\/uploads\/2017\/03\/carte_velovitamine2.png\",\"contentUrl\":\"http:\/\/velovitamine.fr\/wp-content\/uploads\/2017\/03\/carte_velovitamine2.png\"},{\"@type\":\"BreadcrumbList\",\"@id\":\"https:\/\/velovitamine.fr\/horaires-acces\/#breadcrumb\",\"itemListElement\":[{\"@type\":\"ListItem\",\"position\":1,\"name\":\"Accueil\",\"item\":\"https:\/\/velovitamine.fr\/\"},{\"@type\":\"ListItem\",\"position\":2,\"name\":\"Horaires, Acc\u00e8s\"}]},{\"@type\":\"WebSite\",\"@id\":\"https:\/\/velovitamine.fr\/#website\",\"url\":\"https:\/\/velovitamine.fr\/\",\"name\":\"Velovitamine.fr\",\"description\":\"(FR) Un site qui roule...\",\"publisher\":{\"@id\":\"https:\/\/velovitamine.fr\/#organization\"},\"potentialAction\":[{\"@type\":\"SearchAction\",\"target\":{\"@type\":\"EntryPoint\",\"urlTemplate\":\"https:\/\/velovitamine.fr\/?s={search_term_string}\"},\"query-input\":{\"@type\":\"PropertyValueSpecification\",\"valueRequired\":true,\"valueName\":\"search_term_string\"}}],\"inLanguage\":\"es\"},{\"@type\":\"Organization\",\"@id\":\"https:\/\/velovitamine.fr\/#organization\",\"name\":\"Velovitamine\",\"url\":\"https:\/\/velovitamine.fr\/\",\"logo\":{\"@type\":\"ImageObject\",\"inLanguage\":\"es\",\"@id\":\"https:\/\/velovitamine.fr\/#\/schema\/logo\/image\/\",\"url\":\"https:\/\/velovitamine.fr\/wp-content\/uploads\/2014\/10\/cropped-logo1-e1444671967804.jpg\",\"contentUrl\":\"https:\/\/velovitamine.fr\/wp-content\/uploads\/2014\/10\/cropped-logo1-e1444671967804.jpg\",\"width\":512,\"height\":512,\"caption\":\"Velovitamine\"},\"image\":{\"@id\":\"https:\/\/velovitamine.fr\/#\/schema\/logo\/image\/\"}}]}<\/script>\n<!-- \/ Yoast SEO plugin. -->","yoast_head_json":{"title":"[:fr]Horaires, Acc\u00e8s[:en]Opening hours and access[:] - Velovitamine.fr","description":"Horaires : Velovitamine est ouvert du lundi au dimanche de 10 h \u00e0 18 h. Vin et v\u00e9lo Bourgogne, Guide, Location et R\u00e9paration v\u00e9los, Activit\u00e9 groupe, D\u00e9gustation","robots":{"index":"index","follow":"follow","max-snippet":"max-snippet:-1","max-image-preview":"max-image-preview:large","max-video-preview":"max-video-preview:-1"},"canonical":"https:\/\/velovitamine.fr\/horaires-acces\/","og_locale":"es_ES","og_type":"article","og_title":"[:fr]Horaires, Acc\u00e8s[:en]Opening hours and access[:] - Velovitamine.fr","og_description":"Horaires : Velovitamine est ouvert du lundi au dimanche de 10 h \u00e0 18 h. Vin et v\u00e9lo Bourgogne, Guide, Location et R\u00e9paration v\u00e9los, Activit\u00e9 groupe, D\u00e9gustation","og_url":"https:\/\/velovitamine.fr\/horaires-acces\/","og_site_name":"Velovitamine.fr","article_modified_time":"2025-03-31T16:32:00+00:00","og_image":[{"url":"http:\/\/velovitamine.fr\/wp-content\/uploads\/2017\/03\/carte_velovitamine2.png","type":"","width":"","height":""}],"twitter_card":"summary_large_image","twitter_misc":{"Tiempo de lectura":"3 minutos"},"schema":{"@context":"https:\/\/schema.org","@graph":[{"@type":"WebPage","@id":"https:\/\/velovitamine.fr\/horaires-acces\/","url":"https:\/\/velovitamine.fr\/horaires-acces\/","name":"[:fr]Horaires, Acc\u00e8s[:en]Opening hours and access[:] - Velovitamine.fr","isPartOf":{"@id":"https:\/\/velovitamine.fr\/#website"},"primaryImageOfPage":{"@id":"https:\/\/velovitamine.fr\/horaires-acces\/#primaryimage"},"image":{"@id":"https:\/\/velovitamine.fr\/horaires-acces\/#primaryimage"},"thumbnailUrl":"http:\/\/velovitamine.fr\/wp-content\/uploads\/2017\/03\/carte_velovitamine2.png","datePublished":"2017-04-22T15:32:33+00:00","dateModified":"2025-03-31T16:32:00+00:00","description":"Horaires : Velovitamine est ouvert du lundi au dimanche de 10 h \u00e0 18 h. Vin et v\u00e9lo Bourgogne, Guide, Location et R\u00e9paration v\u00e9los, Activit\u00e9 groupe, D\u00e9gustation","breadcrumb":{"@id":"https:\/\/velovitamine.fr\/horaires-acces\/#breadcrumb"},"inLanguage":"es","potentialAction":[{"@type":"ReadAction","target":["https:\/\/velovitamine.fr\/horaires-acces\/"]}]},{"@type":"ImageObject","inLanguage":"es","@id":"https:\/\/velovitamine.fr\/horaires-acces\/#primaryimage","url":"http:\/\/velovitamine.fr\/wp-content\/uploads\/2017\/03\/carte_velovitamine2.png","contentUrl":"http:\/\/velovitamine.fr\/wp-content\/uploads\/2017\/03\/carte_velovitamine2.png"},{"@type":"BreadcrumbList","@id":"https:\/\/velovitamine.fr\/horaires-acces\/#breadcrumb","itemListElement":[{"@type":"ListItem","position":1,"name":"Accueil","item":"https:\/\/velovitamine.fr\/"},{"@type":"ListItem","position":2,"name":"Horaires, Acc\u00e8s"}]},{"@type":"WebSite","@id":"https:\/\/velovitamine.fr\/#website","url":"https:\/\/velovitamine.fr\/","name":"Velovitamine.fr","description":"(FR) Un site qui roule...","publisher":{"@id":"https:\/\/velovitamine.fr\/#organization"},"potentialAction":[{"@type":"SearchAction","target":{"@type":"EntryPoint","urlTemplate":"https:\/\/velovitamine.fr\/?s={search_term_string}"},"query-input":{"@type":"PropertyValueSpecification","valueRequired":true,"valueName":"search_term_string"}}],"inLanguage":"es"},{"@type":"Organization","@id":"https:\/\/velovitamine.fr\/#organization","name":"Velovitamine","url":"https:\/\/velovitamine.fr\/","logo":{"@type":"ImageObject","inLanguage":"es","@id":"https:\/\/velovitamine.fr\/#\/schema\/logo\/image\/","url":"https:\/\/velovitamine.fr\/wp-content\/uploads\/2014\/10\/cropped-logo1-e1444671967804.jpg","contentUrl":"https:\/\/velovitamine.fr\/wp-content\/uploads\/2014\/10\/cropped-logo1-e1444671967804.jpg","width":512,"height":512,"caption":"Velovitamine"},"image":{"@id":"https:\/\/velovitamine.fr\/#\/schema\/logo\/image\/"}}]}},"_links":{"self":[{"href":"https:\/\/velovitamine.fr\/es\/wp-json\/wp\/v2\/pages\/2179","targetHints":{"allow":["GET"]}}],"collection":[{"href":"https:\/\/velovitamine.fr\/es\/wp-json\/wp\/v2\/pages"}],"about":[{"href":"https:\/\/velovitamine.fr\/es\/wp-json\/wp\/v2\/types\/page"}],"author":[{"embeddable":true,"href":"https:\/\/velovitamine.fr\/es\/wp-json\/wp\/v2\/users\/2"}],"replies":[{"embeddable":true,"href":"https:\/\/velovitamine.fr\/es\/wp-json\/wp\/v2\/comments?post=2179"}],"version-history":[{"count":12,"href":"https:\/\/velovitamine.fr\/es\/wp-json\/wp\/v2\/pages\/2179\/revisions"}],"predecessor-version":[{"id":260381,"href":"https:\/\/velovitamine.fr\/es\/wp-json\/wp\/v2\/pages\/2179\/revisions\/260381"}],"wp:attachment":[{"href":"https:\/\/velovitamine.fr\/es\/wp-json\/wp\/v2\/media?parent=2179"}],"curies":[{"name":"wp","href":"https:\/\/api.w.org\/{rel}","templated":true}]}}