{"id":313,"date":"2015-11-18T19:13:48","date_gmt":"2015-11-18T17:13:48","guid":{"rendered":"http:\/\/velovitamine.fr\/?page_id=313"},"modified":"2025-04-08T12:20:30","modified_gmt":"2025-04-08T10:20:30","slug":"conditions-generales","status":"publish","type":"page","link":"https:\/\/velovitamine.fr\/en\/conditions-generales\/","title":{"rendered":"Terms &#038; Conditions"},"content":{"rendered":"<div class=\"wp-block-spacer\" style=\"height: 100px;\" aria-hidden=\"true\">\u00a0<\/div>\r\n\r\n<p><strong>Adress corporate office :<\/strong><\/p>\r\n<p>VELOVITAMINE<br \/>4 rue Clerc<br \/>21350 AVOSNES<br \/>Bourgogne- FRANCE<\/p>\r\n<p><strong>Siret :<\/strong> 52423356600040<\/p>\r\n<p><strong>Professional insurance :<\/strong> MMA &amp; GROUPAMA &amp; ABEILLE ASSURANCE<\/p>\r\n<p>&nbsp;<\/p>\r\n<h3><strong>TERMS AND CONDITIONS<\/strong><\/h3>\r\n<p><strong>PAYMENT :<\/strong><br \/>Cash, cheques , bank transfer are accepted. NO credit or debit cards.<\/p>\r\n<p><strong>RESERVATION \/ BOOKING :<\/strong><br \/>Reservations can be made by e-mail or telephone. A down payment of 50% of the total amount must be made when ordering, it will be cashed and will secure the booking. On some offers the rest of the payment must be made 1 month before<\/p>\r\n<p><strong>CANCELLATION :<\/strong><br \/>Velovitamine, represented by M.Ludwig DAGOREAU, reserves the right to cancel a tour in case of force majeure, exceptional situation or adverse weather conditions which might affect the safety of the clients.<br \/>In this case, the tour offers to reschedule the activity and if it is not possible, the down payment shall be refunded.<br \/>In case the client himself cancels the activity, the down payment shall not be refunded<br \/><strong>Nota Bene <\/strong>: Rain does not stop our biking or open air activities. We get in touch with the client the day before so that he can come with the appropriate personal equipment.<br \/>In case of unforeseen heavy rain, we will shelter in places planned beforehand (wine cellars, shops, halls\u2026.). In case of snow, it all depends on the road conditions. The weather conditions are very rarely extreme in Burgundy, so open air activities are nearly always possible with the appropriate equipment.<\/p>\r\n<p><strong>BIKE RENTAL :<\/strong><br \/>A\u00a0 50 % deposit is required and cashed when booking.<br \/>A rental agreement is signed when you actually get the bike and you have to give\u00a0 Velovitamine a deposit cheque together with an Identification Document.<br \/>Each bicycle must be correctly and appropriately used. Velovitamine shall be entitled to claim any financial compensation incurred by the damage, breakage, loss or theft of any part (derailleur gear, panniers, children seat\u2026.) or if the bike is stolen<\/p>\r\n<p><strong>PRICING :<\/strong><br \/>The prices applied by Velovitamine are net prices. &#8220;VAT not applicable, article 293 B of the CGI&#8221;<\/p>\r\n<p>&nbsp;<\/p>","protected":false},"excerpt":{"rendered":"<p>Adress corporate office : VELOVITAMINE4 rue Clerc21350 AVOSNESBourgogne- FRANCE Siret : 52423356600040 Professional insurance : MMA &amp; GROUPAMA &amp; ABEILLE ASSURANCE &nbsp; TERMS AND CONDITIONS PAYMENT :Cash, cheques , bank [&hellip;]<\/p>\n","protected":false},"author":1,"featured_media":0,"parent":0,"menu_order":0,"comment_status":"closed","ping_status":"closed","template":"","meta":{"_monsterinsights_skip_tracking":false,"_monsterinsights_sitenote_active":false,"_monsterinsights_sitenote_note":"","_monsterinsights_sitenote_category":0,"site-sidebar-layout":"default","site-content-layout":"default","ast-site-content-layout":"default","site-content-style":"default","site-sidebar-style":"default","ast-global-header-display":"","ast-banner-title-visibility":"","ast-main-header-display":"","ast-hfb-above-header-display":"","ast-hfb-below-header-display":"","ast-hfb-mobile-header-display":"","site-post-title":"","ast-breadcrumbs-content":"","ast-featured-img":"","footer-sml-layout":"","ast-disable-related-posts":"","theme-transparent-header-meta":"default","adv-header-id-meta":"","stick-header-meta":"","header-above-stick-meta":"","header-main-stick-meta":"","header-below-stick-meta":"","astra-migrate-meta-layouts":"set","ast-page-background-enabled":"default","ast-page-background-meta":{"desktop":{"background-color":"","background-image":"","background-repeat":"repeat","background-position":"center center","background-size":"auto","background-attachment":"scroll","background-type":"","background-media":"","overlay-type":"","overlay-color":"","overlay-opacity":"","overlay-gradient":""},"tablet":{"background-color":"","background-image":"","background-repeat":"repeat","background-position":"center center","background-size":"auto","background-attachment":"scroll","background-type":"","background-media":"","overlay-type":"","overlay-color":"","overlay-opacity":"","overlay-gradient":""},"mobile":{"background-color":"","background-image":"","background-repeat":"repeat","background-position":"center center","background-size":"auto","background-attachment":"scroll","background-type":"","background-media":"","overlay-type":"","overlay-color":"","overlay-opacity":"","overlay-gradient":""}},"ast-content-background-meta":{"desktop":{"background-color":"var(--ast-global-color-5)","background-image":"","background-repeat":"repeat","background-position":"center center","background-size":"auto","background-attachment":"scroll","background-type":"","background-media":"","overlay-type":"","overlay-color":"","overlay-opacity":"","overlay-gradient":""},"tablet":{"background-color":"var(--ast-global-color-5)","background-image":"","background-repeat":"repeat","background-position":"center center","background-size":"auto","background-attachment":"scroll","background-type":"","background-media":"","overlay-type":"","overlay-color":"","overlay-opacity":"","overlay-gradient":""},"mobile":{"background-color":"var(--ast-global-color-5)","background-image":"","background-repeat":"repeat","background-position":"center center","background-size":"auto","background-attachment":"scroll","background-type":"","background-media":"","overlay-type":"","overlay-color":"","overlay-opacity":"","overlay-gradient":""}},"footnotes":""},"class_list":["post-313","page","type-page","status-publish","hentry"],"yoast_head":"<!-- This site is optimized with the Yoast SEO plugin v27.2 - https:\/\/yoast.com\/product\/yoast-seo-wordpress\/ -->\n<title>Terms &amp; Conditions - Velovitamine.fr<\/title>\n<meta name=\"description\" content=\"Conditions g\u00e9n\u00e9rales et particuli\u00e8res de vente - si\u00e8ge social - num\u00e9ro d&#039;immatriculation - tarification -\" \/>\n<meta name=\"robots\" content=\"index, follow, max-snippet:-1, max-image-preview:large, max-video-preview:-1\" \/>\n<link rel=\"canonical\" href=\"https:\/\/velovitamine.fr\/conditions-generales\/\" \/>\n<meta property=\"og:locale\" content=\"en_US\" \/>\n<meta property=\"og:type\" content=\"article\" \/>\n<meta property=\"og:title\" content=\"[:fr]Conditions g\u00e9n\u00e9rales[:en]Terms &amp; Conditions[:] - Velovitamine.fr\" \/>\n<meta property=\"og:description\" content=\"Conditions g\u00e9n\u00e9rales et particuli\u00e8res de vente - si\u00e8ge social - num\u00e9ro d&#039;immatriculation - tarification -\" \/>\n<meta property=\"og:url\" content=\"https:\/\/velovitamine.fr\/conditions-generales\/\" \/>\n<meta property=\"og:site_name\" content=\"Velovitamine.fr\" \/>\n<meta property=\"article:modified_time\" content=\"2025-04-08T10:20:30+00:00\" \/>\n<meta property=\"og:image\" content=\"https:\/\/velovitamine.fr\/wp-content\/uploads\/2023\/10\/logo-mediation.png\" \/>\n\t<meta property=\"og:image:width\" content=\"300\" \/>\n\t<meta property=\"og:image:height\" content=\"71\" \/>\n\t<meta property=\"og:image:type\" content=\"image\/png\" \/>\n<meta name=\"twitter:card\" content=\"summary_large_image\" \/>\n<meta name=\"twitter:label1\" content=\"Est. reading time\" \/>\n\t<meta name=\"twitter:data1\" content=\"4 minutes\" \/>\n<script type=\"application\/ld+json\" class=\"yoast-schema-graph\">{\"@context\":\"https:\/\/schema.org\",\"@graph\":[{\"@type\":\"WebPage\",\"@id\":\"https:\/\/velovitamine.fr\/conditions-generales\/\",\"url\":\"https:\/\/velovitamine.fr\/conditions-generales\/\",\"name\":\"[:fr]Conditions g\u00e9n\u00e9rales[:en]Terms & Conditions[:] - Velovitamine.fr\",\"isPartOf\":{\"@id\":\"https:\/\/velovitamine.fr\/#website\"},\"primaryImageOfPage\":{\"@id\":\"https:\/\/velovitamine.fr\/conditions-generales\/#primaryimage\"},\"image\":{\"@id\":\"https:\/\/velovitamine.fr\/conditions-generales\/#primaryimage\"},\"thumbnailUrl\":\"https:\/\/velovitamine.fr\/wp-content\/uploads\/2023\/10\/logo-mediation.png\",\"datePublished\":\"2015-11-18T17:13:48+00:00\",\"dateModified\":\"2025-04-08T10:20:30+00:00\",\"description\":\"Conditions g\u00e9n\u00e9rales et particuli\u00e8res de vente - si\u00e8ge social - num\u00e9ro d'immatriculation - tarification -\",\"breadcrumb\":{\"@id\":\"https:\/\/velovitamine.fr\/conditions-generales\/#breadcrumb\"},\"inLanguage\":\"en-US\",\"potentialAction\":[{\"@type\":\"ReadAction\",\"target\":[\"https:\/\/velovitamine.fr\/conditions-generales\/\"]}]},{\"@type\":\"ImageObject\",\"inLanguage\":\"en-US\",\"@id\":\"https:\/\/velovitamine.fr\/conditions-generales\/#primaryimage\",\"url\":\"https:\/\/velovitamine.fr\/wp-content\/uploads\/2023\/10\/logo-mediation.png\",\"contentUrl\":\"https:\/\/velovitamine.fr\/wp-content\/uploads\/2023\/10\/logo-mediation.png\"},{\"@type\":\"BreadcrumbList\",\"@id\":\"https:\/\/velovitamine.fr\/conditions-generales\/#breadcrumb\",\"itemListElement\":[{\"@type\":\"ListItem\",\"position\":1,\"name\":\"Accueil\",\"item\":\"https:\/\/velovitamine.fr\/\"},{\"@type\":\"ListItem\",\"position\":2,\"name\":\"Conditions g\u00e9n\u00e9rales\"}]},{\"@type\":\"WebSite\",\"@id\":\"https:\/\/velovitamine.fr\/#website\",\"url\":\"https:\/\/velovitamine.fr\/\",\"name\":\"Velovitamine.fr\",\"description\":\"The rolling web site...\",\"publisher\":{\"@id\":\"https:\/\/velovitamine.fr\/#organization\"},\"potentialAction\":[{\"@type\":\"SearchAction\",\"target\":{\"@type\":\"EntryPoint\",\"urlTemplate\":\"https:\/\/velovitamine.fr\/?s={search_term_string}\"},\"query-input\":{\"@type\":\"PropertyValueSpecification\",\"valueRequired\":true,\"valueName\":\"search_term_string\"}}],\"inLanguage\":\"en-US\"},{\"@type\":\"Organization\",\"@id\":\"https:\/\/velovitamine.fr\/#organization\",\"name\":\"Velovitamine\",\"url\":\"https:\/\/velovitamine.fr\/\",\"logo\":{\"@type\":\"ImageObject\",\"inLanguage\":\"en-US\",\"@id\":\"https:\/\/velovitamine.fr\/#\/schema\/logo\/image\/\",\"url\":\"https:\/\/velovitamine.fr\/wp-content\/uploads\/2014\/10\/cropped-logo1-e1444671967804.jpg\",\"contentUrl\":\"https:\/\/velovitamine.fr\/wp-content\/uploads\/2014\/10\/cropped-logo1-e1444671967804.jpg\",\"width\":512,\"height\":512,\"caption\":\"Velovitamine\"},\"image\":{\"@id\":\"https:\/\/velovitamine.fr\/#\/schema\/logo\/image\/\"}}]}<\/script>\n<!-- \/ Yoast SEO plugin. -->","yoast_head_json":{"title":"[:fr]Conditions g\u00e9n\u00e9rales[:en]Terms & Conditions[:] - Velovitamine.fr","description":"Conditions g\u00e9n\u00e9rales et particuli\u00e8res de vente - si\u00e8ge social - num\u00e9ro d'immatriculation - tarification -","robots":{"index":"index","follow":"follow","max-snippet":"max-snippet:-1","max-image-preview":"max-image-preview:large","max-video-preview":"max-video-preview:-1"},"canonical":"https:\/\/velovitamine.fr\/conditions-generales\/","og_locale":"en_US","og_type":"article","og_title":"[:fr]Conditions g\u00e9n\u00e9rales[:en]Terms & Conditions[:] - Velovitamine.fr","og_description":"Conditions g\u00e9n\u00e9rales et particuli\u00e8res de vente - si\u00e8ge social - num\u00e9ro d'immatriculation - tarification -","og_url":"https:\/\/velovitamine.fr\/conditions-generales\/","og_site_name":"Velovitamine.fr","article_modified_time":"2025-04-08T10:20:30+00:00","og_image":[{"width":300,"height":71,"url":"https:\/\/velovitamine.fr\/wp-content\/uploads\/2023\/10\/logo-mediation.png","type":"image\/png"}],"twitter_card":"summary_large_image","twitter_misc":{"Est. reading time":"4 minutes"},"schema":{"@context":"https:\/\/schema.org","@graph":[{"@type":"WebPage","@id":"https:\/\/velovitamine.fr\/conditions-generales\/","url":"https:\/\/velovitamine.fr\/conditions-generales\/","name":"[:fr]Conditions g\u00e9n\u00e9rales[:en]Terms & Conditions[:] - Velovitamine.fr","isPartOf":{"@id":"https:\/\/velovitamine.fr\/#website"},"primaryImageOfPage":{"@id":"https:\/\/velovitamine.fr\/conditions-generales\/#primaryimage"},"image":{"@id":"https:\/\/velovitamine.fr\/conditions-generales\/#primaryimage"},"thumbnailUrl":"https:\/\/velovitamine.fr\/wp-content\/uploads\/2023\/10\/logo-mediation.png","datePublished":"2015-11-18T17:13:48+00:00","dateModified":"2025-04-08T10:20:30+00:00","description":"Conditions g\u00e9n\u00e9rales et particuli\u00e8res de vente - si\u00e8ge social - num\u00e9ro d'immatriculation - tarification -","breadcrumb":{"@id":"https:\/\/velovitamine.fr\/conditions-generales\/#breadcrumb"},"inLanguage":"en-US","potentialAction":[{"@type":"ReadAction","target":["https:\/\/velovitamine.fr\/conditions-generales\/"]}]},{"@type":"ImageObject","inLanguage":"en-US","@id":"https:\/\/velovitamine.fr\/conditions-generales\/#primaryimage","url":"https:\/\/velovitamine.fr\/wp-content\/uploads\/2023\/10\/logo-mediation.png","contentUrl":"https:\/\/velovitamine.fr\/wp-content\/uploads\/2023\/10\/logo-mediation.png"},{"@type":"BreadcrumbList","@id":"https:\/\/velovitamine.fr\/conditions-generales\/#breadcrumb","itemListElement":[{"@type":"ListItem","position":1,"name":"Accueil","item":"https:\/\/velovitamine.fr\/"},{"@type":"ListItem","position":2,"name":"Conditions g\u00e9n\u00e9rales"}]},{"@type":"WebSite","@id":"https:\/\/velovitamine.fr\/#website","url":"https:\/\/velovitamine.fr\/","name":"Velovitamine.fr","description":"The rolling web site...","publisher":{"@id":"https:\/\/velovitamine.fr\/#organization"},"potentialAction":[{"@type":"SearchAction","target":{"@type":"EntryPoint","urlTemplate":"https:\/\/velovitamine.fr\/?s={search_term_string}"},"query-input":{"@type":"PropertyValueSpecification","valueRequired":true,"valueName":"search_term_string"}}],"inLanguage":"en-US"},{"@type":"Organization","@id":"https:\/\/velovitamine.fr\/#organization","name":"Velovitamine","url":"https:\/\/velovitamine.fr\/","logo":{"@type":"ImageObject","inLanguage":"en-US","@id":"https:\/\/velovitamine.fr\/#\/schema\/logo\/image\/","url":"https:\/\/velovitamine.fr\/wp-content\/uploads\/2014\/10\/cropped-logo1-e1444671967804.jpg","contentUrl":"https:\/\/velovitamine.fr\/wp-content\/uploads\/2014\/10\/cropped-logo1-e1444671967804.jpg","width":512,"height":512,"caption":"Velovitamine"},"image":{"@id":"https:\/\/velovitamine.fr\/#\/schema\/logo\/image\/"}}]}},"_links":{"self":[{"href":"https:\/\/velovitamine.fr\/en\/wp-json\/wp\/v2\/pages\/313","targetHints":{"allow":["GET"]}}],"collection":[{"href":"https:\/\/velovitamine.fr\/en\/wp-json\/wp\/v2\/pages"}],"about":[{"href":"https:\/\/velovitamine.fr\/en\/wp-json\/wp\/v2\/types\/page"}],"author":[{"embeddable":true,"href":"https:\/\/velovitamine.fr\/en\/wp-json\/wp\/v2\/users\/1"}],"replies":[{"embeddable":true,"href":"https:\/\/velovitamine.fr\/en\/wp-json\/wp\/v2\/comments?post=313"}],"version-history":[{"count":21,"href":"https:\/\/velovitamine.fr\/en\/wp-json\/wp\/v2\/pages\/313\/revisions"}],"predecessor-version":[{"id":260611,"href":"https:\/\/velovitamine.fr\/en\/wp-json\/wp\/v2\/pages\/313\/revisions\/260611"}],"wp:attachment":[{"href":"https:\/\/velovitamine.fr\/en\/wp-json\/wp\/v2\/media?parent=313"}],"curies":[{"name":"wp","href":"https:\/\/api.w.org\/{rel}","templated":true}]}}