{"id":258087,"date":"2021-04-21T17:21:14","date_gmt":"2021-04-21T15:21:14","guid":{"rendered":"https:\/\/velovitamine.fr\/clone\/?page_id=258087"},"modified":"2025-04-06T00:20:07","modified_gmt":"2025-04-05T22:20:07","slug":"actualites-sorties-activites","status":"publish","type":"page","link":"https:\/\/velovitamine.fr\/en\/activites-2\/actualites-sorties-activites\/","title":{"rendered":"Actualit\u00e9s, Sorties, Activit\u00e9s"},"content":{"rendered":"<\/p>\r\n<!-- wp:spacer -->\r\n<div class=\"wp-block-spacer\" style=\"height: 100px;\" aria-hidden=\"true\">\u00a0<\/div>\r\n<!-- \/wp:spacer -->\r\n\r\n<!-- wp:heading -->\r\n<h2>Actualit\u00e9s, Sorties, Ev\u00e8nements<\/h2>\r\n<!-- \/wp:heading -->\r\n<p style=\"text-align: center;\">Particuliers, individuels, couples, familles, enfants &#8230;<\/p>\r\n<p style=\"text-align: center;\"><a href=\"https:\/\/velovitamine.fr\/events\/\" target=\"_blank\" rel=\"noopener noreferrer\">Cliquez ici pour les sorties, activit\u00e9s en cours<\/a><\/p>\r\n<p style=\"text-align: center;\">\u00c9v\u00e9nements, animations, cours de pilotage, escalade en falaise, rando VTT, the bike night, camp itin\u00e9rant, balade oeno&#8230;<\/p>\r\n<p style=\"text-align: center;\"><span style=\"color: #ff6600;\"><strong>Venez vous amuser, apprendre, d\u00e9couvrir, \u00e9changer, d\u00e9guster, se cultiver<\/strong><\/span><\/p>\r\n<p style=\"text-align: center;\"><span style=\"color: #ff6600;\"><strong>autour de nos villes, villages et lieux de nature durant nos parcours.<\/strong><\/span><\/p>\r\n<p>Velars sur Ouche, Morey St Denis, Chateauneuf en Auxois, Dijon, Santenay, Aloxe-Corton, Semur en Auxois, Beaune, Montbard, Semezanges, La Buissi\u00e8re sur Ouche, Gevrey-Chambertin, Avosnes, Fixin, Vitteaux, Pouilly en Auxois, Nuits St Georges, Combe \u00e0 la vieille, St Aubin, Chen\u00f4ve, Saulon la rue, Pommard, Venarey-les-laumes, Meursault, Bligny sur ouche, Alise Ste Reine, Autun, Puligny-Montrachet, Arnay le Duc, Vandenesse-en-auxois, Clos Vougeot, Saulieu, Saffres, Vieux Ch\u00e2teau, Vosne Roman\u00e9, Mercurey, Haut Folin, Epoisses, Flavigny sur Ozerain, Bibrate Al\u00e9sia, Canal de bourgogne, Voie des vignes, v\u00e9loroutes, Abbaye de Fontenay, Source de l&#8217;Ouche, lac de Grobois, Ch\u00e2teau de Mont St Jean, Parc r\u00e9gional du Morvan, Parc National des for\u00eats Champagne-Bourgogne&#8230;. Et d&#8217;autres lieux connus et m\u00e9connus.<\/p>\r\n<!-- wp:spacer -->\r\n<div class=\"wp-block-spacer\" style=\"height: 100px;\" aria-hidden=\"true\">\u00a0<\/div>\r\n<!-- \/wp:spacer -->\r\n\r\n<!-- wp:paragraph -->\r\n<p>&nbsp;<\/p>\r\n<!-- \/wp:paragraph -->\r\n<p>&nbsp;<\/p>\r\n<!-- wp:spacer -->\r\n<div class=\"wp-block-spacer\" style=\"height: 100px;\" aria-hidden=\"true\">\u00a0<\/div>\r\n<!-- \/wp:spacer -->\r\n<p style=\"text-align: center;\">Particuliers, individuels, couples, familles, enfants &#8230;<\/p>\r\n<p style=\"text-align: center;\"><a href=\"https:\/\/velovitamine.fr\/events\/\" target=\"_blank\" rel=\"noopener noreferrer\">Cliquez ici pour les sorties, activit\u00e9s en cours<\/a><\/p>\r\n<p style=\"text-align: center;\">\u00c9v\u00e9nements, animations, cours de pilotage, escalade en falaise, rando VTT, the bike night, camp itin\u00e9rant, balade oeno&#8230;<\/p>\r\n<p style=\"text-align: center;\"><span style=\"color: #ff6600;\"><strong>Venez vous amuser, apprendre, d\u00e9couvrir, \u00e9changer, d\u00e9guster, se cultiver<\/strong><\/span><\/p>\r\n<p style=\"text-align: center;\"><span style=\"color: #ff6600;\"><strong>autour de nos villes, villages et lieux de nature durant nos parcours.<\/strong><\/span><\/p>\r\n<p>Velars sur Ouche, Morey St Denis, Chateauneuf en Auxois, Dijon, Santenay, Aloxe-Corton, Semur en Auxois, Beaune, Montbard, Semezanges, La Buissi\u00e8re sur Ouche, Gevrey-Chambertin, Avosnes, Fixin, Vitteaux, Pouilly en Auxois, Nuits St Georges, Combe \u00e0 la vieille, St Aubin, Chen\u00f4ve, Saulon la rue, Pommard, Venarey-les-laumes, Meursault, Bligny sur ouche, Alise Ste Reine, Autun, Puligny-Montrachet, Arnay le Duc, Vandenesse-en-auxois, Clos Vougeot, Saulieu, Saffres, Vieux Ch\u00e2teau, Vosne Roman\u00e9, Mercurey, Haut Folin, Epoisses, Flavigny sur Ozerain, Bibrate Al\u00e9sia, Canal de bourgogne, Voie des vignes, v\u00e9loroutes, Abbaye de Fontenay, Source de l&#8217;Ouche, lac de Grobois, Ch\u00e2teau de Mont St Jean, Parc r\u00e9gional du Morvan, Parc National des for\u00eats Champagne-Bourgogne&#8230;. Et d&#8217;autres lieux connus et m\u00e9connus.<\/p>\r\n<!-- wp:spacer -->\r\n<div class=\"wp-block-spacer\" style=\"height: 100px;\" aria-hidden=\"true\">\u00a0<\/div>\r\n<!-- \/wp:spacer -->\r\n\r\n<!-- wp:paragraph -->\r\n<p>&nbsp;<\/p>\r\n<!-- \/wp:paragraph -->\r\n<p><\/p><\/p>\r\n<!-- wp:spacer -->\r\n<div class=\"wp-block-spacer\" style=\"height: 100px;\" aria-hidden=\"true\">\u00a0<\/div>\r\n<!-- \/wp:spacer -->\r\n<!-- wp:heading -->\r\n<h2>Actualit\u00e9s, Sorties, Ev\u00e8nements<\/h2>\r\n<!-- \/wp:heading -->\r\n<p style=\"text-align: center;\">Particuliers, individuels, couples, familles, enfants &#8230;<\/p>\r\n<p style=\"text-align: center;\"><a href=\"https:\/\/velovitamine.fr\/events\/\" target=\"_blank\" rel=\"noopener noreferrer\">Cliquez ici pour les sorties, activit\u00e9s en cours<\/a><\/p>\r\n<p style=\"text-align: center;\">\u00c9v\u00e9nements, animations, cours de pilotage, escalade en falaise, rando VTT, the bike night, camp itin\u00e9rant, balade oeno&#8230;<\/p>\r\n<p style=\"text-align: center;\"><span style=\"color: #ff6600;\"><strong>Venez vous amuser, apprendre, d\u00e9couvrir, \u00e9changer, d\u00e9guster, se cultiver<\/strong><\/span><\/p>\r\n<p style=\"text-align: center;\"><span style=\"color: #ff6600;\"><strong>autour de nos villes, villages et lieux de nature durant nos parcours.<\/strong><\/span><\/p>\r\n<p>Velars sur Ouche, Morey St Denis, Chateauneuf en Auxois, Dijon, Santenay, Aloxe-Corton, Semur en Auxois, Beaune, Montbard, Semezanges, La Buissi\u00e8re sur Ouche, Gevrey-Chambertin, Avosnes, Fixin, Vitteaux, Pouilly en Auxois, Nuits St Georges, Combe \u00e0 la vieille, St Aubin, Chen\u00f4ve, Saulon la rue, Pommard, Venarey-les-laumes, Meursault, Bligny sur ouche, Alise Ste Reine, Autun, Puligny-Montrachet, Arnay le Duc, Vandenesse-en-auxois, Clos Vougeot, Saulieu, Saffres, Vieux Ch\u00e2teau, Vosne Roman\u00e9, Mercurey, Haut Folin, Epoisses, Flavigny sur Ozerain, Bibrate Al\u00e9sia, Canal de bourgogne, Voie des vignes, v\u00e9loroutes, Abbaye de Fontenay, Source de l&#8217;Ouche, lac de Grobois, Ch\u00e2teau de Mont St Jean, Parc r\u00e9gional du Morvan, Parc National des for\u00eats Champagne-Bourgogne&#8230;. Et d&#8217;autres lieux connus et m\u00e9connus.<\/p>\r\n<!-- wp:spacer -->\r\n<div class=\"wp-block-spacer\" style=\"height: 100px;\" aria-hidden=\"true\">\u00a0<\/div>\r\n<!-- \/wp:spacer -->\r\n\r\n<!-- wp:paragraph -->\r\n<p>&nbsp;<\/p>\r\n<!-- \/wp:paragraph -->\r\n<p><\/p><!-- wp:spacer -->\r\n<div style=\"height:100px\" aria-hidden=\"true\" class=\"wp-block-spacer\"><\/div>\r\n<!-- \/wp:spacer -->\r\n\r\n<p style=\"text-align: center;\">Particuliers, individuels, couples, familles, enfants &#8230;<\/p>\r\n<p style=\"text-align: center;\"><a href=\"https:\/\/velovitamine.fr\/events\/\" target=\"_blank\" rel=\"noopener noreferrer\">Cliquez ici pour les sorties, activit\u00e9s en cours<\/a><\/p>\r\n<p style=\"text-align: center;\">\u00c9v\u00e9nements, animations, cours de pilotage, escalade en falaise, rando VTT, the bike night, camp itin\u00e9rant, balade oeno&#8230;<\/p>\r\n<p style=\"text-align: center;\"><span style=\"color: #ff6600;\"><strong>Venez vous amuser, apprendre, d\u00e9couvrir, \u00e9changer, d\u00e9guster, se cultiver<\/strong><\/span><\/p>\r\n<p style=\"text-align: center;\"><span style=\"color: #ff6600;\"><strong>autour de nos villes, villages et lieux de nature durant nos parcours.<\/strong><\/span><\/p>\r\n<p>Velars sur Ouche, Morey St Denis, Chateauneuf en Auxois, Dijon, Santenay, Aloxe-Corton, Semur en Auxois, Beaune, Montbard, Semezanges, La Buissi\u00e8re sur Ouche, Gevrey-Chambertin, Avosnes, Fixin, Vitteaux, Pouilly en Auxois, Nuits St Georges, Combe \u00e0 la vieille, St Aubin, Chen\u00f4ve, Saulon la rue, Pommard, Venarey-les-laumes, Meursault, Bligny sur ouche, Alise Ste Reine, Autun, Puligny-Montrachet, Arnay le Duc, Vandenesse-en-auxois, Clos Vougeot, Saulieu, Saffres, Vieux Ch\u00e2teau, Vosne Roman\u00e9, Mercurey, Haut Folin, Epoisses, Flavigny sur Ozerain, Bibrate Al\u00e9sia, Canal de bourgogne, Voie des vignes, v\u00e9loroutes, Abbaye de Fontenay, Source de l&#8217;Ouche, lac de Grobois, Ch\u00e2teau de Mont St Jean, Parc r\u00e9gional du Morvan, Parc National des for\u00eats Champagne-Bourgogne&#8230;. Et d&#8217;autres lieux connus et m\u00e9connus.<\/p>\r\n\r\n<!-- wp:spacer -->\r\n<div style=\"height:100px\" aria-hidden=\"true\" class=\"wp-block-spacer\"><\/div>\r\n<!-- \/wp:spacer -->\r\n\r\n<!-- wp:paragraph -->\r\n<p><\/p>\r\n<!-- \/wp:paragraph -->","protected":false},"excerpt":{"rendered":"<p>\u00a0 Actualit\u00e9s, Sorties, Ev\u00e8nements Particuliers, individuels, couples, familles, enfants &#8230; Cliquez ici pour les sorties, activit\u00e9s en cours \u00c9v\u00e9nements, animations, cours de pilotage, escalade en falaise, rando VTT, the bike [&hellip;]<\/p>\n","protected":false},"author":2,"featured_media":0,"parent":257875,"menu_order":0,"comment_status":"closed","ping_status":"closed","template":"","meta":{"_monsterinsights_skip_tracking":false,"_monsterinsights_sitenote_active":false,"_monsterinsights_sitenote_note":"","_monsterinsights_sitenote_category":0,"site-sidebar-layout":"default","site-content-layout":"default","ast-site-content-layout":"default","site-content-style":"default","site-sidebar-style":"default","ast-global-header-display":"","ast-banner-title-visibility":"","ast-main-header-display":"","ast-hfb-above-header-display":"","ast-hfb-below-header-display":"","ast-hfb-mobile-header-display":"","site-post-title":"","ast-breadcrumbs-content":"","ast-featured-img":"","footer-sml-layout":"","ast-disable-related-posts":"","theme-transparent-header-meta":"default","adv-header-id-meta":"","stick-header-meta":"","header-above-stick-meta":"","header-main-stick-meta":"","header-below-stick-meta":"","astra-migrate-meta-layouts":"set","ast-page-background-enabled":"default","ast-page-background-meta":{"desktop":{"background-color":"","background-image":"","background-repeat":"repeat","background-position":"center center","background-size":"auto","background-attachment":"scroll","background-type":"","background-media":"","overlay-type":"","overlay-color":"","overlay-opacity":"","overlay-gradient":""},"tablet":{"background-color":"","background-image":"","background-repeat":"repeat","background-position":"center center","background-size":"auto","background-attachment":"scroll","background-type":"","background-media":"","overlay-type":"","overlay-color":"","overlay-opacity":"","overlay-gradient":""},"mobile":{"background-color":"","background-image":"","background-repeat":"repeat","background-position":"center center","background-size":"auto","background-attachment":"scroll","background-type":"","background-media":"","overlay-type":"","overlay-color":"","overlay-opacity":"","overlay-gradient":""}},"ast-content-background-meta":{"desktop":{"background-color":"var(--ast-global-color-5)","background-image":"","background-repeat":"repeat","background-position":"center center","background-size":"auto","background-attachment":"scroll","background-type":"","background-media":"","overlay-type":"","overlay-color":"","overlay-opacity":"","overlay-gradient":""},"tablet":{"background-color":"var(--ast-global-color-5)","background-image":"","background-repeat":"repeat","background-position":"center center","background-size":"auto","background-attachment":"scroll","background-type":"","background-media":"","overlay-type":"","overlay-color":"","overlay-opacity":"","overlay-gradient":""},"mobile":{"background-color":"var(--ast-global-color-5)","background-image":"","background-repeat":"repeat","background-position":"center center","background-size":"auto","background-attachment":"scroll","background-type":"","background-media":"","overlay-type":"","overlay-color":"","overlay-opacity":"","overlay-gradient":""}},"footnotes":""},"class_list":["post-258087","page","type-page","status-publish","hentry"],"yoast_head":"<!-- This site is optimized with the Yoast SEO plugin v27.2 - https:\/\/yoast.com\/product\/yoast-seo-wordpress\/ -->\n<title>Activit\u00e9s, sorties, wk, Dijon, Beaune, Bourgogne - Velovitamine.fr<\/title>\n<meta name=\"description\" content=\"Activit\u00e9s, \u00e9v\u00e9nements, animations, balade oenologique \u00e0 v\u00e9lo, escalade en falaise, rando VTT, cours de pilotage, the bike night...d\u00e9gustation authentique\" \/>\n<meta name=\"robots\" content=\"index, follow, max-snippet:-1, max-image-preview:large, max-video-preview:-1\" \/>\n<link rel=\"canonical\" href=\"https:\/\/velovitamine.fr\/activites-2\/actualites-sorties-activites\/\" \/>\n<meta property=\"og:locale\" content=\"en_US\" \/>\n<meta property=\"og:type\" content=\"article\" \/>\n<meta property=\"og:title\" content=\"Activit\u00e9s, sorties, wk, Dijon, Beaune, Bourgogne - Velovitamine.fr\" \/>\n<meta property=\"og:description\" content=\"Activit\u00e9s, \u00e9v\u00e9nements, animations, balade oenologique \u00e0 v\u00e9lo, escalade en falaise, rando VTT, cours de pilotage, the bike night...d\u00e9gustation authentique\" \/>\n<meta property=\"og:url\" content=\"https:\/\/velovitamine.fr\/activites-2\/actualites-sorties-activites\/\" \/>\n<meta property=\"og:site_name\" content=\"Velovitamine.fr\" \/>\n<meta property=\"article:modified_time\" content=\"2025-04-05T22:20:07+00:00\" \/>\n<meta name=\"twitter:card\" content=\"summary_large_image\" \/>\n<meta name=\"twitter:label1\" content=\"Est. reading time\" \/>\n\t<meta name=\"twitter:data1\" content=\"5 minutes\" \/>\n<script type=\"application\/ld+json\" class=\"yoast-schema-graph\">{\"@context\":\"https:\/\/schema.org\",\"@graph\":[{\"@type\":\"WebPage\",\"@id\":\"https:\/\/velovitamine.fr\/activites-2\/actualites-sorties-activites\/\",\"url\":\"https:\/\/velovitamine.fr\/activites-2\/actualites-sorties-activites\/\",\"name\":\"Activit\u00e9s, sorties, wk, Dijon, Beaune, Bourgogne - Velovitamine.fr\",\"isPartOf\":{\"@id\":\"https:\/\/velovitamine.fr\/#website\"},\"datePublished\":\"2021-04-21T15:21:14+00:00\",\"dateModified\":\"2025-04-05T22:20:07+00:00\",\"description\":\"Activit\u00e9s, \u00e9v\u00e9nements, animations, balade oenologique \u00e0 v\u00e9lo, escalade en falaise, rando VTT, cours de pilotage, the bike night...d\u00e9gustation authentique\",\"breadcrumb\":{\"@id\":\"https:\/\/velovitamine.fr\/activites-2\/actualites-sorties-activites\/#breadcrumb\"},\"inLanguage\":\"en-US\",\"potentialAction\":[{\"@type\":\"ReadAction\",\"target\":[\"https:\/\/velovitamine.fr\/activites-2\/actualites-sorties-activites\/\"]}]},{\"@type\":\"BreadcrumbList\",\"@id\":\"https:\/\/velovitamine.fr\/activites-2\/actualites-sorties-activites\/#breadcrumb\",\"itemListElement\":[{\"@type\":\"ListItem\",\"position\":1,\"name\":\"Accueil\",\"item\":\"https:\/\/velovitamine.fr\/\"},{\"@type\":\"ListItem\",\"position\":2,\"name\":\"Activit\u00e9s\",\"item\":\"https:\/\/velovitamine.fr\/activites-2\/\"},{\"@type\":\"ListItem\",\"position\":3,\"name\":\"Actualit\u00e9s, Sorties, Activit\u00e9s\"}]},{\"@type\":\"WebSite\",\"@id\":\"https:\/\/velovitamine.fr\/#website\",\"url\":\"https:\/\/velovitamine.fr\/\",\"name\":\"Velovitamine.fr\",\"description\":\"The rolling web site...\",\"publisher\":{\"@id\":\"https:\/\/velovitamine.fr\/#organization\"},\"potentialAction\":[{\"@type\":\"SearchAction\",\"target\":{\"@type\":\"EntryPoint\",\"urlTemplate\":\"https:\/\/velovitamine.fr\/?s={search_term_string}\"},\"query-input\":{\"@type\":\"PropertyValueSpecification\",\"valueRequired\":true,\"valueName\":\"search_term_string\"}}],\"inLanguage\":\"en-US\"},{\"@type\":\"Organization\",\"@id\":\"https:\/\/velovitamine.fr\/#organization\",\"name\":\"Velovitamine\",\"url\":\"https:\/\/velovitamine.fr\/\",\"logo\":{\"@type\":\"ImageObject\",\"inLanguage\":\"en-US\",\"@id\":\"https:\/\/velovitamine.fr\/#\/schema\/logo\/image\/\",\"url\":\"https:\/\/velovitamine.fr\/wp-content\/uploads\/2014\/10\/cropped-logo1-e1444671967804.jpg\",\"contentUrl\":\"https:\/\/velovitamine.fr\/wp-content\/uploads\/2014\/10\/cropped-logo1-e1444671967804.jpg\",\"width\":512,\"height\":512,\"caption\":\"Velovitamine\"},\"image\":{\"@id\":\"https:\/\/velovitamine.fr\/#\/schema\/logo\/image\/\"}}]}<\/script>\n<!-- \/ Yoast SEO plugin. -->","yoast_head_json":{"title":"Activit\u00e9s, sorties, wk, Dijon, Beaune, Bourgogne - Velovitamine.fr","description":"Activit\u00e9s, \u00e9v\u00e9nements, animations, balade oenologique \u00e0 v\u00e9lo, escalade en falaise, rando VTT, cours de pilotage, the bike night...d\u00e9gustation authentique","robots":{"index":"index","follow":"follow","max-snippet":"max-snippet:-1","max-image-preview":"max-image-preview:large","max-video-preview":"max-video-preview:-1"},"canonical":"https:\/\/velovitamine.fr\/activites-2\/actualites-sorties-activites\/","og_locale":"en_US","og_type":"article","og_title":"Activit\u00e9s, sorties, wk, Dijon, Beaune, Bourgogne - Velovitamine.fr","og_description":"Activit\u00e9s, \u00e9v\u00e9nements, animations, balade oenologique \u00e0 v\u00e9lo, escalade en falaise, rando VTT, cours de pilotage, the bike night...d\u00e9gustation authentique","og_url":"https:\/\/velovitamine.fr\/activites-2\/actualites-sorties-activites\/","og_site_name":"Velovitamine.fr","article_modified_time":"2025-04-05T22:20:07+00:00","twitter_card":"summary_large_image","twitter_misc":{"Est. reading time":"5 minutes"},"schema":{"@context":"https:\/\/schema.org","@graph":[{"@type":"WebPage","@id":"https:\/\/velovitamine.fr\/activites-2\/actualites-sorties-activites\/","url":"https:\/\/velovitamine.fr\/activites-2\/actualites-sorties-activites\/","name":"Activit\u00e9s, sorties, wk, Dijon, Beaune, Bourgogne - Velovitamine.fr","isPartOf":{"@id":"https:\/\/velovitamine.fr\/#website"},"datePublished":"2021-04-21T15:21:14+00:00","dateModified":"2025-04-05T22:20:07+00:00","description":"Activit\u00e9s, \u00e9v\u00e9nements, animations, balade oenologique \u00e0 v\u00e9lo, escalade en falaise, rando VTT, cours de pilotage, the bike night...d\u00e9gustation authentique","breadcrumb":{"@id":"https:\/\/velovitamine.fr\/activites-2\/actualites-sorties-activites\/#breadcrumb"},"inLanguage":"en-US","potentialAction":[{"@type":"ReadAction","target":["https:\/\/velovitamine.fr\/activites-2\/actualites-sorties-activites\/"]}]},{"@type":"BreadcrumbList","@id":"https:\/\/velovitamine.fr\/activites-2\/actualites-sorties-activites\/#breadcrumb","itemListElement":[{"@type":"ListItem","position":1,"name":"Accueil","item":"https:\/\/velovitamine.fr\/"},{"@type":"ListItem","position":2,"name":"Activit\u00e9s","item":"https:\/\/velovitamine.fr\/activites-2\/"},{"@type":"ListItem","position":3,"name":"Actualit\u00e9s, Sorties, Activit\u00e9s"}]},{"@type":"WebSite","@id":"https:\/\/velovitamine.fr\/#website","url":"https:\/\/velovitamine.fr\/","name":"Velovitamine.fr","description":"The rolling web site...","publisher":{"@id":"https:\/\/velovitamine.fr\/#organization"},"potentialAction":[{"@type":"SearchAction","target":{"@type":"EntryPoint","urlTemplate":"https:\/\/velovitamine.fr\/?s={search_term_string}"},"query-input":{"@type":"PropertyValueSpecification","valueRequired":true,"valueName":"search_term_string"}}],"inLanguage":"en-US"},{"@type":"Organization","@id":"https:\/\/velovitamine.fr\/#organization","name":"Velovitamine","url":"https:\/\/velovitamine.fr\/","logo":{"@type":"ImageObject","inLanguage":"en-US","@id":"https:\/\/velovitamine.fr\/#\/schema\/logo\/image\/","url":"https:\/\/velovitamine.fr\/wp-content\/uploads\/2014\/10\/cropped-logo1-e1444671967804.jpg","contentUrl":"https:\/\/velovitamine.fr\/wp-content\/uploads\/2014\/10\/cropped-logo1-e1444671967804.jpg","width":512,"height":512,"caption":"Velovitamine"},"image":{"@id":"https:\/\/velovitamine.fr\/#\/schema\/logo\/image\/"}}]}},"_links":{"self":[{"href":"https:\/\/velovitamine.fr\/en\/wp-json\/wp\/v2\/pages\/258087","targetHints":{"allow":["GET"]}}],"collection":[{"href":"https:\/\/velovitamine.fr\/en\/wp-json\/wp\/v2\/pages"}],"about":[{"href":"https:\/\/velovitamine.fr\/en\/wp-json\/wp\/v2\/types\/page"}],"author":[{"embeddable":true,"href":"https:\/\/velovitamine.fr\/en\/wp-json\/wp\/v2\/users\/2"}],"replies":[{"embeddable":true,"href":"https:\/\/velovitamine.fr\/en\/wp-json\/wp\/v2\/comments?post=258087"}],"version-history":[{"count":17,"href":"https:\/\/velovitamine.fr\/en\/wp-json\/wp\/v2\/pages\/258087\/revisions"}],"predecessor-version":[{"id":260560,"href":"https:\/\/velovitamine.fr\/en\/wp-json\/wp\/v2\/pages\/258087\/revisions\/260560"}],"up":[{"embeddable":true,"href":"https:\/\/velovitamine.fr\/en\/wp-json\/wp\/v2\/pages\/257875"}],"wp:attachment":[{"href":"https:\/\/velovitamine.fr\/en\/wp-json\/wp\/v2\/media?parent=258087"}],"curies":[{"name":"wp","href":"https:\/\/api.w.org\/{rel}","templated":true}]}}