{"id":257883,"date":"2021-04-07T17:27:14","date_gmt":"2021-04-07T15:27:14","guid":{"rendered":"https:\/\/velovitamine.fr\/clone\/?page_id=257883"},"modified":"2026-01-30T16:56:46","modified_gmt":"2026-01-30T14:56:46","slug":"balades-oenologiques","status":"publish","type":"page","link":"https:\/\/velovitamine.fr\/en\/activites-2\/balades-oenologiques\/","title":{"rendered":"Wines tours by bike"},"content":{"rendered":"<p>&nbsp;<\/p>\r\n<!-- \/wp:spacer --><!-- wp:post-content -->\r\n<p><!-- wp:heading --><\/p>\r\n<h2>Wine tours by bike<\/h2>\r\n<p><!-- \/wp:heading --><\/p>\r\n<p>&nbsp;<\/p>\r\n<p><!-- wp:heading {\"level\":3} --><\/p>\r\n<h3>Dijon, Nuits-Saint-Georges, Beaune<\/h3>\r\n<p><!-- \/wp:heading --><\/p>\r\n<div class=\"responsive-tabs\">\n<h2 class=\"tabtitle\">Our tours<\/h2>\n<div class=\"tabcontent\">\n\r\n<h2 style=\"text-align: center;\"><span style=\"color: #3d752f;\"><strong>Wine tours by bike in the vineyard<\/strong><\/span><\/h2>\r\n<p style=\"text-align: justify;\">\u00a0<\/p>\r\n<p>This tour will take you at the heart of the <strong>well-known vineyards of Burgundy <\/strong>to discover its Grand Cru and 1er Cru plots. You will have the chance to cycle across <strong>world-famous typical villages<\/strong>, between fine stone houses and small walled vineyards. Let your guide take you along this easily achievable \u201cwine and bike cool ride\u201d.<\/p>\r\n<p style=\"text-align: justify;\">Your expert guide will tell you all about the \u201c<em>Climats de Bourgogne<\/em>&#8220;, its <strong>famous wines<\/strong> and its <strong>terroirs<\/strong>. This ride will stimulate both your curiosity and your taste buds.<\/p>\r\n<h5 style=\"text-align: center;\"><span style=\"color: #499e35;\"><strong>Your 1\/2 day wine tour turnkey<br \/>ride + guide + bike + optional tasting in the vines\/vineyard : <br \/>from 45\u20ac\/person to 79 \u20ac\/person\u00a0<\/strong><\/span><\/h5>\r\n<p style=\"text-align: center;\"><strong>The advantages: a local and authentic guide \/ instructor, fine Burgundy wines (harvesters) and quality bikes.<\/strong><\/p>\r\n<h6 style=\"text-align: center;\"><span style=\"text-decoration: underline;\"><span style=\"color: #808080; text-decoration: underline;\"><span style=\"color: #000000; text-decoration: underline;\">Exemple wine tour in C\u00f4tes de Nuits :<br \/><\/span><\/span><\/span><span style=\"color: #000000;\">&#8220;without option&#8221; : 45\u20ac\/pers<\/span><br \/><span style=\"color: #000000;\">&#8220;with optional tasting D\u00e9couverte 2 wines&#8221; : 55\u20ac\/pers<\/span><br \/><span style=\"color: #000000;\">&#8220;with optional tasting Prestige 3 wines (including one 1er cru)&#8221; : 59\u20ac\/pers<br \/><br \/><\/span><\/h6>\r\n<p style=\"text-align: center;\"><strong>Below is the map:<br \/><\/strong><\/p>\r\n<hr \/>\r\n<h3 style=\"text-align: center;\"><a href=\"http:\/\/velovitamine.fr\/wp-content\/uploads\/2017\/04\/Carte-Climats-de-Bourgogne-Balades-Oenologiques-velovitamine.jpg\" rel=\"attachment wp-att-2178\"><img loading=\"lazy\" decoding=\"async\" class=\"wp-image-2178 aligncenter\" src=\"http:\/\/velovitamine.fr\/wp-content\/uploads\/2017\/04\/Carte-Climats-de-Bourgogne-Balades-Oenologiques-velovitamine.jpg\" alt=\"Carte-Climats-de-Bourgogne-Balades-Oenologiques-velovitamine\" width=\"813\" height=\"560\" srcset=\"https:\/\/velovitamine.fr\/wp-content\/uploads\/2017\/04\/Carte-Climats-de-Bourgogne-Balades-Oenologiques-velovitamine.jpg 960w, https:\/\/velovitamine.fr\/wp-content\/uploads\/2017\/04\/Carte-Climats-de-Bourgogne-Balades-Oenologiques-velovitamine-300x207.jpg 300w, https:\/\/velovitamine.fr\/wp-content\/uploads\/2017\/04\/Carte-Climats-de-Bourgogne-Balades-Oenologiques-velovitamine-768x530.jpg 768w\" sizes=\"(max-width: 813px) 100vw, 813px\" \/><\/a><\/h3>\r\n<hr \/>\r\n<h2 style=\"text-align: center;\"><span style=\"color: #3d7500;\"><strong>Our 1\/2 day tours<\/strong><\/span><\/h2>\r\n<p style=\"text-align: left;\"><strong><span style=\"text-decoration: underline;\"><span style=\"color: #499e35; text-decoration: underline;\">&#8211; LA COTE DE NUITS 1<sup>er<\/sup> Cru<\/span><\/span> : <\/strong><strong>Marsannay, Couchey, Fixin, Gevrey-Chambertin<br \/><\/strong>Departure from Chen\u00f4ve place A. Lapr\u00e9vot\u00e9 or parking of cimetery. <a href=\"https:\/\/velovitamine.fr\/contact-2\/\" rel=\"noopener noreferrer\">Booking<\/a><\/p>\r\n<p style=\"text-align: left;\"><strong><span style=\"text-decoration: underline;\"><span style=\"color: #499e35; text-decoration: underline;\">&#8211; LA COTE DE NUITS Grand Cru<\/span><\/span> : <\/strong><strong>Vosne-Roman\u00e9, Vougeot, Chambolle-Musigny, Morey-Saint-Denis<br \/><\/strong>Departure from Nuits St Georges, park of cimetery. <a href=\"https:\/\/velovitamine.fr\/contact-2\/\" rel=\"noopener noreferrer\">Booking<\/a><\/p>\r\n<h2 style=\"text-align: center;\"><span style=\"color: #3d7500;\"><strong>Our other tours<\/strong><\/span><\/h2>\r\n<p style=\"text-align: left;\"><strong>&#8211; <span style=\"text-decoration: underline;\">LA COTE DE BEAUNE 1<sup>er<\/sup> Cru<\/span> : <\/strong>Pommard, Meursault, Puligny-Montrachet\u2026<strong><br \/><\/strong><strong>&#8211; <span style=\"text-decoration: underline;\">LA COTE DE BEAUNE Grand Cru<\/span> : <\/strong>Santenay, Chassagne-Montrachet, Puligny-Montrachet&#8230;<\/p>\r\n<hr \/>\r\n<h2 style=\"text-align: center;\"><span style=\"color: #993366;\"><strong>You can add as an option<\/strong> <\/span><\/h2>\r\n<p style=\"text-align: center;\"><span style=\"color: #993366;\">Wine tasting in the vineyard, visit of a wine estate, lunch in an authentic restaurant, picinic in the vineyard&#8230;<\/span><\/p>\r\n<hr \/>\r\n<p style=\"text-align: center;\"><span style=\"color: #800000;\"><strong><a style=\"color: #800000;\" href=\"https:\/\/youtu.be\/pKuVakRvksM\" target=\"_blank\" rel=\"noopener noreferrer\">Vid\u00e9o : Balade en image cliquez ici<\/a><\/strong><\/span><\/p>\r\n<p style=\"text-align: center;\"><img decoding=\"async\" class=\"alignnone wp-image-2246\" src=\"https:\/\/velovitamine.fr\/wp-content\/uploads\/2018\/03\/LOGO_VIGNOBLESETDECOUVERTES-Web-235x300.jpg\" alt=\"LOGO_VIGNOBLESETDECOUVERTES-Web\" width=\"110\" height=\"141\" \/><\/p>\r\n<p><span style=\"color: #000000;\"><strong>Registration request\/Booking :<\/strong> request <\/span><span style=\"font-size: 16px; font-style: normal; font-weight: 400;\">\u00a0<a href=\"https:\/\/velovitamine.fr\/contact-2\/\" rel=\"noopener\">by email \u00e0 Velovitamine<\/a><\/span> or<span style=\"font-size: 16px; font-style: normal; font-weight: 400;\"> <span style=\"color: #3366ff;\">by phone<\/span>\u00a0 <\/span><a style=\"background-color: #ffffff; font-size: 16px; font-style: normal; font-weight: 400;\" href=\"tel:+33674597064\"><strong>+336.74.59.70.64<\/strong> <\/a><span style=\"font-size: 16px; font-style: normal; font-weight: 400;\">,\u00a0 Two opportunities <\/span><span style=\"font-size: 16px;\">\u00a0:<\/span><\/p>\r\n<ul>\r\n<li><span style=\"color: #000000;\"><strong>Open Tour :<\/strong><\/span><span style=\"font-size: 16px; font-style: normal; font-weight: 400;\"> the participants scribe as we go along for a grouped departure &#8211; offered in the menu\u00a0 <a style=\"color: #008000;\" href=\"https:\/\/velovitamine.fr\/events\/\" rel=\"noopener noreferrer\">Agenda<\/a><\/span> on my web site or on your specific request for dates.<\/li>\r\n<li><strong><span style=\"color: #000000;\">Privated Tour : <\/span><\/strong><span style=\"color: #333333;\">\u00a0On request<\/span>, possibilities departure from your h\u00f4tel, airbnb&#8230;.\u00a0<\/li>\r\n<\/ul>\r\n\n<\/div><h2 class=\"tabtitle\">Details<\/h2>\n<div class=\"tabcontent\">\n\r\n<h3><span style=\"color: #499e35;\"><strong>Your 1\/2 day tour includes :<\/strong><\/span><\/h3>\r\n<p style=\"padding-left: 30px;\">The bike ride supervised by an experienced instructor who is also a wine specialist (local guide).<br \/>A comfortable bike and a bottle of water.<br \/>An optional a tasting wine.<br \/>A simple loop course, easy, with several breaks with curiosities.\u00a0<\/p>\r\n<h3 style=\"text-align: left;\"><span style=\"color: #499e35;\"><strong>Upon request a wine tasting at the very heart of the vineyard (not included in the \u20ac39.00):<\/strong><\/span><\/h3>\r\n<p style=\"padding-left: 40px;\"><span style=\"text-decoration: underline;\"><strong>&#8220;D\u00e9couverte&#8221; <\/strong>2 wines<\/span> : from 10 \u20ac per person<br \/><span style=\"text-decoration: underline;\"><strong>&#8220;Prestige&#8221;<\/strong> 3 wines<\/span> (including one 1er cru): from \u20ac14.00 per person<br \/><span style=\"text-decoration: underline;\"><strong>&#8220;Prestige&#8221;\u00a0 <\/strong>2 wines<\/span> (including two 1er cru): from \u20ac20.00 per person (with at least 6 persons)<strong><br \/><\/strong><span style=\"text-decoration: underline;\"><strong>&#8220;Sublime&#8221; <\/strong>4 wines<\/span> (including two 1<sup>er<\/sup> cru + 2 wines village) : from 25.00 to \u20ac45.00 per person (with at least 6 persons)<br \/><strong><span style=\"text-decoration: underline;\">&#8220;Extra&#8221;<\/span> <\/strong>&#8211; depending on your wishes<\/p>\r\n<p style=\"padding-left: 40px;\"><em>+ during the tour : wine tasting advices, tips to choose the good wines&#8230;<\/em><\/p>\r\n<h3><strong><span style=\"color: #499e35;\">Starting points :<\/span><br \/><\/strong><\/h3>\r\n<p style=\"padding-left: 30px;\">All our departure points provide parking facilities nearby or you can access our departure points by tramway.<\/p>\r\n<h3><strong><span style=\"color: #499e35;\">Schedule :<\/span><br \/><\/strong><\/h3>\r\n<p style=\"padding-left: 30px;\">All year long: departures at 9am or 10am or 2pm<br \/>Extra tours during Summer (June to September) at 5pm.<\/p>\r\n<p style=\"padding-left: 30px;\">Length: 2h30 to 3 hours or completed day from 9, 10 AM to 16 PM, 17 PM&#8230;<\/p>\r\n<h3><span style=\"color: #499e35;\"><strong>Material provided :<\/strong><\/span><\/h3>\r\n<p style=\"text-align: left; padding-left: 30px;\">We provide VTC bikes which blend the characteristics from road bikes, touring bikes and mountain bikes.<br \/>They provide comfortable rides and they are checked before each ride.<\/p>\r\n<p style=\"text-align: left; padding-left: 30px;\">&#8211; Several sizes are available to best suit your morphology.<br \/>&#8211; You can easily carry your belongings in the bike bags we provide.<\/p>\r\n<h3><span style=\"color: #499e35;\"><strong>Level :<\/strong><\/span><\/h3>\r\n<p style=\"text-align: justify; padding-left: 30px;\">The tours are carefully prepared by a bike specialist. They are accessibles to everyone. The track is easy, along flat and small roads. No need to be an athlete. Your guide will provide explanations and comments about you will see during the frequent stops along the ride.<\/p>\r\n<hr \/>\r\n<h3 style=\"text-align: center;\"><strong><span style=\"color: #499e35;\">Upon request, Velovitamine can also organize or provide :<\/span><br \/><\/strong><\/h3>\r\n<p style=\"padding-left: 30px;\"><span style=\"color: #333333;\">&#8211; <strong>A full day tour<\/strong> from Dijon to Nuits-Saint-Georges: from \u20ac95.00 per person<\/span><br \/>&#8211; <strong>A lunch in an authentic restaurant or a picnic in the vineyard during the tour<\/strong> (at your expense)<br \/>&#8211; <strong>A visit of a wine estate with a wine tasting<\/strong>: rates upon request, depending on the availabilities of the wine maker and the time of the year.<br \/>&#8211; <strong>A tailor-made tour<\/strong>: requiring a quote<br \/>&#8211;<strong> A private tour<\/strong><br \/>&#8211; <strong>Mountain bike tours<\/strong>: a mountain bike ride along the paths in the vineyard.<br \/>&#8211; <strong>Electric bikes<\/strong>: from \u20ac35.00 per person per day<br \/>&#8211; A tour in an other vineyard : c\u00f4te Chalonnaise, M\u00e2connais<\/p>\r\n<\/div><\/div>\r\n<!-- wp:spacer -->\r\n<p>&nbsp;<\/p>\r\n<!-- wp:spacer --><!-- \/wp:post-content -->","protected":false},"excerpt":{"rendered":"<p>Wine tours by bike &nbsp; Dijon, Nuits-Saint-Georges, Beaune &nbsp; Wine tours by bike in the vineyard \u00a0 This tour will take you at the heart of the well-known vineyards of [&hellip;]<\/p>\n","protected":false},"author":2,"featured_media":0,"parent":257875,"menu_order":0,"comment_status":"closed","ping_status":"closed","template":"","meta":{"_monsterinsights_skip_tracking":false,"_monsterinsights_sitenote_active":false,"_monsterinsights_sitenote_note":"","_monsterinsights_sitenote_category":0,"site-sidebar-layout":"default","site-content-layout":"default","ast-site-content-layout":"default","site-content-style":"default","site-sidebar-style":"default","ast-global-header-display":"","ast-banner-title-visibility":"","ast-main-header-display":"","ast-hfb-above-header-display":"","ast-hfb-below-header-display":"","ast-hfb-mobile-header-display":"","site-post-title":"","ast-breadcrumbs-content":"","ast-featured-img":"","footer-sml-layout":"","ast-disable-related-posts":"","theme-transparent-header-meta":"default","adv-header-id-meta":"","stick-header-meta":"","header-above-stick-meta":"","header-main-stick-meta":"","header-below-stick-meta":"","astra-migrate-meta-layouts":"set","ast-page-background-enabled":"default","ast-page-background-meta":{"desktop":{"background-color":"","background-image":"","background-repeat":"repeat","background-position":"center center","background-size":"auto","background-attachment":"scroll","background-type":"","background-media":"","overlay-type":"","overlay-color":"","overlay-opacity":"","overlay-gradient":""},"tablet":{"background-color":"","background-image":"","background-repeat":"repeat","background-position":"center center","background-size":"auto","background-attachment":"scroll","background-type":"","background-media":"","overlay-type":"","overlay-color":"","overlay-opacity":"","overlay-gradient":""},"mobile":{"background-color":"","background-image":"","background-repeat":"repeat","background-position":"center center","background-size":"auto","background-attachment":"scroll","background-type":"","background-media":"","overlay-type":"","overlay-color":"","overlay-opacity":"","overlay-gradient":""}},"ast-content-background-meta":{"desktop":{"background-color":"var(--ast-global-color-5)","background-image":"","background-repeat":"repeat","background-position":"center center","background-size":"auto","background-attachment":"scroll","background-type":"","background-media":"","overlay-type":"","overlay-color":"","overlay-opacity":"","overlay-gradient":""},"tablet":{"background-color":"var(--ast-global-color-5)","background-image":"","background-repeat":"repeat","background-position":"center center","background-size":"auto","background-attachment":"scroll","background-type":"","background-media":"","overlay-type":"","overlay-color":"","overlay-opacity":"","overlay-gradient":""},"mobile":{"background-color":"var(--ast-global-color-5)","background-image":"","background-repeat":"repeat","background-position":"center center","background-size":"auto","background-attachment":"scroll","background-type":"","background-media":"","overlay-type":"","overlay-color":"","overlay-opacity":"","overlay-gradient":""}},"footnotes":""},"class_list":["post-257883","page","type-page","status-publish","hentry"],"yoast_head":"<!-- This site is optimized with the Yoast SEO plugin v27.2 - https:\/\/yoast.com\/product\/yoast-seo-wordpress\/ -->\n<title>Activit\u00e9 Balade Oenologique \u00e0 v\u00e9lo &amp; d\u00e9gustation vins<\/title>\n<meta name=\"description\" content=\"Immersion \u00e0 v\u00e9lo au c\u0153ur des parcelles du vignoble de Bourgogne. Balade guid\u00e9e et d\u00e9gustation vins authentique. Activit\u00e9 de groupe, individuel, activit\u00e9s pour tous.\" \/>\n<meta name=\"robots\" content=\"index, follow, max-snippet:-1, max-image-preview:large, max-video-preview:-1\" \/>\n<link rel=\"canonical\" href=\"https:\/\/velovitamine.fr\/activites-2\/balades-oenologiques\/\" \/>\n<meta property=\"og:locale\" content=\"en_US\" \/>\n<meta property=\"og:type\" content=\"article\" \/>\n<meta property=\"og:title\" content=\"Activit\u00e9 Balade Oenologique \u00e0 v\u00e9lo &amp; d\u00e9gustation vins\" \/>\n<meta property=\"og:description\" content=\"Immersion \u00e0 v\u00e9lo au c\u0153ur des parcelles du vignoble de Bourgogne. Balade guid\u00e9e et d\u00e9gustation vins authentique. Activit\u00e9 de groupe, individuel, activit\u00e9s pour tous.\" \/>\n<meta property=\"og:url\" content=\"https:\/\/velovitamine.fr\/activites-2\/balades-oenologiques\/\" \/>\n<meta property=\"og:site_name\" content=\"Velovitamine.fr\" \/>\n<meta property=\"article:modified_time\" content=\"2026-01-30T14:56:46+00:00\" \/>\n<meta property=\"og:image\" content=\"https:\/\/velovitamine.fr\/wp-content\/uploads\/2017\/04\/Carte-Climats-de-Bourgogne-Balades-Oenologiques-velovitamine.jpg\" \/>\n<meta name=\"twitter:card\" content=\"summary_large_image\" \/>\n<meta name=\"twitter:label1\" content=\"Est. reading time\" \/>\n\t<meta name=\"twitter:data1\" content=\"7 minutes\" \/>\n<script type=\"application\/ld+json\" class=\"yoast-schema-graph\">{\"@context\":\"https:\/\/schema.org\",\"@graph\":[{\"@type\":\"WebPage\",\"@id\":\"https:\/\/velovitamine.fr\/activites-2\/balades-oenologiques\/\",\"url\":\"https:\/\/velovitamine.fr\/activites-2\/balades-oenologiques\/\",\"name\":\"Activit\u00e9 Balade Oenologique \u00e0 v\u00e9lo & d\u00e9gustation vins\",\"isPartOf\":{\"@id\":\"https:\/\/velovitamine.fr\/#website\"},\"primaryImageOfPage\":{\"@id\":\"https:\/\/velovitamine.fr\/activites-2\/balades-oenologiques\/#primaryimage\"},\"image\":{\"@id\":\"https:\/\/velovitamine.fr\/activites-2\/balades-oenologiques\/#primaryimage\"},\"thumbnailUrl\":\"https:\/\/velovitamine.fr\/wp-content\/uploads\/2017\/04\/Carte-Climats-de-Bourgogne-Balades-Oenologiques-velovitamine.jpg\",\"datePublished\":\"2021-04-07T15:27:14+00:00\",\"dateModified\":\"2026-01-30T14:56:46+00:00\",\"description\":\"Immersion \u00e0 v\u00e9lo au c\u0153ur des parcelles du vignoble de Bourgogne. Balade guid\u00e9e et d\u00e9gustation vins authentique. Activit\u00e9 de groupe, individuel, activit\u00e9s pour tous.\",\"breadcrumb\":{\"@id\":\"https:\/\/velovitamine.fr\/activites-2\/balades-oenologiques\/#breadcrumb\"},\"inLanguage\":\"en-US\",\"potentialAction\":[{\"@type\":\"ReadAction\",\"target\":[\"https:\/\/velovitamine.fr\/activites-2\/balades-oenologiques\/\"]}]},{\"@type\":\"ImageObject\",\"inLanguage\":\"en-US\",\"@id\":\"https:\/\/velovitamine.fr\/activites-2\/balades-oenologiques\/#primaryimage\",\"url\":\"https:\/\/velovitamine.fr\/wp-content\/uploads\/2017\/04\/Carte-Climats-de-Bourgogne-Balades-Oenologiques-velovitamine.jpg\",\"contentUrl\":\"https:\/\/velovitamine.fr\/wp-content\/uploads\/2017\/04\/Carte-Climats-de-Bourgogne-Balades-Oenologiques-velovitamine.jpg\"},{\"@type\":\"BreadcrumbList\",\"@id\":\"https:\/\/velovitamine.fr\/activites-2\/balades-oenologiques\/#breadcrumb\",\"itemListElement\":[{\"@type\":\"ListItem\",\"position\":1,\"name\":\"Accueil\",\"item\":\"https:\/\/velovitamine.fr\/\"},{\"@type\":\"ListItem\",\"position\":2,\"name\":\"Activit\u00e9s\",\"item\":\"https:\/\/velovitamine.fr\/activites-2\/\"},{\"@type\":\"ListItem\",\"position\":3,\"name\":\"Balades \u0153nologiques \u00e0 v\u00e9lo\"}]},{\"@type\":\"WebSite\",\"@id\":\"https:\/\/velovitamine.fr\/#website\",\"url\":\"https:\/\/velovitamine.fr\/\",\"name\":\"Velovitamine.fr\",\"description\":\"The rolling web site...\",\"publisher\":{\"@id\":\"https:\/\/velovitamine.fr\/#organization\"},\"potentialAction\":[{\"@type\":\"SearchAction\",\"target\":{\"@type\":\"EntryPoint\",\"urlTemplate\":\"https:\/\/velovitamine.fr\/?s={search_term_string}\"},\"query-input\":{\"@type\":\"PropertyValueSpecification\",\"valueRequired\":true,\"valueName\":\"search_term_string\"}}],\"inLanguage\":\"en-US\"},{\"@type\":\"Organization\",\"@id\":\"https:\/\/velovitamine.fr\/#organization\",\"name\":\"Velovitamine\",\"url\":\"https:\/\/velovitamine.fr\/\",\"logo\":{\"@type\":\"ImageObject\",\"inLanguage\":\"en-US\",\"@id\":\"https:\/\/velovitamine.fr\/#\/schema\/logo\/image\/\",\"url\":\"https:\/\/velovitamine.fr\/wp-content\/uploads\/2014\/10\/cropped-logo1-e1444671967804.jpg\",\"contentUrl\":\"https:\/\/velovitamine.fr\/wp-content\/uploads\/2014\/10\/cropped-logo1-e1444671967804.jpg\",\"width\":512,\"height\":512,\"caption\":\"Velovitamine\"},\"image\":{\"@id\":\"https:\/\/velovitamine.fr\/#\/schema\/logo\/image\/\"}}]}<\/script>\n<!-- \/ Yoast SEO plugin. -->","yoast_head_json":{"title":"Activit\u00e9 Balade Oenologique \u00e0 v\u00e9lo & d\u00e9gustation vins","description":"Immersion \u00e0 v\u00e9lo au c\u0153ur des parcelles du vignoble de Bourgogne. Balade guid\u00e9e et d\u00e9gustation vins authentique. Activit\u00e9 de groupe, individuel, activit\u00e9s pour tous.","robots":{"index":"index","follow":"follow","max-snippet":"max-snippet:-1","max-image-preview":"max-image-preview:large","max-video-preview":"max-video-preview:-1"},"canonical":"https:\/\/velovitamine.fr\/activites-2\/balades-oenologiques\/","og_locale":"en_US","og_type":"article","og_title":"Activit\u00e9 Balade Oenologique \u00e0 v\u00e9lo & d\u00e9gustation vins","og_description":"Immersion \u00e0 v\u00e9lo au c\u0153ur des parcelles du vignoble de Bourgogne. Balade guid\u00e9e et d\u00e9gustation vins authentique. Activit\u00e9 de groupe, individuel, activit\u00e9s pour tous.","og_url":"https:\/\/velovitamine.fr\/activites-2\/balades-oenologiques\/","og_site_name":"Velovitamine.fr","article_modified_time":"2026-01-30T14:56:46+00:00","og_image":[{"url":"https:\/\/velovitamine.fr\/wp-content\/uploads\/2017\/04\/Carte-Climats-de-Bourgogne-Balades-Oenologiques-velovitamine.jpg","type":"","width":"","height":""}],"twitter_card":"summary_large_image","twitter_misc":{"Est. reading time":"7 minutes"},"schema":{"@context":"https:\/\/schema.org","@graph":[{"@type":"WebPage","@id":"https:\/\/velovitamine.fr\/activites-2\/balades-oenologiques\/","url":"https:\/\/velovitamine.fr\/activites-2\/balades-oenologiques\/","name":"Activit\u00e9 Balade Oenologique \u00e0 v\u00e9lo & d\u00e9gustation vins","isPartOf":{"@id":"https:\/\/velovitamine.fr\/#website"},"primaryImageOfPage":{"@id":"https:\/\/velovitamine.fr\/activites-2\/balades-oenologiques\/#primaryimage"},"image":{"@id":"https:\/\/velovitamine.fr\/activites-2\/balades-oenologiques\/#primaryimage"},"thumbnailUrl":"https:\/\/velovitamine.fr\/wp-content\/uploads\/2017\/04\/Carte-Climats-de-Bourgogne-Balades-Oenologiques-velovitamine.jpg","datePublished":"2021-04-07T15:27:14+00:00","dateModified":"2026-01-30T14:56:46+00:00","description":"Immersion \u00e0 v\u00e9lo au c\u0153ur des parcelles du vignoble de Bourgogne. Balade guid\u00e9e et d\u00e9gustation vins authentique. Activit\u00e9 de groupe, individuel, activit\u00e9s pour tous.","breadcrumb":{"@id":"https:\/\/velovitamine.fr\/activites-2\/balades-oenologiques\/#breadcrumb"},"inLanguage":"en-US","potentialAction":[{"@type":"ReadAction","target":["https:\/\/velovitamine.fr\/activites-2\/balades-oenologiques\/"]}]},{"@type":"ImageObject","inLanguage":"en-US","@id":"https:\/\/velovitamine.fr\/activites-2\/balades-oenologiques\/#primaryimage","url":"https:\/\/velovitamine.fr\/wp-content\/uploads\/2017\/04\/Carte-Climats-de-Bourgogne-Balades-Oenologiques-velovitamine.jpg","contentUrl":"https:\/\/velovitamine.fr\/wp-content\/uploads\/2017\/04\/Carte-Climats-de-Bourgogne-Balades-Oenologiques-velovitamine.jpg"},{"@type":"BreadcrumbList","@id":"https:\/\/velovitamine.fr\/activites-2\/balades-oenologiques\/#breadcrumb","itemListElement":[{"@type":"ListItem","position":1,"name":"Accueil","item":"https:\/\/velovitamine.fr\/"},{"@type":"ListItem","position":2,"name":"Activit\u00e9s","item":"https:\/\/velovitamine.fr\/activites-2\/"},{"@type":"ListItem","position":3,"name":"Balades \u0153nologiques \u00e0 v\u00e9lo"}]},{"@type":"WebSite","@id":"https:\/\/velovitamine.fr\/#website","url":"https:\/\/velovitamine.fr\/","name":"Velovitamine.fr","description":"The rolling web site...","publisher":{"@id":"https:\/\/velovitamine.fr\/#organization"},"potentialAction":[{"@type":"SearchAction","target":{"@type":"EntryPoint","urlTemplate":"https:\/\/velovitamine.fr\/?s={search_term_string}"},"query-input":{"@type":"PropertyValueSpecification","valueRequired":true,"valueName":"search_term_string"}}],"inLanguage":"en-US"},{"@type":"Organization","@id":"https:\/\/velovitamine.fr\/#organization","name":"Velovitamine","url":"https:\/\/velovitamine.fr\/","logo":{"@type":"ImageObject","inLanguage":"en-US","@id":"https:\/\/velovitamine.fr\/#\/schema\/logo\/image\/","url":"https:\/\/velovitamine.fr\/wp-content\/uploads\/2014\/10\/cropped-logo1-e1444671967804.jpg","contentUrl":"https:\/\/velovitamine.fr\/wp-content\/uploads\/2014\/10\/cropped-logo1-e1444671967804.jpg","width":512,"height":512,"caption":"Velovitamine"},"image":{"@id":"https:\/\/velovitamine.fr\/#\/schema\/logo\/image\/"}}]}},"_links":{"self":[{"href":"https:\/\/velovitamine.fr\/en\/wp-json\/wp\/v2\/pages\/257883","targetHints":{"allow":["GET"]}}],"collection":[{"href":"https:\/\/velovitamine.fr\/en\/wp-json\/wp\/v2\/pages"}],"about":[{"href":"https:\/\/velovitamine.fr\/en\/wp-json\/wp\/v2\/types\/page"}],"author":[{"embeddable":true,"href":"https:\/\/velovitamine.fr\/en\/wp-json\/wp\/v2\/users\/2"}],"replies":[{"embeddable":true,"href":"https:\/\/velovitamine.fr\/en\/wp-json\/wp\/v2\/comments?post=257883"}],"version-history":[{"count":188,"href":"https:\/\/velovitamine.fr\/en\/wp-json\/wp\/v2\/pages\/257883\/revisions"}],"predecessor-version":[{"id":260913,"href":"https:\/\/velovitamine.fr\/en\/wp-json\/wp\/v2\/pages\/257883\/revisions\/260913"}],"up":[{"embeddable":true,"href":"https:\/\/velovitamine.fr\/en\/wp-json\/wp\/v2\/pages\/257875"}],"wp:attachment":[{"href":"https:\/\/velovitamine.fr\/en\/wp-json\/wp\/v2\/media?parent=257883"}],"curies":[{"name":"wp","href":"https:\/\/api.w.org\/{rel}","templated":true}]}}