{"id":1985,"date":"2017-02-13T19:57:26","date_gmt":"2017-02-13T17:57:26","guid":{"rendered":"http:\/\/velovitamine.fr\/?page_id=1985"},"modified":"2025-03-31T18:27:40","modified_gmt":"2025-03-31T16:27:40","slug":"reparation-velo","status":"publish","type":"page","link":"https:\/\/velovitamine.fr\/en\/reparation-velo\/","title":{"rendered":"Bike repair"},"content":{"rendered":"<\/p>\r\n\r\n<div class=\"wp-block-spacer\" style=\"height: 100px;\" aria-hidden=\"true\">\u00a0<\/div>\r\n\r\n\r\n\r\n<h2 class=\"wp-block-heading\">Bike repair<\/h2>\r\n\r\n<p>Ludwig is your bike repairer to hybride, mountain bike, electric bike&#8230;<\/p>\r\n<p>Two solutions :\u00a0<\/p>\r\n<ul>\r\n<li>In my workshop at home<\/li>\r\n<li>On the road at your location, home, h\u00f4tel&#8230;\u00a0<\/li>\r\n<\/ul>\r\n\r\n<div class=\"wp-block-spacer\" style=\"height: 100px;\" aria-hidden=\"true\">Please, call me before your visit at +33674597064<\/div>\r\n\r\n<p>&nbsp;<\/p>\r\n\r\n<div class=\"wp-block-spacer\" style=\"height: 100px;\" aria-hidden=\"true\">\u00a0<\/div>\r\n\r\n<p>&nbsp;<\/p>\r\n\r\n<div class=\"wp-block-spacer\" style=\"height: 100px;\" aria-hidden=\"true\">\u00a0<\/div>\r\n\r\n<p>&nbsp;<\/p>\r\n\r\n<div class=\"wp-block-spacer\" style=\"height: 100px;\" aria-hidden=\"true\">\u00a0<\/div>\r\n\r\n<p><\/p>\r\n<div class=\"wp-block-spacer\" style=\"height: 100px;\" aria-hidden=\"true\">\u00a0<\/div>\r\n\r\n\r\n<h2 class=\"wp-block-heading\">Bike repair<\/h2>\r\n\r\n<p>Ludwig is your bike repairer to hybride, mountain bike, electric bike&#8230;<\/p>\r\n<p>Two solutions :\u00a0<\/p>\r\n<ul>\r\n<li>In my workshop at home<\/li>\r\n<li>On the road at your location, home, h\u00f4tel&#8230;\u00a0<\/li>\r\n<\/ul>\r\n\r\n<div class=\"wp-block-spacer\" style=\"height: 100px;\" aria-hidden=\"true\">Please, call me before your visit at +33674597064<\/div>\r\n\r\n<p>&nbsp;<\/p>\r\n\r\n<div class=\"wp-block-spacer\" style=\"height: 100px;\" aria-hidden=\"true\">\u00a0<\/div>\r\n\r\n<p>&nbsp;<\/p>\r\n\r\n<div class=\"wp-block-spacer\" style=\"height: 100px;\" aria-hidden=\"true\">\u00a0<\/div>\r\n\r\n<p>&nbsp;<\/p>\r\n\r\n<div class=\"wp-block-spacer\" style=\"height: 100px;\" aria-hidden=\"true\">\u00a0<\/div>","protected":false},"excerpt":{"rendered":"<p>Bike repair Ludwig is your bike repairer to hybride, mountain bike, electric bike&#8230; Two solutions :\u00a0 In my workshop at home On the road at your location, home, h\u00f4tel&#8230;\u00a0 &nbsp; [&hellip;]<\/p>\n","protected":false},"author":2,"featured_media":0,"parent":0,"menu_order":0,"comment_status":"closed","ping_status":"closed","template":"","meta":{"_monsterinsights_skip_tracking":false,"_monsterinsights_sitenote_active":false,"_monsterinsights_sitenote_note":"","_monsterinsights_sitenote_category":0,"site-sidebar-layout":"default","site-content-layout":"default","ast-site-content-layout":"default","site-content-style":"default","site-sidebar-style":"default","ast-global-header-display":"","ast-banner-title-visibility":"","ast-main-header-display":"","ast-hfb-above-header-display":"","ast-hfb-below-header-display":"","ast-hfb-mobile-header-display":"","site-post-title":"","ast-breadcrumbs-content":"","ast-featured-img":"","footer-sml-layout":"","ast-disable-related-posts":"","theme-transparent-header-meta":"default","adv-header-id-meta":"","stick-header-meta":"","header-above-stick-meta":"","header-main-stick-meta":"","header-below-stick-meta":"","astra-migrate-meta-layouts":"set","ast-page-background-enabled":"default","ast-page-background-meta":{"desktop":{"background-color":"","background-image":"","background-repeat":"repeat","background-position":"center center","background-size":"auto","background-attachment":"scroll","background-type":"","background-media":"","overlay-type":"","overlay-color":"","overlay-opacity":"","overlay-gradient":""},"tablet":{"background-color":"","background-image":"","background-repeat":"repeat","background-position":"center center","background-size":"auto","background-attachment":"scroll","background-type":"","background-media":"","overlay-type":"","overlay-color":"","overlay-opacity":"","overlay-gradient":""},"mobile":{"background-color":"","background-image":"","background-repeat":"repeat","background-position":"center center","background-size":"auto","background-attachment":"scroll","background-type":"","background-media":"","overlay-type":"","overlay-color":"","overlay-opacity":"","overlay-gradient":""}},"ast-content-background-meta":{"desktop":{"background-color":"var(--ast-global-color-5)","background-image":"","background-repeat":"repeat","background-position":"center center","background-size":"auto","background-attachment":"scroll","background-type":"","background-media":"","overlay-type":"","overlay-color":"","overlay-opacity":"","overlay-gradient":""},"tablet":{"background-color":"var(--ast-global-color-5)","background-image":"","background-repeat":"repeat","background-position":"center center","background-size":"auto","background-attachment":"scroll","background-type":"","background-media":"","overlay-type":"","overlay-color":"","overlay-opacity":"","overlay-gradient":""},"mobile":{"background-color":"var(--ast-global-color-5)","background-image":"","background-repeat":"repeat","background-position":"center center","background-size":"auto","background-attachment":"scroll","background-type":"","background-media":"","overlay-type":"","overlay-color":"","overlay-opacity":"","overlay-gradient":""}},"footnotes":""},"class_list":["post-1985","page","type-page","status-publish","hentry"],"yoast_head":"<!-- This site is optimized with the Yoast SEO plugin v27.2 - https:\/\/yoast.com\/product\/yoast-seo-wordpress\/ -->\n<title>R\u00e9paration v\u00e9lo<\/title>\n<meta name=\"description\" content=\"R\u00e9paration v\u00e9lo toute marque, r\u00e9glage frein, vitesses, pneus... VTT, VTC, V\u00e9lo \u00e9lectrique, d\u00e9pannage cycle sur place ou \u00e0 domicile. D\u00e9placement gratuit Vitteaux Sombernon Villy en Auxois\" \/>\n<meta name=\"robots\" content=\"index, follow, max-snippet:-1, max-image-preview:large, max-video-preview:-1\" \/>\n<link rel=\"canonical\" href=\"https:\/\/velovitamine.fr\/reparation-velo\/\" \/>\n<meta property=\"og:locale\" content=\"en_US\" \/>\n<meta property=\"og:type\" content=\"article\" \/>\n<meta property=\"og:title\" content=\"R\u00e9paration v\u00e9lo\" \/>\n<meta property=\"og:description\" content=\"R\u00e9paration v\u00e9lo toute marque, r\u00e9glage frein, vitesses, pneus... VTT, VTC, V\u00e9lo \u00e9lectrique, d\u00e9pannage cycle sur place ou \u00e0 domicile. D\u00e9placement gratuit Vitteaux Sombernon Villy en Auxois\" \/>\n<meta property=\"og:url\" content=\"https:\/\/velovitamine.fr\/reparation-velo\/\" \/>\n<meta property=\"og:site_name\" content=\"Velovitamine.fr\" \/>\n<meta property=\"article:modified_time\" content=\"2025-03-31T16:27:40+00:00\" \/>\n<meta property=\"og:image\" content=\"https:\/\/velovitamine.fr\/wp-content\/uploads\/2015\/12\/IMGP0973-1024x768.jpg\" \/>\n\t<meta property=\"og:image:width\" content=\"1024\" \/>\n\t<meta property=\"og:image:height\" content=\"768\" \/>\n\t<meta property=\"og:image:type\" content=\"image\/jpeg\" \/>\n<meta name=\"twitter:card\" content=\"summary_large_image\" \/>\n<meta name=\"twitter:label1\" content=\"Est. reading time\" \/>\n\t<meta name=\"twitter:data1\" content=\"2 minutes\" \/>\n<script type=\"application\/ld+json\" class=\"yoast-schema-graph\">{\"@context\":\"https:\/\/schema.org\",\"@graph\":[{\"@type\":\"WebPage\",\"@id\":\"https:\/\/velovitamine.fr\/reparation-velo\/\",\"url\":\"https:\/\/velovitamine.fr\/reparation-velo\/\",\"name\":\"R\u00e9paration v\u00e9lo\",\"isPartOf\":{\"@id\":\"https:\/\/velovitamine.fr\/#website\"},\"primaryImageOfPage\":{\"@id\":\"https:\/\/velovitamine.fr\/reparation-velo\/#primaryimage\"},\"image\":{\"@id\":\"https:\/\/velovitamine.fr\/reparation-velo\/#primaryimage\"},\"thumbnailUrl\":\"http:\/\/velovitamine.fr\/wp-content\/uploads\/2015\/12\/IMGP0973-300x225.jpg\",\"datePublished\":\"2017-02-13T17:57:26+00:00\",\"dateModified\":\"2025-03-31T16:27:40+00:00\",\"description\":\"R\u00e9paration v\u00e9lo toute marque, r\u00e9glage frein, vitesses, pneus... VTT, VTC, V\u00e9lo \u00e9lectrique, d\u00e9pannage cycle sur place ou \u00e0 domicile. D\u00e9placement gratuit Vitteaux Sombernon Villy en Auxois\",\"breadcrumb\":{\"@id\":\"https:\/\/velovitamine.fr\/reparation-velo\/#breadcrumb\"},\"inLanguage\":\"en-US\",\"potentialAction\":[{\"@type\":\"ReadAction\",\"target\":[\"https:\/\/velovitamine.fr\/reparation-velo\/\"]}]},{\"@type\":\"ImageObject\",\"inLanguage\":\"en-US\",\"@id\":\"https:\/\/velovitamine.fr\/reparation-velo\/#primaryimage\",\"url\":\"http:\/\/velovitamine.fr\/wp-content\/uploads\/2015\/12\/IMGP0973-300x225.jpg\",\"contentUrl\":\"http:\/\/velovitamine.fr\/wp-content\/uploads\/2015\/12\/IMGP0973-300x225.jpg\"},{\"@type\":\"BreadcrumbList\",\"@id\":\"https:\/\/velovitamine.fr\/reparation-velo\/#breadcrumb\",\"itemListElement\":[{\"@type\":\"ListItem\",\"position\":1,\"name\":\"Accueil\",\"item\":\"https:\/\/velovitamine.fr\/\"},{\"@type\":\"ListItem\",\"position\":2,\"name\":\"R\u00c9PARATION V\u00c9LO\"}]},{\"@type\":\"WebSite\",\"@id\":\"https:\/\/velovitamine.fr\/#website\",\"url\":\"https:\/\/velovitamine.fr\/\",\"name\":\"Velovitamine.fr\",\"description\":\"The rolling web site...\",\"publisher\":{\"@id\":\"https:\/\/velovitamine.fr\/#organization\"},\"potentialAction\":[{\"@type\":\"SearchAction\",\"target\":{\"@type\":\"EntryPoint\",\"urlTemplate\":\"https:\/\/velovitamine.fr\/?s={search_term_string}\"},\"query-input\":{\"@type\":\"PropertyValueSpecification\",\"valueRequired\":true,\"valueName\":\"search_term_string\"}}],\"inLanguage\":\"en-US\"},{\"@type\":\"Organization\",\"@id\":\"https:\/\/velovitamine.fr\/#organization\",\"name\":\"Velovitamine\",\"url\":\"https:\/\/velovitamine.fr\/\",\"logo\":{\"@type\":\"ImageObject\",\"inLanguage\":\"en-US\",\"@id\":\"https:\/\/velovitamine.fr\/#\/schema\/logo\/image\/\",\"url\":\"https:\/\/velovitamine.fr\/wp-content\/uploads\/2014\/10\/cropped-logo1-e1444671967804.jpg\",\"contentUrl\":\"https:\/\/velovitamine.fr\/wp-content\/uploads\/2014\/10\/cropped-logo1-e1444671967804.jpg\",\"width\":512,\"height\":512,\"caption\":\"Velovitamine\"},\"image\":{\"@id\":\"https:\/\/velovitamine.fr\/#\/schema\/logo\/image\/\"}}]}<\/script>\n<!-- \/ Yoast SEO plugin. -->","yoast_head_json":{"title":"R\u00e9paration v\u00e9lo","description":"R\u00e9paration v\u00e9lo toute marque, r\u00e9glage frein, vitesses, pneus... VTT, VTC, V\u00e9lo \u00e9lectrique, d\u00e9pannage cycle sur place ou \u00e0 domicile. D\u00e9placement gratuit Vitteaux Sombernon Villy en Auxois","robots":{"index":"index","follow":"follow","max-snippet":"max-snippet:-1","max-image-preview":"max-image-preview:large","max-video-preview":"max-video-preview:-1"},"canonical":"https:\/\/velovitamine.fr\/reparation-velo\/","og_locale":"en_US","og_type":"article","og_title":"R\u00e9paration v\u00e9lo","og_description":"R\u00e9paration v\u00e9lo toute marque, r\u00e9glage frein, vitesses, pneus... VTT, VTC, V\u00e9lo \u00e9lectrique, d\u00e9pannage cycle sur place ou \u00e0 domicile. D\u00e9placement gratuit Vitteaux Sombernon Villy en Auxois","og_url":"https:\/\/velovitamine.fr\/reparation-velo\/","og_site_name":"Velovitamine.fr","article_modified_time":"2025-03-31T16:27:40+00:00","og_image":[{"width":1024,"height":768,"url":"https:\/\/velovitamine.fr\/wp-content\/uploads\/2015\/12\/IMGP0973-1024x768.jpg","type":"image\/jpeg"}],"twitter_card":"summary_large_image","twitter_misc":{"Est. reading time":"2 minutes"},"schema":{"@context":"https:\/\/schema.org","@graph":[{"@type":"WebPage","@id":"https:\/\/velovitamine.fr\/reparation-velo\/","url":"https:\/\/velovitamine.fr\/reparation-velo\/","name":"R\u00e9paration v\u00e9lo","isPartOf":{"@id":"https:\/\/velovitamine.fr\/#website"},"primaryImageOfPage":{"@id":"https:\/\/velovitamine.fr\/reparation-velo\/#primaryimage"},"image":{"@id":"https:\/\/velovitamine.fr\/reparation-velo\/#primaryimage"},"thumbnailUrl":"http:\/\/velovitamine.fr\/wp-content\/uploads\/2015\/12\/IMGP0973-300x225.jpg","datePublished":"2017-02-13T17:57:26+00:00","dateModified":"2025-03-31T16:27:40+00:00","description":"R\u00e9paration v\u00e9lo toute marque, r\u00e9glage frein, vitesses, pneus... VTT, VTC, V\u00e9lo \u00e9lectrique, d\u00e9pannage cycle sur place ou \u00e0 domicile. D\u00e9placement gratuit Vitteaux Sombernon Villy en Auxois","breadcrumb":{"@id":"https:\/\/velovitamine.fr\/reparation-velo\/#breadcrumb"},"inLanguage":"en-US","potentialAction":[{"@type":"ReadAction","target":["https:\/\/velovitamine.fr\/reparation-velo\/"]}]},{"@type":"ImageObject","inLanguage":"en-US","@id":"https:\/\/velovitamine.fr\/reparation-velo\/#primaryimage","url":"http:\/\/velovitamine.fr\/wp-content\/uploads\/2015\/12\/IMGP0973-300x225.jpg","contentUrl":"http:\/\/velovitamine.fr\/wp-content\/uploads\/2015\/12\/IMGP0973-300x225.jpg"},{"@type":"BreadcrumbList","@id":"https:\/\/velovitamine.fr\/reparation-velo\/#breadcrumb","itemListElement":[{"@type":"ListItem","position":1,"name":"Accueil","item":"https:\/\/velovitamine.fr\/"},{"@type":"ListItem","position":2,"name":"R\u00c9PARATION V\u00c9LO"}]},{"@type":"WebSite","@id":"https:\/\/velovitamine.fr\/#website","url":"https:\/\/velovitamine.fr\/","name":"Velovitamine.fr","description":"The rolling web site...","publisher":{"@id":"https:\/\/velovitamine.fr\/#organization"},"potentialAction":[{"@type":"SearchAction","target":{"@type":"EntryPoint","urlTemplate":"https:\/\/velovitamine.fr\/?s={search_term_string}"},"query-input":{"@type":"PropertyValueSpecification","valueRequired":true,"valueName":"search_term_string"}}],"inLanguage":"en-US"},{"@type":"Organization","@id":"https:\/\/velovitamine.fr\/#organization","name":"Velovitamine","url":"https:\/\/velovitamine.fr\/","logo":{"@type":"ImageObject","inLanguage":"en-US","@id":"https:\/\/velovitamine.fr\/#\/schema\/logo\/image\/","url":"https:\/\/velovitamine.fr\/wp-content\/uploads\/2014\/10\/cropped-logo1-e1444671967804.jpg","contentUrl":"https:\/\/velovitamine.fr\/wp-content\/uploads\/2014\/10\/cropped-logo1-e1444671967804.jpg","width":512,"height":512,"caption":"Velovitamine"},"image":{"@id":"https:\/\/velovitamine.fr\/#\/schema\/logo\/image\/"}}]}},"_links":{"self":[{"href":"https:\/\/velovitamine.fr\/en\/wp-json\/wp\/v2\/pages\/1985","targetHints":{"allow":["GET"]}}],"collection":[{"href":"https:\/\/velovitamine.fr\/en\/wp-json\/wp\/v2\/pages"}],"about":[{"href":"https:\/\/velovitamine.fr\/en\/wp-json\/wp\/v2\/types\/page"}],"author":[{"embeddable":true,"href":"https:\/\/velovitamine.fr\/en\/wp-json\/wp\/v2\/users\/2"}],"replies":[{"embeddable":true,"href":"https:\/\/velovitamine.fr\/en\/wp-json\/wp\/v2\/comments?post=1985"}],"version-history":[{"count":33,"href":"https:\/\/velovitamine.fr\/en\/wp-json\/wp\/v2\/pages\/1985\/revisions"}],"predecessor-version":[{"id":260377,"href":"https:\/\/velovitamine.fr\/en\/wp-json\/wp\/v2\/pages\/1985\/revisions\/260377"}],"wp:attachment":[{"href":"https:\/\/velovitamine.fr\/en\/wp-json\/wp\/v2\/media?parent=1985"}],"curies":[{"name":"wp","href":"https:\/\/api.w.org\/{rel}","templated":true}]}}